{"id":6564,"date":"2017-11-13T10:43:44","date_gmt":"2017-11-13T12:43:44","guid":{"rendered":"http:\/\/totallubri.com.br\/?post_type=product&#038;p=6564"},"modified":"2024-12-02T11:15:46","modified_gmt":"2024-12-02T14:15:46","slug":"propulsora-pneumatica-para-graxa-6114-flexbimec","status":"publish","type":"product","link":"https:\/\/totallubri.com.br\/?product=propulsora-pneumatica-para-graxa-6114-flexbimec","title":{"rendered":"PROPULSORA PNEUM\u00c1TICA PARA GRAXA &#8211; 6114 &#8211; FLEXBIMEC"},"content":{"rendered":"<h1><small>Cod: 6114<\/small><\/h1>\n<p class=\"lead\">&#8211; Em Alum\u00ednio<br \/>\n&#8211; Press\u00e3o de Trabalho de 30 a 115 PSI &#8211; 2 a 8 Bar<br \/>\n&#8211; Press\u00e3o de Sa\u00edda de Graxa de 1500 a 5750 PSI &#8211; 240 a 396 Bar<br \/>\n&#8211; Entrada de Ar 1\/2&#8243; BSP<br \/>\n&#8211; Sa\u00edda de Graxa 1 1\/4&#8243; BSP<br \/>\n&#8211; N\u00e3o Acompanha Lubrifil<\/p>\n","protected":false},"excerpt":{"rendered":"<p>Cod: 6114 &#8211; Em Alum\u00ednio &#8211; Press\u00e3o de Trabalho de 30 a 115 PSI &#8211; 2 a 8 Bar &#8211; Press\u00e3o de Sa\u00edda de Graxa de 1500 a 5750 PSI &#8211; 240 a 396 Bar &#8211; Entrada de Ar 1\/2&#8243; BSP &#8211; Sa\u00edda de Graxa 1 1\/4&#8243; BSP &#8211; N\u00e3o Acompanha Lubrifil<\/p>\n","protected":false},"featured_media":6565,"comment_status":"open","ping_status":"closed","template":"","meta":{"_exactmetrics_skip_tracking":false,"_exactmetrics_sitenote_active":false,"_exactmetrics_sitenote_note":"","_exactmetrics_sitenote_category":0},"product_brand":[],"product_cat":[111],"product_tag":[],"class_list":{"0":"post-6564","1":"product","2":"type-product","3":"status-publish","4":"has-post-thumbnail","6":"product_cat-propulsora-pneumatica-para-graxa","8":"first","9":"instock","10":"shipping-taxable","11":"product-type-simple"},"_links":{"self":[{"href":"https:\/\/totallubri.com.br\/index.php?rest_route=\/wp\/v2\/product\/6564","targetHints":{"allow":["GET"]}}],"collection":[{"href":"https:\/\/totallubri.com.br\/index.php?rest_route=\/wp\/v2\/product"}],"about":[{"href":"https:\/\/totallubri.com.br\/index.php?rest_route=\/wp\/v2\/types\/product"}],"replies":[{"embeddable":true,"href":"https:\/\/totallubri.com.br\/index.php?rest_route=%2Fwp%2Fv2%2Fcomments&post=6564"}],"wp:featuredmedia":[{"embeddable":true,"href":"https:\/\/totallubri.com.br\/index.php?rest_route=\/wp\/v2\/media\/6565"}],"wp:attachment":[{"href":"https:\/\/totallubri.com.br\/index.php?rest_route=%2Fwp%2Fv2%2Fmedia&parent=6564"}],"wp:term":[{"taxonomy":"product_brand","embeddable":true,"href":"https:\/\/totallubri.com.br\/index.php?rest_route=%2Fwp%2Fv2%2Fproduct_brand&post=6564"},{"taxonomy":"product_cat","embeddable":true,"href":"https:\/\/totallubri.com.br\/index.php?rest_route=%2Fwp%2Fv2%2Fproduct_cat&post=6564"},{"taxonomy":"product_tag","embeddable":true,"href":"https:\/\/totallubri.com.br\/index.php?rest_route=%2Fwp%2Fv2%2Fproduct_tag&post=6564"}],"curies":[{"name":"wp","href":"https:\/\/api.w.org\/{rel}","templated":true}]}}