{"id":6606,"date":"2017-11-14T11:48:13","date_gmt":"2017-11-14T13:48:13","guid":{"rendered":"http:\/\/totallubri.com.br\/?post_type=product&#038;p=6606"},"modified":"2024-12-02T10:24:32","modified_gmt":"2024-12-02T13:24:32","slug":"propulsora-pneumatica-oleo-7015-flexbimec","status":"publish","type":"product","link":"https:\/\/totallubri.com.br\/?product=propulsora-pneumatica-oleo-7015-flexbimec","title":{"rendered":"PROPULSORA PNEUM\u00c1TICA \u00d3LEO &#8211; 7015 &#8211; FLEXBIMEC"},"content":{"rendered":"<h1>\u00a0\u00a0<small>Cod: 7015<\/small><\/h1>\n<p class=\"lead\">&#8211; Em Alum\u00ednio<br \/>\n&#8211; Para \u00d3leo Lubrificante at\u00e9 SAE 140<br \/>\n&#8211; Press\u00e3o de Trabalho de 58 a 115 PSI &#8211; 4 a 8 Bar<br \/>\n&#8211; Entrada de Ar 1\/4&#8243; BSP<br \/>\n&#8211; Sa\u00edda de \u00d3leo 1\/2&#8243; BSP<br \/>\n&#8211; Press\u00e3o de Sa\u00edda de \u00d3leo de 290 a 575 PSI &#8211; 20 a 40 Bar<br \/>\n&#8211; N\u00e3o Acompanha Lubrifil<\/p>\n","protected":false},"excerpt":{"rendered":"<p>\u00a0\u00a0Cod: 7015 &#8211; Em Alum\u00ednio &#8211; Para \u00d3leo Lubrificante at\u00e9 SAE 140 &#8211; Press\u00e3o de Trabalho de 58 a 115 PSI &#8211; 4 a 8 Bar &#8211; Entrada de Ar 1\/4&#8243; BSP &#8211; Sa\u00edda de \u00d3leo 1\/2&#8243; BSP &#8211; Press\u00e3o de Sa\u00edda de \u00d3leo de 290 a 575 PSI &#8211; 20 a 40 Bar &#8211; [&hellip;]<\/p>\n","protected":false},"featured_media":6608,"comment_status":"open","ping_status":"closed","template":"","meta":{"_exactmetrics_skip_tracking":false,"_exactmetrics_sitenote_active":false,"_exactmetrics_sitenote_note":"","_exactmetrics_sitenote_category":0},"product_brand":[],"product_cat":[110],"product_tag":[],"class_list":{"0":"post-6606","1":"product","2":"type-product","3":"status-publish","4":"has-post-thumbnail","6":"product_cat-propulsora-pneumatica-para-oleo","8":"first","9":"instock","10":"shipping-taxable","11":"product-type-simple"},"_links":{"self":[{"href":"https:\/\/totallubri.com.br\/index.php?rest_route=\/wp\/v2\/product\/6606","targetHints":{"allow":["GET"]}}],"collection":[{"href":"https:\/\/totallubri.com.br\/index.php?rest_route=\/wp\/v2\/product"}],"about":[{"href":"https:\/\/totallubri.com.br\/index.php?rest_route=\/wp\/v2\/types\/product"}],"replies":[{"embeddable":true,"href":"https:\/\/totallubri.com.br\/index.php?rest_route=%2Fwp%2Fv2%2Fcomments&post=6606"}],"wp:featuredmedia":[{"embeddable":true,"href":"https:\/\/totallubri.com.br\/index.php?rest_route=\/wp\/v2\/media\/6608"}],"wp:attachment":[{"href":"https:\/\/totallubri.com.br\/index.php?rest_route=%2Fwp%2Fv2%2Fmedia&parent=6606"}],"wp:term":[{"taxonomy":"product_brand","embeddable":true,"href":"https:\/\/totallubri.com.br\/index.php?rest_route=%2Fwp%2Fv2%2Fproduct_brand&post=6606"},{"taxonomy":"product_cat","embeddable":true,"href":"https:\/\/totallubri.com.br\/index.php?rest_route=%2Fwp%2Fv2%2Fproduct_cat&post=6606"},{"taxonomy":"product_tag","embeddable":true,"href":"https:\/\/totallubri.com.br\/index.php?rest_route=%2Fwp%2Fv2%2Fproduct_tag&post=6606"}],"curies":[{"name":"wp","href":"https:\/\/api.w.org\/{rel}","templated":true}]}}