{"id":6630,"date":"2017-11-16T13:30:40","date_gmt":"2017-11-16T15:30:40","guid":{"rendered":"http:\/\/totallubri.com.br\/?post_type=product&#038;p=6630"},"modified":"2025-01-05T11:05:32","modified_gmt":"2025-01-05T14:05:32","slug":"unidade-movel-pneumatica-para-graxa-200kg-flexbimec","status":"publish","type":"product","link":"https:\/\/totallubri.com.br\/?product=unidade-movel-pneumatica-para-graxa-200kg-flexbimec","title":{"rendered":"UNIDADE M\u00d3VEL PNEUM\u00c1TICA PARA GRAXA &#8211; 200KG &#8211; FLEXBIMEC"},"content":{"rendered":"<h1><small>Cod:\u00a0 7809<\/small><\/h1>\n<p class=\"lead\">&#8211; Em Alum\u00ednio\/A\u00e7o<br \/>\n&#8211; Press\u00e3o de Trabalho de 45 a 115 PSI &#8211; 3 a 8 Bar<br \/>\n&#8211; Press\u00e3o de Sa\u00edda de Graxa de 2200 a 5750 PSI &#8211; 150 a 396 Bar<\/p>\n<p>Acompanha:<br \/>\n&#8211; Lubrifil, Tampa, Disco Seguidor, Conex\u00e3o Z Girat\u00f3ria, V\u00e1lvula Controle de Graxa, Mangueira 1\/4&#8243; e Carrinho para Tambor<\/p>\n","protected":false},"excerpt":{"rendered":"<p>Cod:\u00a0 7809 &#8211; Em Alum\u00ednio\/A\u00e7o &#8211; Press\u00e3o de Trabalho de 45 a 115 PSI &#8211; 3 a 8 Bar &#8211; Press\u00e3o de Sa\u00edda de Graxa de 2200 a 5750 PSI &#8211; 150 a 396 Bar Acompanha: &#8211; Lubrifil, Tampa, Disco Seguidor, Conex\u00e3o Z Girat\u00f3ria, V\u00e1lvula Controle de Graxa, Mangueira 1\/4&#8243; e Carrinho para Tambor<\/p>\n","protected":false},"featured_media":6631,"comment_status":"open","ping_status":"closed","template":"","meta":{"_exactmetrics_skip_tracking":false,"_exactmetrics_sitenote_active":false,"_exactmetrics_sitenote_note":"","_exactmetrics_sitenote_category":0},"product_brand":[],"product_cat":[116],"product_tag":[],"class_list":{"0":"post-6630","1":"product","2":"type-product","3":"status-publish","4":"has-post-thumbnail","6":"product_cat-unidade-movel","8":"first","9":"instock","10":"shipping-taxable","11":"product-type-simple"},"_links":{"self":[{"href":"https:\/\/totallubri.com.br\/index.php?rest_route=\/wp\/v2\/product\/6630","targetHints":{"allow":["GET"]}}],"collection":[{"href":"https:\/\/totallubri.com.br\/index.php?rest_route=\/wp\/v2\/product"}],"about":[{"href":"https:\/\/totallubri.com.br\/index.php?rest_route=\/wp\/v2\/types\/product"}],"replies":[{"embeddable":true,"href":"https:\/\/totallubri.com.br\/index.php?rest_route=%2Fwp%2Fv2%2Fcomments&post=6630"}],"wp:featuredmedia":[{"embeddable":true,"href":"https:\/\/totallubri.com.br\/index.php?rest_route=\/wp\/v2\/media\/6631"}],"wp:attachment":[{"href":"https:\/\/totallubri.com.br\/index.php?rest_route=%2Fwp%2Fv2%2Fmedia&parent=6630"}],"wp:term":[{"taxonomy":"product_brand","embeddable":true,"href":"https:\/\/totallubri.com.br\/index.php?rest_route=%2Fwp%2Fv2%2Fproduct_brand&post=6630"},{"taxonomy":"product_cat","embeddable":true,"href":"https:\/\/totallubri.com.br\/index.php?rest_route=%2Fwp%2Fv2%2Fproduct_cat&post=6630"},{"taxonomy":"product_tag","embeddable":true,"href":"https:\/\/totallubri.com.br\/index.php?rest_route=%2Fwp%2Fv2%2Fproduct_tag&post=6630"}],"curies":[{"name":"wp","href":"https:\/\/api.w.org\/{rel}","templated":true}]}}