{"id":6642,"date":"2017-11-17T14:26:22","date_gmt":"2017-11-17T16:26:22","guid":{"rendered":"http:\/\/totallubri.com.br\/?post_type=product&#038;p=6642"},"modified":"2024-12-09T11:53:32","modified_gmt":"2024-12-09T14:53:32","slug":"unidade-movel-eletrica-para-oleo-8321-groz","status":"publish","type":"product","link":"https:\/\/totallubri.com.br\/?product=unidade-movel-eletrica-para-oleo-8321-groz","title":{"rendered":"UNIDADE M\u00d3VEL EL\u00c9TRICA PARA \u00d3LEO- 8321-GROZ -BOZZA"},"content":{"rendered":"<h1><small>Cod: 8321<\/small><\/h1>\n<p class=\"lead\">&#8211; Em A\u00e7o<br \/>\n&#8211; Para \u00d3leo Lubrificante at\u00e9 SAE 90<br \/>\n&#8211; Pot\u00eancia 1 HP<br \/>\n&#8211; N\u00e3o Acompanha Tambor<\/p>\n<p>Acompanha:<br \/>\n&#8211; Carrinho para Tambor, Mangueira 1\/2&#8243;, V\u00e1lvula Antirretorno, Medidor<br \/>\nDigital e Cano de Suc\u00e7\u00e3o<\/p>\n","protected":false},"excerpt":{"rendered":"<p>Cod: 8321 &#8211; Em A\u00e7o &#8211; Para \u00d3leo Lubrificante at\u00e9 SAE 90 &#8211; Pot\u00eancia 1 HP &#8211; N\u00e3o Acompanha Tambor Acompanha: &#8211; Carrinho para Tambor, Mangueira 1\/2&#8243;, V\u00e1lvula Antirretorno, Medidor Digital e Cano de Suc\u00e7\u00e3o<\/p>\n","protected":false},"featured_media":6643,"comment_status":"open","ping_status":"closed","template":"","meta":{"_exactmetrics_skip_tracking":false,"_exactmetrics_sitenote_active":false,"_exactmetrics_sitenote_note":"","_exactmetrics_sitenote_category":0},"product_brand":[],"product_cat":[116],"product_tag":[],"class_list":{"0":"post-6642","1":"product","2":"type-product","3":"status-publish","4":"has-post-thumbnail","6":"product_cat-unidade-movel","8":"first","9":"instock","10":"shipping-taxable","11":"product-type-simple"},"_links":{"self":[{"href":"https:\/\/totallubri.com.br\/index.php?rest_route=\/wp\/v2\/product\/6642","targetHints":{"allow":["GET"]}}],"collection":[{"href":"https:\/\/totallubri.com.br\/index.php?rest_route=\/wp\/v2\/product"}],"about":[{"href":"https:\/\/totallubri.com.br\/index.php?rest_route=\/wp\/v2\/types\/product"}],"replies":[{"embeddable":true,"href":"https:\/\/totallubri.com.br\/index.php?rest_route=%2Fwp%2Fv2%2Fcomments&post=6642"}],"wp:featuredmedia":[{"embeddable":true,"href":"https:\/\/totallubri.com.br\/index.php?rest_route=\/wp\/v2\/media\/6643"}],"wp:attachment":[{"href":"https:\/\/totallubri.com.br\/index.php?rest_route=%2Fwp%2Fv2%2Fmedia&parent=6642"}],"wp:term":[{"taxonomy":"product_brand","embeddable":true,"href":"https:\/\/totallubri.com.br\/index.php?rest_route=%2Fwp%2Fv2%2Fproduct_brand&post=6642"},{"taxonomy":"product_cat","embeddable":true,"href":"https:\/\/totallubri.com.br\/index.php?rest_route=%2Fwp%2Fv2%2Fproduct_cat&post=6642"},{"taxonomy":"product_tag","embeddable":true,"href":"https:\/\/totallubri.com.br\/index.php?rest_route=%2Fwp%2Fv2%2Fproduct_tag&post=6642"}],"curies":[{"name":"wp","href":"https:\/\/api.w.org\/{rel}","templated":true}]}}