{"id":6648,"date":"2017-11-17T14:55:29","date_gmt":"2017-11-17T16:55:29","guid":{"rendered":"http:\/\/totallubri.com.br\/?post_type=product&#038;p=6648"},"modified":"2024-12-02T10:44:10","modified_gmt":"2024-12-02T13:44:10","slug":"propulsora-pneumatica-oleo-8398-flexbimec","status":"publish","type":"product","link":"https:\/\/totallubri.com.br\/?product=propulsora-pneumatica-oleo-8398-flexbimec","title":{"rendered":"PROPULSORA PNEUM\u00c1TICA \u00d3LEO &#8211; 8398 &#8211; FLEXBIMEC"},"content":{"rendered":"<h1><small>Cod: 8398<\/small><\/h1>\n<p class=\"lead\">&#8211; Em Alum\u00ednio<br \/>\n&#8211; Para \u00d3leo com Viscosidade Quase S\u00f3lida<br \/>\n&#8211; Press\u00e3o de Trabalho de 30 a 115 PSI &#8211; 5 a 8 Bar<br \/>\n&#8211; Press\u00e3o de Sa\u00edda de \u00d3leo de 300 a 1150 PSI &#8211; 20 a 80 Bar<br \/>\n&#8211; Entrada de Ar de 1\/2&#8243; BSP<br \/>\n&#8211; Sa\u00edda de \u00d3leo de 1&#8243; BSP<br \/>\n&#8211; N\u00e3o Acompanha Lubrifil<\/p>\n","protected":false},"excerpt":{"rendered":"<p>Cod: 8398 &#8211; Em Alum\u00ednio &#8211; Para \u00d3leo com Viscosidade Quase S\u00f3lida &#8211; Press\u00e3o de Trabalho de 30 a 115 PSI &#8211; 5 a 8 Bar &#8211; Press\u00e3o de Sa\u00edda de \u00d3leo de 300 a 1150 PSI &#8211; 20 a 80 Bar &#8211; Entrada de Ar de 1\/2&#8243; BSP &#8211; Sa\u00edda de \u00d3leo de 1&#8243; [&hellip;]<\/p>\n","protected":false},"featured_media":6649,"comment_status":"open","ping_status":"closed","template":"","meta":{"_exactmetrics_skip_tracking":false,"_exactmetrics_sitenote_active":false,"_exactmetrics_sitenote_note":"","_exactmetrics_sitenote_category":0},"product_brand":[],"product_cat":[110],"product_tag":[],"class_list":{"0":"post-6648","1":"product","2":"type-product","3":"status-publish","4":"has-post-thumbnail","6":"product_cat-propulsora-pneumatica-para-oleo","8":"first","9":"instock","10":"shipping-taxable","11":"product-type-simple"},"_links":{"self":[{"href":"https:\/\/totallubri.com.br\/index.php?rest_route=\/wp\/v2\/product\/6648","targetHints":{"allow":["GET"]}}],"collection":[{"href":"https:\/\/totallubri.com.br\/index.php?rest_route=\/wp\/v2\/product"}],"about":[{"href":"https:\/\/totallubri.com.br\/index.php?rest_route=\/wp\/v2\/types\/product"}],"replies":[{"embeddable":true,"href":"https:\/\/totallubri.com.br\/index.php?rest_route=%2Fwp%2Fv2%2Fcomments&post=6648"}],"wp:featuredmedia":[{"embeddable":true,"href":"https:\/\/totallubri.com.br\/index.php?rest_route=\/wp\/v2\/media\/6649"}],"wp:attachment":[{"href":"https:\/\/totallubri.com.br\/index.php?rest_route=%2Fwp%2Fv2%2Fmedia&parent=6648"}],"wp:term":[{"taxonomy":"product_brand","embeddable":true,"href":"https:\/\/totallubri.com.br\/index.php?rest_route=%2Fwp%2Fv2%2Fproduct_brand&post=6648"},{"taxonomy":"product_cat","embeddable":true,"href":"https:\/\/totallubri.com.br\/index.php?rest_route=%2Fwp%2Fv2%2Fproduct_cat&post=6648"},{"taxonomy":"product_tag","embeddable":true,"href":"https:\/\/totallubri.com.br\/index.php?rest_route=%2Fwp%2Fv2%2Fproduct_tag&post=6648"}],"curies":[{"name":"wp","href":"https:\/\/api.w.org\/{rel}","templated":true}]}}