{"id":6723,"date":"2018-02-22T17:29:37","date_gmt":"2018-02-22T20:29:37","guid":{"rendered":"http:\/\/totallubri.com.br\/?product=propulsora-pneumatica-para-graxa-bozza-11015-g4-strike-system"},"modified":"2024-12-02T09:55:19","modified_gmt":"2024-12-02T12:55:19","slug":"propulsora-pneumatica-para-graxa-bozza-11015-g4-strike-system","status":"publish","type":"product","link":"https:\/\/totallubri.com.br\/?product=propulsora-pneumatica-para-graxa-bozza-11015-g4-strike-system","title":{"rendered":"Propulsora Pneum\u00e1tica para Graxa -11015-G4 \u2013 STRIKE SYSTEM-BOZZA"},"content":{"rendered":"<p>Equipamento com excelente custo benef\u00edcio nesta categoria, marca lider de mercado, e grande estoque de pe\u00e7as para reposi\u00e7\u00e3o em caso de assist\u00eancia t\u00e9cnica, temos o melhor p\u00f3s vendas do Brasil conhe\u00e7a e comprove.<br \/>\nwww.totallubri.com.br<\/p>\n<p>Indicada para lubrifica\u00e7\u00e3o com graxa em m\u00e1quinas e equipamentos fixos que n\u00e3o podem ser removidos do seu local de trabalho, como moendas, redutores, tornos, teares, prensas, motores e engrenagens em geral.<\/p>\n<p>Caracter\u00edsticas<\/p>\n<p>| Propulsora pneum\u00e1tica para graxa m\u00f3vel com 2 rodas<br \/>\n| Filtro regulador de ar (mod. FL2000)<br \/>\n| Bloco do motor em alum\u00ednio anodizado<br \/>\n| Mangueira de 3 m \/ 118,11\u201d (mod. 5680-3)<br \/>\n| Conex\u00e3o girat\u00f3ria em Z (mod. 7302)<br \/>\n| Compactador de graxa (mod. 8063-B)<br \/>\n| Mola do compactador (mod. 8063-C)<br \/>\n| V\u00e1lvula de controle de graxa (mod. 5040)<br \/>\n| Condutor de ar met\u00e1lico e conjunto silenciador<br \/>\n| Filtro interno no sistema de suc\u00e7\u00e3o<br \/>\n| Largura x Altura: 300 mm\/11,81\u201d x 800 mm\/31,5\u201d | Peso l\u00edquido: 10,80 Kg\/23,8 lb | Peso Bruto: 11,62 Kg\/25,62 lb<br \/>\n| Total de caixas: 1 | C=320 mm x L=320 mm x A=750 mm<\/p>\n<p>Dados T\u00e9cnicos<\/p>\n<p>| Recipiente de Aplica\u00e7\u00e3o 14Kg \/ 30,86lb<br \/>\n| Vaz\u00e3o livre 1580 gramas\/min<br \/>\n| Rateio 60 : 1<br \/>\n| Entrada de ar \u00bc\u201d Rosca NPT<br \/>\n| Sa\u00edda de Produto 1\/2\u201d Rosca NPT<br \/>\n| Press\u00e3o de Trabalho 80-100 PSI (5,5-6,9 BAR)<br \/>\n| Press\u00e3o de Sa\u00edda 4800-6000 PSI (331-413 BAR)<br \/>\n| Consumo de ar 10,0 p\u00e9s\u00b3\/min.<br \/>\n| Volume 0,08 m3 (77 litros)<\/p>\n<p>Itens Opcionais<\/p>\n<p>| Medidor digital (mod. BZ-2000)<br \/>\n| Mangueira de 6 metros (mod. 5680-6)<br \/>\n| Mangueira de 10 metros (mod. 5680-10)<br \/>\n| Mangueira de 15 metros (mod. 5680-15)<br \/>\n| Mangueira de 20 metros (mod. 5680-20)<\/p>\n<p>Obs.: Os resultados apresentados foram obtidos de bombas com vaz\u00e3o livre. Lubrificantes utilizados: Graxa de consist\u00eancia grau 2 NLGI. Temperatura ambiente. Outra consist\u00eancia de graxa, sob consulta.<\/p>\n","protected":false},"excerpt":{"rendered":"<p>Equipamento com excelente custo benef\u00edcio nesta categoria, marca lider de mercado, e grande estoque de pe\u00e7as para reposi\u00e7\u00e3o em caso de assist\u00eancia t\u00e9cnica, temos o melhor p\u00f3s vendas do Brasil conhe\u00e7a e comprove. www.totallubri.com.br Indicada para lubrifica\u00e7\u00e3o com graxa em m\u00e1quinas e equipamentos fixos que n\u00e3o podem ser removidos do seu local de trabalho, como [&hellip;]<\/p>\n","protected":false},"featured_media":6724,"comment_status":"open","ping_status":"closed","template":"","meta":{"_exactmetrics_skip_tracking":false,"_exactmetrics_sitenote_active":false,"_exactmetrics_sitenote_note":"","_exactmetrics_sitenote_category":0},"product_brand":[],"product_cat":[111],"product_tag":[],"class_list":{"0":"post-6723","1":"product","2":"type-product","3":"status-publish","4":"has-post-thumbnail","6":"product_cat-propulsora-pneumatica-para-graxa","8":"first","9":"instock","10":"shipping-taxable","11":"product-type-simple"},"_links":{"self":[{"href":"https:\/\/totallubri.com.br\/index.php?rest_route=\/wp\/v2\/product\/6723","targetHints":{"allow":["GET"]}}],"collection":[{"href":"https:\/\/totallubri.com.br\/index.php?rest_route=\/wp\/v2\/product"}],"about":[{"href":"https:\/\/totallubri.com.br\/index.php?rest_route=\/wp\/v2\/types\/product"}],"replies":[{"embeddable":true,"href":"https:\/\/totallubri.com.br\/index.php?rest_route=%2Fwp%2Fv2%2Fcomments&post=6723"}],"wp:featuredmedia":[{"embeddable":true,"href":"https:\/\/totallubri.com.br\/index.php?rest_route=\/wp\/v2\/media\/6724"}],"wp:attachment":[{"href":"https:\/\/totallubri.com.br\/index.php?rest_route=%2Fwp%2Fv2%2Fmedia&parent=6723"}],"wp:term":[{"taxonomy":"product_brand","embeddable":true,"href":"https:\/\/totallubri.com.br\/index.php?rest_route=%2Fwp%2Fv2%2Fproduct_brand&post=6723"},{"taxonomy":"product_cat","embeddable":true,"href":"https:\/\/totallubri.com.br\/index.php?rest_route=%2Fwp%2Fv2%2Fproduct_cat&post=6723"},{"taxonomy":"product_tag","embeddable":true,"href":"https:\/\/totallubri.com.br\/index.php?rest_route=%2Fwp%2Fv2%2Fproduct_tag&post=6723"}],"curies":[{"name":"wp","href":"https:\/\/api.w.org\/{rel}","templated":true}]}}