{"id":6741,"date":"2018-02-23T16:32:15","date_gmt":"2018-02-23T19:32:15","guid":{"rendered":"http:\/\/totallubri.com.br\/?product=propulsora-pneumatica-para-oleo-11021-e-g4-bozza"},"modified":"2024-12-02T09:46:13","modified_gmt":"2024-12-02T12:46:13","slug":"propulsora-pneumatica-para-oleo-11021-e-g4-bozza","status":"publish","type":"product","link":"https:\/\/totallubri.com.br\/?product=propulsora-pneumatica-para-oleo-11021-e-g4-bozza","title":{"rendered":"Propulsora Pneum\u00e1tica para \u00d3leo &#8211; 11021-E-G4 &#8211; Bozza"},"content":{"rendered":"<p><strong>Caracter\u00edsticas<\/strong><\/p>\n<div>| Propulsora pneum\u00e1tica para \u00f3leo com carrinho<\/div>\n<div>| Reservat\u00f3rio de 50 litros (mod.4021)<\/div>\n<div>| Filtro Regulador de Press\u00e3o de 1\/4\u201d (mod. FL2000)<\/div>\n<div>| Bloco do motor em alum\u00ednio anodizado<\/div>\n<div>| Mangueira de 3 m \/ 118,1\u201d (mod. 5690-3)<\/div>\n<div>|\u00a0Medidor Digital\u00a0(mod. B-900)<\/div>\n<div>| Condutor de ar met\u00e1lico e conjunto silenciador<\/div>\n<div>| Largura x Altura (com carrinho): 460 mm\/18,1\u201d x 985 mm\/38,8\u201d | Peso l\u00edquido: 19,5 kg\/43,0 lb | Peso Bruto: 21,5 kg\/47,4 lb<\/div>\n<div>| Total de caixas: 1 | C=530 mm x L=440 mm x A=930 mm<\/div>\n<div><\/div>\n<div><strong>Dados T\u00e9cnicos<\/strong><\/div>\n<div><\/div>\n<div>| Recipiente de Aplica\u00e7\u00e3o 50 L<\/div>\n<div>| Vaz\u00e3o livre 25 L\/min<\/div>\n<div>| Rateio 3 : 1<\/div>\n<div>| Entrada de ar \u00bc\u201d Rosca NPT<\/div>\n<div>| Sa\u00edda de Produto \u00bd\u201d Rosca NPT<\/div>\n<div>| Press\u00e3o de Trabalho 80-100 PSI (5,5-6,9 BAR)<\/div>\n<div>| Press\u00e3o de Sa\u00edda 240-300 PSI (16,5-20,6 BAR)<\/div>\n<div>| Consumo de ar 10,0 p\u00e9s\u00b3\/min.<\/div>\n<div>| Volume 0,22 m3 (217 litros)<\/div>\n<div><\/div>\n<div><strong>Itens Opcionais<\/strong><\/div>\n<div>| V\u00e1lvula de controle (mod. 5031-New)<\/div>\n<div>| Medidor digital Presset\u00e1vel (mod. BP-3000C)<\/div>\n<div>| Mangueira de 6 metros (mod. 5690-6)<\/div>\n<div>| Mangueira de 10 metros (mod. 5690-10)<\/div>\n<div>| Mangueira de 15 metros (mod. 5680-15)<br \/>\n| Mangueira de 20 metros (mod. 5680-20)<\/div>\n<p><em>Obs.: Os resultados apresentados foram obtidos de bombas com vaz\u00e3o livre. Lubrificantes utilizados: \u00d3leo SAE-30. Temperatura ambiente.<\/em><\/p>\n","protected":false},"excerpt":{"rendered":"<p>Caracter\u00edsticas | Propulsora pneum\u00e1tica para \u00f3leo com carrinho | Reservat\u00f3rio de 50 litros (mod.4021) | Filtro Regulador de Press\u00e3o de 1\/4\u201d (mod. FL2000) | Bloco do motor em alum\u00ednio anodizado | Mangueira de 3 m \/ 118,1\u201d (mod. 5690-3) |\u00a0Medidor Digital\u00a0(mod. B-900) | Condutor de ar met\u00e1lico e conjunto silenciador | Largura x Altura (com [&hellip;]<\/p>\n","protected":false},"featured_media":6742,"comment_status":"open","ping_status":"closed","template":"","meta":{"_exactmetrics_skip_tracking":false,"_exactmetrics_sitenote_active":false,"_exactmetrics_sitenote_note":"","_exactmetrics_sitenote_category":0},"product_brand":[],"product_cat":[110],"product_tag":[],"class_list":{"0":"post-6741","1":"product","2":"type-product","3":"status-publish","4":"has-post-thumbnail","6":"product_cat-propulsora-pneumatica-para-oleo","8":"first","9":"instock","10":"shipping-taxable","11":"product-type-simple"},"_links":{"self":[{"href":"https:\/\/totallubri.com.br\/index.php?rest_route=\/wp\/v2\/product\/6741","targetHints":{"allow":["GET"]}}],"collection":[{"href":"https:\/\/totallubri.com.br\/index.php?rest_route=\/wp\/v2\/product"}],"about":[{"href":"https:\/\/totallubri.com.br\/index.php?rest_route=\/wp\/v2\/types\/product"}],"replies":[{"embeddable":true,"href":"https:\/\/totallubri.com.br\/index.php?rest_route=%2Fwp%2Fv2%2Fcomments&post=6741"}],"wp:featuredmedia":[{"embeddable":true,"href":"https:\/\/totallubri.com.br\/index.php?rest_route=\/wp\/v2\/media\/6742"}],"wp:attachment":[{"href":"https:\/\/totallubri.com.br\/index.php?rest_route=%2Fwp%2Fv2%2Fmedia&parent=6741"}],"wp:term":[{"taxonomy":"product_brand","embeddable":true,"href":"https:\/\/totallubri.com.br\/index.php?rest_route=%2Fwp%2Fv2%2Fproduct_brand&post=6741"},{"taxonomy":"product_cat","embeddable":true,"href":"https:\/\/totallubri.com.br\/index.php?rest_route=%2Fwp%2Fv2%2Fproduct_cat&post=6741"},{"taxonomy":"product_tag","embeddable":true,"href":"https:\/\/totallubri.com.br\/index.php?rest_route=%2Fwp%2Fv2%2Fproduct_tag&post=6741"}],"curies":[{"name":"wp","href":"https:\/\/api.w.org\/{rel}","templated":true}]}}