{"id":6749,"date":"2018-02-23T16:59:25","date_gmt":"2018-02-23T19:59:25","guid":{"rendered":"http:\/\/totallubri.com.br\/?product=bomba-manual-para-graxa-bozza-8620-g3"},"modified":"2025-05-02T11:53:37","modified_gmt":"2025-05-02T14:53:37","slug":"bomba-manual-para-graxa-bozza-8620-g3","status":"publish","type":"product","link":"https:\/\/totallubri.com.br\/?product=bomba-manual-para-graxa-bozza-8620-g3","title":{"rendered":"Bomba Manual para Graxa \u2013 8620-G3 -BOZZA"},"content":{"rendered":"<p>Utilizada em equipamentos e m\u00e1quinas que ficam fixos n\u00e3o podendo ser deslocados do local de trabalho. s\u00e3o feitas de material resistente com rodinhas que facilitam a movimenta\u00e7\u00e3o do equipamento em locais com \u00e1rea fabril grande, comporta 14 kg de graxa, trabalhamos com outras op\u00e7\u00f5es de marcas e modelos manuais que atendem na medida certa a necessidade da sua empresa ligue e confira.<\/p>\n<div><strong>Caracter\u00edsticas:<br \/>\n<\/strong>| Bomba Manual para Graxa com carrinho<br \/>\n| Pintura eletrost\u00e1tica a p\u00f3<br \/>\n| Mangueira de alta press\u00e3o de \u00bc\u201d com 1.3m (mod.6630-1.3)<br \/>\n| Extens\u00e3o r\u00edgida e acoplador hidr\u00e1ulico<br \/>\n| Strike System: Conjunto com mola e compactador de graxa met\u00e1lico com raspador de borracha<br \/>\n| Bombeamento por deslocamento da alavanca<strong>Dados T\u00e9cnicos:<br \/>\n<\/strong>| Reservat\u00f3rio de 14kg<br \/>\n| Vaz\u00e3o de 12 g\/ciclo<br \/>\n| Press\u00e3o m\u00e1xima de 3.500 PSI<br \/>\n| Pintura eletrost\u00e1tica a p\u00f3<\/div>\n<p><strong>Itens Opcionais<\/strong><br \/>\n| Mangueira de \u00bc\u201d com 3m (mod.6630-3)<br \/>\n| Mangueira de \u00bc\u201d com 5m (mod.6630-5)<br \/>\n&#8211; Largura: 365 mm \/ Altura: 935 mm<br \/>\n&#8211; Peso l\u00edquido: 7,206 kg<br \/>\n&#8211; Peso bruto: 8,087 kg<br \/>\n&#8211; Quantidade de volumes: 1<br \/>\n&#8211; Dimens\u00f5es da embalagem: 400 mm (C) X 280 mm (L) X 540 mm (A)<\/p>\n<p>Obs.: Os resultados apresentados foram obtidos de bombas com vaz\u00e3o livre. Lubrificantes utilizados: Graxa de consist\u00eancia grau 2 NLGI. Temperatura ambiente. Outra consist\u00eancia de graxa, sob consulta.<\/p>\n","protected":false},"excerpt":{"rendered":"<p>Utilizada em equipamentos e m\u00e1quinas que ficam fixos n\u00e3o podendo ser deslocados do local de trabalho. s\u00e3o feitas de material resistente com rodinhas que facilitam a movimenta\u00e7\u00e3o do equipamento em locais com \u00e1rea fabril grande, comporta 14 kg de graxa, trabalhamos com outras op\u00e7\u00f5es de marcas e modelos manuais que atendem na medida certa a [&hellip;]<\/p>\n","protected":false},"featured_media":6750,"comment_status":"open","ping_status":"closed","template":"","meta":{"_exactmetrics_skip_tracking":false,"_exactmetrics_sitenote_active":false,"_exactmetrics_sitenote_note":"","_exactmetrics_sitenote_category":0},"product_brand":[],"product_cat":[99],"product_tag":[],"class_list":{"0":"post-6749","1":"product","2":"type-product","3":"status-publish","4":"has-post-thumbnail","6":"product_cat-bomba-manual-para-liquidos","8":"first","9":"instock","10":"shipping-taxable","11":"product-type-simple"},"_links":{"self":[{"href":"https:\/\/totallubri.com.br\/index.php?rest_route=\/wp\/v2\/product\/6749","targetHints":{"allow":["GET"]}}],"collection":[{"href":"https:\/\/totallubri.com.br\/index.php?rest_route=\/wp\/v2\/product"}],"about":[{"href":"https:\/\/totallubri.com.br\/index.php?rest_route=\/wp\/v2\/types\/product"}],"replies":[{"embeddable":true,"href":"https:\/\/totallubri.com.br\/index.php?rest_route=%2Fwp%2Fv2%2Fcomments&post=6749"}],"wp:featuredmedia":[{"embeddable":true,"href":"https:\/\/totallubri.com.br\/index.php?rest_route=\/wp\/v2\/media\/6750"}],"wp:attachment":[{"href":"https:\/\/totallubri.com.br\/index.php?rest_route=%2Fwp%2Fv2%2Fmedia&parent=6749"}],"wp:term":[{"taxonomy":"product_brand","embeddable":true,"href":"https:\/\/totallubri.com.br\/index.php?rest_route=%2Fwp%2Fv2%2Fproduct_brand&post=6749"},{"taxonomy":"product_cat","embeddable":true,"href":"https:\/\/totallubri.com.br\/index.php?rest_route=%2Fwp%2Fv2%2Fproduct_cat&post=6749"},{"taxonomy":"product_tag","embeddable":true,"href":"https:\/\/totallubri.com.br\/index.php?rest_route=%2Fwp%2Fv2%2Fproduct_tag&post=6749"}],"curies":[{"name":"wp","href":"https:\/\/api.w.org\/{rel}","templated":true}]}}