{"id":6773,"date":"2018-03-01T14:14:35","date_gmt":"2018-03-01T17:14:35","guid":{"rendered":"http:\/\/totallubri.com.br\/?product=selo-mecanico-buna-novidade-copia"},"modified":"2025-03-31T12:41:55","modified_gmt":"2025-03-31T15:41:55","slug":"selo-mecanico-buna-novidade-copia","status":"publish","type":"product","link":"https:\/\/totallubri.com.br\/?product=selo-mecanico-buna-novidade-copia","title":{"rendered":"SELO MECANICO BUNA-TOT-LUB"},"content":{"rendered":"<p><b>Selo Mec\u00e2nico<\/b> \u00e9 um dispositivo <b>mec\u00e2nico<\/b> de forma cil\u00edndrica, de alta tecnologia e alta performance, que elimina e previne vazamentos de flu\u00eddos, l\u00edquidos ou gases sob press\u00e3o na caixa de selagem ou c\u00e2mara do <b>selo<\/b>, de bombas centr\u00edfugas, bombas hidra\u00falicas e reatores.<\/p>\n","protected":false},"excerpt":{"rendered":"<p>Selo Mec\u00e2nico \u00e9 um dispositivo mec\u00e2nico de forma cil\u00edndrica, de alta tecnologia e alta performance, que elimina e previne vazamentos de flu\u00eddos, l\u00edquidos ou gases sob press\u00e3o na caixa de selagem ou c\u00e2mara do selo, de bombas centr\u00edfugas, bombas hidra\u00falicas e reatores.<\/p>\n","protected":false},"featured_media":6263,"comment_status":"open","ping_status":"closed","template":"","meta":{"_exactmetrics_skip_tracking":false,"_exactmetrics_sitenote_active":false,"_exactmetrics_sitenote_note":"","_exactmetrics_sitenote_category":0},"product_brand":[],"product_cat":[92],"product_tag":[],"class_list":{"0":"post-6773","1":"product","2":"type-product","3":"status-publish","4":"has-post-thumbnail","6":"product_cat-combate-a-incendio","8":"first","9":"instock","10":"shipping-taxable","11":"product-type-simple"},"_links":{"self":[{"href":"https:\/\/totallubri.com.br\/index.php?rest_route=\/wp\/v2\/product\/6773","targetHints":{"allow":["GET"]}}],"collection":[{"href":"https:\/\/totallubri.com.br\/index.php?rest_route=\/wp\/v2\/product"}],"about":[{"href":"https:\/\/totallubri.com.br\/index.php?rest_route=\/wp\/v2\/types\/product"}],"replies":[{"embeddable":true,"href":"https:\/\/totallubri.com.br\/index.php?rest_route=%2Fwp%2Fv2%2Fcomments&post=6773"}],"wp:featuredmedia":[{"embeddable":true,"href":"https:\/\/totallubri.com.br\/index.php?rest_route=\/wp\/v2\/media\/6263"}],"wp:attachment":[{"href":"https:\/\/totallubri.com.br\/index.php?rest_route=%2Fwp%2Fv2%2Fmedia&parent=6773"}],"wp:term":[{"taxonomy":"product_brand","embeddable":true,"href":"https:\/\/totallubri.com.br\/index.php?rest_route=%2Fwp%2Fv2%2Fproduct_brand&post=6773"},{"taxonomy":"product_cat","embeddable":true,"href":"https:\/\/totallubri.com.br\/index.php?rest_route=%2Fwp%2Fv2%2Fproduct_cat&post=6773"},{"taxonomy":"product_tag","embeddable":true,"href":"https:\/\/totallubri.com.br\/index.php?rest_route=%2Fwp%2Fv2%2Fproduct_tag&post=6773"}],"curies":[{"name":"wp","href":"https:\/\/api.w.org\/{rel}","templated":true}]}}