{"id":6792,"date":"2018-03-02T10:26:55","date_gmt":"2018-03-02T13:26:55","guid":{"rendered":"http:\/\/totallubri.com.br\/?product=bomba-centrifuga-tha-16-novidade-copia-2"},"modified":"2025-01-23T15:53:29","modified_gmt":"2025-01-23T18:53:29","slug":"bomba-centrifuga-tha-16-novidade-copia-2","status":"publish","type":"product","link":"https:\/\/totallubri.com.br\/?product=bomba-centrifuga-tha-16-novidade-copia-2","title":{"rendered":"BOMBA CENTRIFUGA -THA-16-EBARA"},"content":{"rendered":"<p>Bocais rosqueados<br \/>\nSuc\u00e7\u00e3o 1.1\/2&#8243; x Recalque 1&#8243;.<br \/>\nVaz\u00e3o m\u00e1xima at\u00e9 16,5m\u00b3\/h.<br \/>\nPress\u00e3o m\u00e1xima 47mc.a (4,7 bar)<\/p>\n<p>*OBS: Outros modelos sob consulta.<\/p>\n","protected":false},"excerpt":{"rendered":"<p>Bocais rosqueados Suc\u00e7\u00e3o 1.1\/2&#8243; x Recalque 1&#8243;. Vaz\u00e3o m\u00e1xima at\u00e9 16,5m\u00b3\/h. Press\u00e3o m\u00e1xima 47mc.a (4,7 bar) *OBS: Outros modelos sob consulta.<\/p>\n","protected":false},"featured_media":6274,"comment_status":"open","ping_status":"closed","template":"","meta":{"_exactmetrics_skip_tracking":false,"_exactmetrics_sitenote_active":false,"_exactmetrics_sitenote_note":"","_exactmetrics_sitenote_category":0},"product_brand":[],"product_cat":[94,92],"product_tag":[],"class_list":{"0":"post-6792","1":"product","2":"type-product","3":"status-publish","4":"has-post-thumbnail","6":"product_cat-bombas-centrifuga-pneumaticas-e-hidraulicas","7":"product_cat-combate-a-incendio","9":"first","10":"instock","11":"shipping-taxable","12":"product-type-simple"},"_links":{"self":[{"href":"https:\/\/totallubri.com.br\/index.php?rest_route=\/wp\/v2\/product\/6792","targetHints":{"allow":["GET"]}}],"collection":[{"href":"https:\/\/totallubri.com.br\/index.php?rest_route=\/wp\/v2\/product"}],"about":[{"href":"https:\/\/totallubri.com.br\/index.php?rest_route=\/wp\/v2\/types\/product"}],"replies":[{"embeddable":true,"href":"https:\/\/totallubri.com.br\/index.php?rest_route=%2Fwp%2Fv2%2Fcomments&post=6792"}],"wp:featuredmedia":[{"embeddable":true,"href":"https:\/\/totallubri.com.br\/index.php?rest_route=\/wp\/v2\/media\/6274"}],"wp:attachment":[{"href":"https:\/\/totallubri.com.br\/index.php?rest_route=%2Fwp%2Fv2%2Fmedia&parent=6792"}],"wp:term":[{"taxonomy":"product_brand","embeddable":true,"href":"https:\/\/totallubri.com.br\/index.php?rest_route=%2Fwp%2Fv2%2Fproduct_brand&post=6792"},{"taxonomy":"product_cat","embeddable":true,"href":"https:\/\/totallubri.com.br\/index.php?rest_route=%2Fwp%2Fv2%2Fproduct_cat&post=6792"},{"taxonomy":"product_tag","embeddable":true,"href":"https:\/\/totallubri.com.br\/index.php?rest_route=%2Fwp%2Fv2%2Fproduct_tag&post=6792"}],"curies":[{"name":"wp","href":"https:\/\/api.w.org\/{rel}","templated":true}]}}