{"id":6836,"date":"2018-05-03T09:36:45","date_gmt":"2018-05-03T12:36:45","guid":{"rendered":"http:\/\/totallubri.com.br\/?post_type=product&#038;p=6836"},"modified":"2024-12-15T22:55:29","modified_gmt":"2024-12-16T01:55:29","slug":"controlador-de-pressao-com-medidor-de-temperatura-9550-wolflub","status":"publish","type":"product","link":"https:\/\/totallubri.com.br\/?product=controlador-de-pressao-com-medidor-de-temperatura-9550-wolflub","title":{"rendered":"CONTROLADOR DE PRESS\u00c3O COM MEDIDOR DE TEMPERATURA- 9550 &#8211; WOLFLUB"},"content":{"rendered":"<p>Em polipropileno, indicado para controlar bombas de Arla 32. Proporciona ligar e desligar automaticamente a bomba, com op\u00e7\u00e3o de controle por vaz\u00e3o, tempo ou press\u00e3o. Possui medidor de temperatura do fluido e de vaz\u00e3o constante, indica\u00e7\u00e3o de falhas caso vazamento e falta de flu\u00eddo. Acompanha v\u00e1lvula de reten\u00e7\u00e3o.<\/p>\n<p>Material: Polipropileno<br \/>\nAlimenta\u00e7\u00e3o: 220 Vac<br \/>\nCorrente M\u00c1X: 10A<br \/>\nPot\u00eancia: para bomba de at\u00e9 1.700 W<br \/>\nPress\u00e3o M\u00c1X: 145 PSI<br \/>\nTemp. M\u00e1x. do ambiente: 40 \u00baC<br \/>\nTemp. M\u00e1x. do Fluido: 80 \u00baC<br \/>\nConex\u00e3o entrada e saida: 1&#8243; BSP macho<\/p>\n","protected":false},"excerpt":{"rendered":"<p>Em polipropileno, indicado para controlar bombas de Arla 32. Proporciona ligar e desligar automaticamente a bomba, com op\u00e7\u00e3o de controle por vaz\u00e3o, tempo ou press\u00e3o. Possui medidor de temperatura do fluido e de vaz\u00e3o constante, indica\u00e7\u00e3o de falhas caso vazamento e falta de flu\u00eddo. Acompanha v\u00e1lvula de reten\u00e7\u00e3o. Material: Polipropileno Alimenta\u00e7\u00e3o: 220 Vac Corrente M\u00c1X: [&hellip;]<\/p>\n","protected":false},"featured_media":6946,"comment_status":"open","ping_status":"closed","template":"","meta":{"_exactmetrics_skip_tracking":false,"_exactmetrics_sitenote_active":false,"_exactmetrics_sitenote_note":"","_exactmetrics_sitenote_category":0},"product_brand":[],"product_cat":[108],"product_tag":[],"class_list":{"0":"post-6836","1":"product","2":"type-product","3":"status-publish","4":"has-post-thumbnail","6":"product_cat-medidor-digital","8":"first","9":"instock","10":"shipping-taxable","11":"product-type-simple"},"_links":{"self":[{"href":"https:\/\/totallubri.com.br\/index.php?rest_route=\/wp\/v2\/product\/6836","targetHints":{"allow":["GET"]}}],"collection":[{"href":"https:\/\/totallubri.com.br\/index.php?rest_route=\/wp\/v2\/product"}],"about":[{"href":"https:\/\/totallubri.com.br\/index.php?rest_route=\/wp\/v2\/types\/product"}],"replies":[{"embeddable":true,"href":"https:\/\/totallubri.com.br\/index.php?rest_route=%2Fwp%2Fv2%2Fcomments&post=6836"}],"wp:featuredmedia":[{"embeddable":true,"href":"https:\/\/totallubri.com.br\/index.php?rest_route=\/wp\/v2\/media\/6946"}],"wp:attachment":[{"href":"https:\/\/totallubri.com.br\/index.php?rest_route=%2Fwp%2Fv2%2Fmedia&parent=6836"}],"wp:term":[{"taxonomy":"product_brand","embeddable":true,"href":"https:\/\/totallubri.com.br\/index.php?rest_route=%2Fwp%2Fv2%2Fproduct_brand&post=6836"},{"taxonomy":"product_cat","embeddable":true,"href":"https:\/\/totallubri.com.br\/index.php?rest_route=%2Fwp%2Fv2%2Fproduct_cat&post=6836"},{"taxonomy":"product_tag","embeddable":true,"href":"https:\/\/totallubri.com.br\/index.php?rest_route=%2Fwp%2Fv2%2Fproduct_tag&post=6836"}],"curies":[{"name":"wp","href":"https:\/\/api.w.org\/{rel}","templated":true}]}}