{"id":6854,"date":"2018-05-03T16:01:34","date_gmt":"2018-05-03T19:01:34","guid":{"rendered":"http:\/\/totallubri.com.br\/?post_type=product&#038;p=6854"},"modified":"2024-11-25T23:07:38","modified_gmt":"2024-11-26T02:07:38","slug":"exaustor-de-gases-monofasico-9122-future","status":"publish","type":"product","link":"https:\/\/totallubri.com.br\/?product=exaustor-de-gases-monofasico-9122-future","title":{"rendered":"EXAUSTOR DE GASES MONOF\u00c1SICO \u2013 9122 \u2013 FUTURE \u2013 LUPUS"},"content":{"rendered":"<p>Tens\u00e3o: 220 Vac 60 Hz<br \/>\nPot\u00eancia: 180 W<br \/>\nCorrente el\u00e9trica: 1,43A<br \/>\nRota\u00e7\u00e3o: 3312 rpm<br \/>\nGrau de prote\u00e7\u00e3o: IP55<br \/>\nConex\u00e3o entrada e sa\u00edda: di\u00e2metro 150 mm<br \/>\nCapacidade de absor\u00e7\u00e3o: 1000 m3\/h<\/p>\n","protected":false},"excerpt":{"rendered":"<p>Tens\u00e3o: 220 Vac 60 Hz Pot\u00eancia: 180 W Corrente el\u00e9trica: 1,43A Rota\u00e7\u00e3o: 3312 rpm Grau de prote\u00e7\u00e3o: IP55 Conex\u00e3o entrada e sa\u00edda: di\u00e2metro 150 mm Capacidade de absor\u00e7\u00e3o: 1000 m3\/h<\/p>\n","protected":false},"featured_media":6998,"comment_status":"open","ping_status":"closed","template":"","meta":{"_exactmetrics_skip_tracking":false,"_exactmetrics_sitenote_active":false,"_exactmetrics_sitenote_note":"","_exactmetrics_sitenote_category":0},"product_brand":[],"product_cat":[102],"product_tag":[],"class_list":{"0":"post-6854","1":"product","2":"type-product","3":"status-publish","4":"has-post-thumbnail","6":"product_cat-equipamentos-para-analise-e-medicoes","8":"first","9":"instock","10":"shipping-taxable","11":"product-type-simple"},"_links":{"self":[{"href":"https:\/\/totallubri.com.br\/index.php?rest_route=\/wp\/v2\/product\/6854","targetHints":{"allow":["GET"]}}],"collection":[{"href":"https:\/\/totallubri.com.br\/index.php?rest_route=\/wp\/v2\/product"}],"about":[{"href":"https:\/\/totallubri.com.br\/index.php?rest_route=\/wp\/v2\/types\/product"}],"replies":[{"embeddable":true,"href":"https:\/\/totallubri.com.br\/index.php?rest_route=%2Fwp%2Fv2%2Fcomments&post=6854"}],"wp:featuredmedia":[{"embeddable":true,"href":"https:\/\/totallubri.com.br\/index.php?rest_route=\/wp\/v2\/media\/6998"}],"wp:attachment":[{"href":"https:\/\/totallubri.com.br\/index.php?rest_route=%2Fwp%2Fv2%2Fmedia&parent=6854"}],"wp:term":[{"taxonomy":"product_brand","embeddable":true,"href":"https:\/\/totallubri.com.br\/index.php?rest_route=%2Fwp%2Fv2%2Fproduct_brand&post=6854"},{"taxonomy":"product_cat","embeddable":true,"href":"https:\/\/totallubri.com.br\/index.php?rest_route=%2Fwp%2Fv2%2Fproduct_cat&post=6854"},{"taxonomy":"product_tag","embeddable":true,"href":"https:\/\/totallubri.com.br\/index.php?rest_route=%2Fwp%2Fv2%2Fproduct_tag&post=6854"}],"curies":[{"name":"wp","href":"https:\/\/api.w.org\/{rel}","templated":true}]}}