{"id":6856,"date":"2018-05-03T16:15:23","date_gmt":"2018-05-03T19:15:23","guid":{"rendered":"http:\/\/totallubri.com.br\/?product=exaustor-de-gases-monofasico-9123-future"},"modified":"2024-11-25T23:08:50","modified_gmt":"2024-11-26T02:08:50","slug":"exaustor-de-gases-monofasico-9123-future","status":"publish","type":"product","link":"https:\/\/totallubri.com.br\/?product=exaustor-de-gases-monofasico-9123-future","title":{"rendered":"EXAUSTOR DE GASES MONOF\u00c1SICO \u2013 9123 \u2013 FUTURE-LUPUS"},"content":{"rendered":"<p>Tens\u00e3o: 220 Vac 60 Hz<br \/>\nPot\u00eancia:\u00a01470 W<br \/>\nCorrente el\u00e9trica: 8,76A<br \/>\nRota\u00e7\u00e3o: 3385 rpm<br \/>\nGrau de prote\u00e7\u00e3o: IP55<br \/>\nConex\u00e3o entrada e sa\u00edda: di\u00e2metro\u00a0200 mm<br \/>\nCapacidade de absor\u00e7\u00e3o:\u00a01950 m3\/h<\/p>\n","protected":false},"excerpt":{"rendered":"<p>Tens\u00e3o: 220 Vac 60 Hz Pot\u00eancia:\u00a01470 W Corrente el\u00e9trica: 8,76A Rota\u00e7\u00e3o: 3385 rpm Grau de prote\u00e7\u00e3o: IP55 Conex\u00e3o entrada e sa\u00edda: di\u00e2metro\u00a0200 mm Capacidade de absor\u00e7\u00e3o:\u00a01950 m3\/h<\/p>\n","protected":false},"featured_media":6999,"comment_status":"open","ping_status":"closed","template":"","meta":{"_exactmetrics_skip_tracking":false,"_exactmetrics_sitenote_active":false,"_exactmetrics_sitenote_note":"","_exactmetrics_sitenote_category":0},"product_brand":[],"product_cat":[102],"product_tag":[],"class_list":{"0":"post-6856","1":"product","2":"type-product","3":"status-publish","4":"has-post-thumbnail","6":"product_cat-equipamentos-para-analise-e-medicoes","8":"first","9":"instock","10":"shipping-taxable","11":"product-type-simple"},"_links":{"self":[{"href":"https:\/\/totallubri.com.br\/index.php?rest_route=\/wp\/v2\/product\/6856","targetHints":{"allow":["GET"]}}],"collection":[{"href":"https:\/\/totallubri.com.br\/index.php?rest_route=\/wp\/v2\/product"}],"about":[{"href":"https:\/\/totallubri.com.br\/index.php?rest_route=\/wp\/v2\/types\/product"}],"replies":[{"embeddable":true,"href":"https:\/\/totallubri.com.br\/index.php?rest_route=%2Fwp%2Fv2%2Fcomments&post=6856"}],"wp:featuredmedia":[{"embeddable":true,"href":"https:\/\/totallubri.com.br\/index.php?rest_route=\/wp\/v2\/media\/6999"}],"wp:attachment":[{"href":"https:\/\/totallubri.com.br\/index.php?rest_route=%2Fwp%2Fv2%2Fmedia&parent=6856"}],"wp:term":[{"taxonomy":"product_brand","embeddable":true,"href":"https:\/\/totallubri.com.br\/index.php?rest_route=%2Fwp%2Fv2%2Fproduct_brand&post=6856"},{"taxonomy":"product_cat","embeddable":true,"href":"https:\/\/totallubri.com.br\/index.php?rest_route=%2Fwp%2Fv2%2Fproduct_cat&post=6856"},{"taxonomy":"product_tag","embeddable":true,"href":"https:\/\/totallubri.com.br\/index.php?rest_route=%2Fwp%2Fv2%2Fproduct_tag&post=6856"}],"curies":[{"name":"wp","href":"https:\/\/api.w.org\/{rel}","templated":true}]}}