{"id":6860,"date":"2018-05-04T09:24:43","date_gmt":"2018-05-04T12:24:43","guid":{"rendered":"http:\/\/totallubri.com.br\/?post_type=product&#038;p=6860"},"modified":"2024-12-19T13:32:17","modified_gmt":"2024-12-19T16:32:17","slug":"saida-lateral-adaptavel-ao-canal-9125-02-future","status":"publish","type":"product","link":"https:\/\/totallubri.com.br\/?product=saida-lateral-adaptavel-ao-canal-9125-02-future","title":{"rendered":"SA\u00cdDA LATERAL ADAPT\u00c1VEL AO CANAL \u2013 9125-02 \u2013 FUTURE-LUPUS"},"content":{"rendered":"<p>Sa\u00edda com bocal de di\u00e2metro de 200 mm para interligar o canal \u00e0 tubula\u00e7\u00e3o. Ideal para instalar no inicio ou final do canal.<\/p>\n<p>Material: A\u00e7o Inox.<br \/>\nAdapt\u00e1vel : Canal 9125<\/p>\n","protected":false},"excerpt":{"rendered":"<p>Sa\u00edda com bocal de di\u00e2metro de 200 mm para interligar o canal \u00e0 tubula\u00e7\u00e3o. Ideal para instalar no inicio ou final do canal. Material: A\u00e7o Inox. Adapt\u00e1vel : Canal 9125<\/p>\n","protected":false},"featured_media":7003,"comment_status":"open","ping_status":"closed","template":"","meta":{"_exactmetrics_skip_tracking":false,"_exactmetrics_sitenote_active":false,"_exactmetrics_sitenote_note":"","_exactmetrics_sitenote_category":0},"product_brand":[],"product_cat":[102],"product_tag":[],"class_list":{"0":"post-6860","1":"product","2":"type-product","3":"status-publish","4":"has-post-thumbnail","6":"product_cat-equipamentos-para-analise-e-medicoes","8":"first","9":"instock","10":"shipping-taxable","11":"product-type-simple"},"_links":{"self":[{"href":"https:\/\/totallubri.com.br\/index.php?rest_route=\/wp\/v2\/product\/6860","targetHints":{"allow":["GET"]}}],"collection":[{"href":"https:\/\/totallubri.com.br\/index.php?rest_route=\/wp\/v2\/product"}],"about":[{"href":"https:\/\/totallubri.com.br\/index.php?rest_route=\/wp\/v2\/types\/product"}],"replies":[{"embeddable":true,"href":"https:\/\/totallubri.com.br\/index.php?rest_route=%2Fwp%2Fv2%2Fcomments&post=6860"}],"wp:featuredmedia":[{"embeddable":true,"href":"https:\/\/totallubri.com.br\/index.php?rest_route=\/wp\/v2\/media\/7003"}],"wp:attachment":[{"href":"https:\/\/totallubri.com.br\/index.php?rest_route=%2Fwp%2Fv2%2Fmedia&parent=6860"}],"wp:term":[{"taxonomy":"product_brand","embeddable":true,"href":"https:\/\/totallubri.com.br\/index.php?rest_route=%2Fwp%2Fv2%2Fproduct_brand&post=6860"},{"taxonomy":"product_cat","embeddable":true,"href":"https:\/\/totallubri.com.br\/index.php?rest_route=%2Fwp%2Fv2%2Fproduct_cat&post=6860"},{"taxonomy":"product_tag","embeddable":true,"href":"https:\/\/totallubri.com.br\/index.php?rest_route=%2Fwp%2Fv2%2Fproduct_tag&post=6860"}],"curies":[{"name":"wp","href":"https:\/\/api.w.org\/{rel}","templated":true}]}}