{"id":6864,"date":"2018-05-04T09:58:35","date_gmt":"2018-05-04T12:58:35","guid":{"rendered":"http:\/\/totallubri.com.br\/?post_type=product&#038;p=6864"},"modified":"2024-12-05T18:04:31","modified_gmt":"2024-12-05T21:04:31","slug":"top-final-de-curso-9125-05-future","status":"publish","type":"product","link":"https:\/\/totallubri.com.br\/?product=top-final-de-curso-9125-05-future","title":{"rendered":"TOP FINAL DE CURSO \u2013 9125-05- FUTURE-LUPUS"},"content":{"rendered":"<p>Em borracha, utilizado para limitar a movimenta\u00e7\u00e3o do carretel na extremidade do canal.<\/p>\n<p>Conex\u00e3o: rosca M8 x 1,25<br \/>\nAdapt\u00e1vel: 9125<\/p>\n","protected":false},"excerpt":{"rendered":"<p>Em borracha, utilizado para limitar a movimenta\u00e7\u00e3o do carretel na extremidade do canal. Conex\u00e3o: rosca M8 x 1,25 Adapt\u00e1vel: 9125<\/p>\n","protected":false},"featured_media":7005,"comment_status":"open","ping_status":"closed","template":"","meta":{"_exactmetrics_skip_tracking":false,"_exactmetrics_sitenote_active":false,"_exactmetrics_sitenote_note":"","_exactmetrics_sitenote_category":0},"product_brand":[],"product_cat":[114],"product_tag":[],"class_list":{"0":"post-6864","1":"product","2":"type-product","3":"status-publish","4":"has-post-thumbnail","6":"product_cat-solucoes-para-abastecimento","8":"first","9":"instock","10":"shipping-taxable","11":"product-type-simple"},"_links":{"self":[{"href":"https:\/\/totallubri.com.br\/index.php?rest_route=\/wp\/v2\/product\/6864","targetHints":{"allow":["GET"]}}],"collection":[{"href":"https:\/\/totallubri.com.br\/index.php?rest_route=\/wp\/v2\/product"}],"about":[{"href":"https:\/\/totallubri.com.br\/index.php?rest_route=\/wp\/v2\/types\/product"}],"replies":[{"embeddable":true,"href":"https:\/\/totallubri.com.br\/index.php?rest_route=%2Fwp%2Fv2%2Fcomments&post=6864"}],"wp:featuredmedia":[{"embeddable":true,"href":"https:\/\/totallubri.com.br\/index.php?rest_route=\/wp\/v2\/media\/7005"}],"wp:attachment":[{"href":"https:\/\/totallubri.com.br\/index.php?rest_route=%2Fwp%2Fv2%2Fmedia&parent=6864"}],"wp:term":[{"taxonomy":"product_brand","embeddable":true,"href":"https:\/\/totallubri.com.br\/index.php?rest_route=%2Fwp%2Fv2%2Fproduct_brand&post=6864"},{"taxonomy":"product_cat","embeddable":true,"href":"https:\/\/totallubri.com.br\/index.php?rest_route=%2Fwp%2Fv2%2Fproduct_cat&post=6864"},{"taxonomy":"product_tag","embeddable":true,"href":"https:\/\/totallubri.com.br\/index.php?rest_route=%2Fwp%2Fv2%2Fproduct_tag&post=6864"}],"curies":[{"name":"wp","href":"https:\/\/api.w.org\/{rel}","templated":true}]}}