{"id":6865,"date":"2018-05-04T10:01:28","date_gmt":"2018-05-04T13:01:28","guid":{"rendered":"http:\/\/totallubri.com.br\/?product=saida-superior-adaptavel-ao-canal-9125-03-future"},"modified":"2024-12-19T13:28:51","modified_gmt":"2024-12-19T16:28:51","slug":"saida-superior-adaptavel-ao-canal-9125-03-future","status":"publish","type":"product","link":"https:\/\/totallubri.com.br\/?product=saida-superior-adaptavel-ao-canal-9125-03-future","title":{"rendered":"SA\u00cdDA SUPERIOR ADAPT\u00c1VEL AO CANAL \u2013 9125-03 \u2013 FUTURE-LUPUS"},"content":{"rendered":"<p>Sa\u00edda com bocal de di\u00e2metro de 200 mm para interligar o canal \u00e0 tubula\u00e7\u00e3o. Ideal para instalar no centro do canal em linhas de grande extens\u00f5es.<\/p>\n<p>Material: A\u00e7o Inox.<br \/>\nAdapt\u00e1vel : Canal 9125<\/p>\n","protected":false},"excerpt":{"rendered":"<p>Sa\u00edda com bocal de di\u00e2metro de 200 mm para interligar o canal \u00e0 tubula\u00e7\u00e3o. Ideal para instalar no centro do canal em linhas de grande extens\u00f5es. Material: A\u00e7o Inox. Adapt\u00e1vel : Canal 9125<\/p>\n","protected":false},"featured_media":7006,"comment_status":"open","ping_status":"closed","template":"","meta":{"_exactmetrics_skip_tracking":false,"_exactmetrics_sitenote_active":false,"_exactmetrics_sitenote_note":"","_exactmetrics_sitenote_category":0},"product_brand":[],"product_cat":[102],"product_tag":[],"class_list":{"0":"post-6865","1":"product","2":"type-product","3":"status-publish","4":"has-post-thumbnail","6":"product_cat-equipamentos-para-analise-e-medicoes","8":"first","9":"instock","10":"shipping-taxable","11":"product-type-simple"},"_links":{"self":[{"href":"https:\/\/totallubri.com.br\/index.php?rest_route=\/wp\/v2\/product\/6865","targetHints":{"allow":["GET"]}}],"collection":[{"href":"https:\/\/totallubri.com.br\/index.php?rest_route=\/wp\/v2\/product"}],"about":[{"href":"https:\/\/totallubri.com.br\/index.php?rest_route=\/wp\/v2\/types\/product"}],"replies":[{"embeddable":true,"href":"https:\/\/totallubri.com.br\/index.php?rest_route=%2Fwp%2Fv2%2Fcomments&post=6865"}],"wp:featuredmedia":[{"embeddable":true,"href":"https:\/\/totallubri.com.br\/index.php?rest_route=\/wp\/v2\/media\/7006"}],"wp:attachment":[{"href":"https:\/\/totallubri.com.br\/index.php?rest_route=%2Fwp%2Fv2%2Fmedia&parent=6865"}],"wp:term":[{"taxonomy":"product_brand","embeddable":true,"href":"https:\/\/totallubri.com.br\/index.php?rest_route=%2Fwp%2Fv2%2Fproduct_brand&post=6865"},{"taxonomy":"product_cat","embeddable":true,"href":"https:\/\/totallubri.com.br\/index.php?rest_route=%2Fwp%2Fv2%2Fproduct_cat&post=6865"},{"taxonomy":"product_tag","embeddable":true,"href":"https:\/\/totallubri.com.br\/index.php?rest_route=%2Fwp%2Fv2%2Fproduct_tag&post=6865"}],"curies":[{"name":"wp","href":"https:\/\/api.w.org\/{rel}","templated":true}]}}