{"id":6874,"date":"2018-05-04T13:43:43","date_gmt":"2018-05-04T16:43:43","guid":{"rendered":"http:\/\/totallubri.com.br\/?post_type=product&#038;p=6874"},"modified":"2024-12-03T16:18:21","modified_gmt":"2024-12-03T19:18:21","slug":"unidade-movel-para-misturar-fluidos-3453-lupus","status":"publish","type":"product","link":"https:\/\/totallubri.com.br\/?product=unidade-movel-para-misturar-fluidos-3453-lupus","title":{"rendered":"UNIDADE M\u00d3VEL PARA MISTURAR FLUIDOS \u2013 3453 \u2013 LUPUS"},"content":{"rendered":"<p>Em a\u00e7o, com alimenta\u00e7\u00e3o pneum\u00e1tica para rota\u00e7\u00e3o do motor e eleva\u00e7\u00e3o da p\u00e1. Para misturar fluidos em tambores de 200 kg.<\/p>\n<p>material: a\u00e7o carbono<br \/>\nAlimenta\u00e7\u00e3o: pneum\u00e1tica<br \/>\nRota\u00e7\u00e3o misturador: 6 a 40 rpm<br \/>\nPot\u00eancia do motor: 2 Kw<br \/>\nAdapt\u00e1vel: tambor de 200 kg<br \/>\nCapacidade de carga: 400 kg<\/p>\n","protected":false},"excerpt":{"rendered":"<p>Em a\u00e7o, com alimenta\u00e7\u00e3o pneum\u00e1tica para rota\u00e7\u00e3o do motor e eleva\u00e7\u00e3o da p\u00e1. Para misturar fluidos em tambores de 200 kg. material: a\u00e7o carbono Alimenta\u00e7\u00e3o: pneum\u00e1tica Rota\u00e7\u00e3o misturador: 6 a 40 rpm Pot\u00eancia do motor: 2 Kw Adapt\u00e1vel: tambor de 200 kg Capacidade de carga: 400 kg<\/p>\n","protected":false},"featured_media":7012,"comment_status":"open","ping_status":"closed","template":"","meta":{"_exactmetrics_skip_tracking":false,"_exactmetrics_sitenote_active":false,"_exactmetrics_sitenote_note":"","_exactmetrics_sitenote_category":0},"product_brand":[],"product_cat":[63],"product_tag":[],"class_list":{"0":"post-6874","1":"product","2":"type-product","3":"status-publish","4":"has-post-thumbnail","6":"product_cat-meio-ambiente","8":"first","9":"instock","10":"shipping-taxable","11":"product-type-simple"},"_links":{"self":[{"href":"https:\/\/totallubri.com.br\/index.php?rest_route=\/wp\/v2\/product\/6874","targetHints":{"allow":["GET"]}}],"collection":[{"href":"https:\/\/totallubri.com.br\/index.php?rest_route=\/wp\/v2\/product"}],"about":[{"href":"https:\/\/totallubri.com.br\/index.php?rest_route=\/wp\/v2\/types\/product"}],"replies":[{"embeddable":true,"href":"https:\/\/totallubri.com.br\/index.php?rest_route=%2Fwp%2Fv2%2Fcomments&post=6874"}],"wp:featuredmedia":[{"embeddable":true,"href":"https:\/\/totallubri.com.br\/index.php?rest_route=\/wp\/v2\/media\/7012"}],"wp:attachment":[{"href":"https:\/\/totallubri.com.br\/index.php?rest_route=%2Fwp%2Fv2%2Fmedia&parent=6874"}],"wp:term":[{"taxonomy":"product_brand","embeddable":true,"href":"https:\/\/totallubri.com.br\/index.php?rest_route=%2Fwp%2Fv2%2Fproduct_brand&post=6874"},{"taxonomy":"product_cat","embeddable":true,"href":"https:\/\/totallubri.com.br\/index.php?rest_route=%2Fwp%2Fv2%2Fproduct_cat&post=6874"},{"taxonomy":"product_tag","embeddable":true,"href":"https:\/\/totallubri.com.br\/index.php?rest_route=%2Fwp%2Fv2%2Fproduct_tag&post=6874"}],"curies":[{"name":"wp","href":"https:\/\/api.w.org\/{rel}","templated":true}]}}