{"id":6877,"date":"2018-05-04T15:00:01","date_gmt":"2018-05-04T18:00:01","guid":{"rendered":"http:\/\/totallubri.com.br\/?post_type=product&#038;p=6877"},"modified":"2024-11-25T22:06:19","modified_gmt":"2024-11-26T01:06:19","slug":"suporte-para-carreteis-3000-s2-samoa","status":"publish","type":"product","link":"https:\/\/totallubri.com.br\/?product=suporte-para-carreteis-3000-s2-samoa","title":{"rendered":"SUPORTE PARA CARRET\u00c9IS &#8211; 3000-S2 &#8211; SAMOA"},"content":{"rendered":"<p>Em a\u00e7o, para carret\u00e9is, com bandeja ecol\u00f3gica antigotejante.<\/p>\n<p>Capacidade: 02 carret\u00e9is<\/p>\n","protected":false},"excerpt":{"rendered":"<p>Em a\u00e7o, para carret\u00e9is, com bandeja ecol\u00f3gica antigotejante. Capacidade: 02 carret\u00e9is<\/p>\n","protected":false},"featured_media":6913,"comment_status":"open","ping_status":"closed","template":"","meta":{"_exactmetrics_skip_tracking":false,"_exactmetrics_sitenote_active":false,"_exactmetrics_sitenote_note":"","_exactmetrics_sitenote_category":0},"product_brand":[],"product_cat":[101],"product_tag":[],"class_list":{"0":"post-6877","1":"product","2":"type-product","3":"status-publish","4":"has-post-thumbnail","6":"product_cat-carreteis-samoa-e-coxreels","8":"first","9":"instock","10":"shipping-taxable","11":"product-type-simple"},"_links":{"self":[{"href":"https:\/\/totallubri.com.br\/index.php?rest_route=\/wp\/v2\/product\/6877","targetHints":{"allow":["GET"]}}],"collection":[{"href":"https:\/\/totallubri.com.br\/index.php?rest_route=\/wp\/v2\/product"}],"about":[{"href":"https:\/\/totallubri.com.br\/index.php?rest_route=\/wp\/v2\/types\/product"}],"replies":[{"embeddable":true,"href":"https:\/\/totallubri.com.br\/index.php?rest_route=%2Fwp%2Fv2%2Fcomments&post=6877"}],"wp:featuredmedia":[{"embeddable":true,"href":"https:\/\/totallubri.com.br\/index.php?rest_route=\/wp\/v2\/media\/6913"}],"wp:attachment":[{"href":"https:\/\/totallubri.com.br\/index.php?rest_route=%2Fwp%2Fv2%2Fmedia&parent=6877"}],"wp:term":[{"taxonomy":"product_brand","embeddable":true,"href":"https:\/\/totallubri.com.br\/index.php?rest_route=%2Fwp%2Fv2%2Fproduct_brand&post=6877"},{"taxonomy":"product_cat","embeddable":true,"href":"https:\/\/totallubri.com.br\/index.php?rest_route=%2Fwp%2Fv2%2Fproduct_cat&post=6877"},{"taxonomy":"product_tag","embeddable":true,"href":"https:\/\/totallubri.com.br\/index.php?rest_route=%2Fwp%2Fv2%2Fproduct_tag&post=6877"}],"curies":[{"name":"wp","href":"https:\/\/api.w.org\/{rel}","templated":true}]}}