{"id":6885,"date":"2018-05-04T15:47:42","date_gmt":"2018-05-04T18:47:42","guid":{"rendered":"http:\/\/totallubri.com.br\/?post_type=product&#038;p=6885"},"modified":"2025-02-18T10:02:17","modified_gmt":"2025-02-18T13:02:17","slug":"unidade-movel-para-transporte-com-contencao-3049","status":"publish","type":"product","link":"https:\/\/totallubri.com.br\/?product=unidade-movel-para-transporte-com-contencao-3049","title":{"rendered":"UNIDADE M\u00d3VEL PARA TRANSPORTE COM CONTEN\u00c7\u00c3O-3049-LUPUS"},"content":{"rendered":"<p>Em polietileno de alta densidade (PEAD), a unidade possui cinta de seguran\u00e7a para fixa\u00e7\u00e3o do tambor. Pode ser utilizada como bacia de conten\u00e7\u00e3o,\u00a0 e para o transporte de tambores de 200 litros.<\/p>\n<p>Capacidade: 01 tambor de 200 litros<br \/>\nCapacidade de conten\u00e7\u00e3o: 265 litros<br \/>\nCapacidade m\u00e1xima de carga: 270 kg<\/p>\n","protected":false},"excerpt":{"rendered":"<p>Em polietileno de alta densidade (PEAD), a unidade possui cinta de seguran\u00e7a para fixa\u00e7\u00e3o do tambor. Pode ser utilizada como bacia de conten\u00e7\u00e3o,\u00a0 e para o transporte de tambores de 200 litros. Capacidade: 01 tambor de 200 litros Capacidade de conten\u00e7\u00e3o: 265 litros Capacidade m\u00e1xima de carga: 270 kg<\/p>\n","protected":false},"featured_media":7019,"comment_status":"open","ping_status":"closed","template":"","meta":{"_exactmetrics_skip_tracking":false,"_exactmetrics_sitenote_active":false,"_exactmetrics_sitenote_note":"","_exactmetrics_sitenote_category":0},"product_brand":[],"product_cat":[63],"product_tag":[],"class_list":{"0":"post-6885","1":"product","2":"type-product","3":"status-publish","4":"has-post-thumbnail","6":"product_cat-meio-ambiente","8":"first","9":"instock","10":"shipping-taxable","11":"product-type-simple"},"_links":{"self":[{"href":"https:\/\/totallubri.com.br\/index.php?rest_route=\/wp\/v2\/product\/6885","targetHints":{"allow":["GET"]}}],"collection":[{"href":"https:\/\/totallubri.com.br\/index.php?rest_route=\/wp\/v2\/product"}],"about":[{"href":"https:\/\/totallubri.com.br\/index.php?rest_route=\/wp\/v2\/types\/product"}],"replies":[{"embeddable":true,"href":"https:\/\/totallubri.com.br\/index.php?rest_route=%2Fwp%2Fv2%2Fcomments&post=6885"}],"wp:featuredmedia":[{"embeddable":true,"href":"https:\/\/totallubri.com.br\/index.php?rest_route=\/wp\/v2\/media\/7019"}],"wp:attachment":[{"href":"https:\/\/totallubri.com.br\/index.php?rest_route=%2Fwp%2Fv2%2Fmedia&parent=6885"}],"wp:term":[{"taxonomy":"product_brand","embeddable":true,"href":"https:\/\/totallubri.com.br\/index.php?rest_route=%2Fwp%2Fv2%2Fproduct_brand&post=6885"},{"taxonomy":"product_cat","embeddable":true,"href":"https:\/\/totallubri.com.br\/index.php?rest_route=%2Fwp%2Fv2%2Fproduct_cat&post=6885"},{"taxonomy":"product_tag","embeddable":true,"href":"https:\/\/totallubri.com.br\/index.php?rest_route=%2Fwp%2Fv2%2Fproduct_tag&post=6885"}],"curies":[{"name":"wp","href":"https:\/\/api.w.org\/{rel}","templated":true}]}}