{"id":6898,"date":"2018-05-10T16:14:27","date_gmt":"2018-05-10T19:14:27","guid":{"rendered":"http:\/\/totallubri.com.br\/?post_type=product&#038;p=6898"},"modified":"2025-02-18T09:58:02","modified_gmt":"2025-02-18T12:58:02","slug":"suporte-para-tambor-com-tampa-9301-st","status":"publish","type":"product","link":"https:\/\/totallubri.com.br\/?product=suporte-para-tambor-com-tampa-9301-st","title":{"rendered":"SUPORTE PARA TAMBOR COM TAMPA \u2013 9301-ST-LUPUS"},"content":{"rendered":"<p>Em polietileno de alta densidade (PEAD), colora\u00e7\u00e3o amarela inibindo a proje\u00e7\u00e3o de raios UV no flu\u00eddo armazenado, leve, resistente a produtos qu\u00edmicos. Possui tampa roscada, ideal para armazenamento , manuseio, e transporte de materiais perigosos, e conten\u00e7\u00e3o para tambor de 200 litros.<\/p>\n<p>Capacidade de conten\u00e7\u00e3o interno: 360 litros<br \/>\nCapacidade m\u00e1x. de carga: 300 kg<br \/>\nrecipiente m\u00e1x: 200 litros<\/p>\n","protected":false},"excerpt":{"rendered":"<p>Em polietileno de alta densidade (PEAD), colora\u00e7\u00e3o amarela inibindo a proje\u00e7\u00e3o de raios UV no flu\u00eddo armazenado, leve, resistente a produtos qu\u00edmicos. Possui tampa roscada, ideal para armazenamento , manuseio, e transporte de materiais perigosos, e conten\u00e7\u00e3o para tambor de 200 litros. Capacidade de conten\u00e7\u00e3o interno: 360 litros Capacidade m\u00e1x. de carga: 300 kg recipiente [&hellip;]<\/p>\n","protected":false},"featured_media":7025,"comment_status":"open","ping_status":"closed","template":"","meta":{"_exactmetrics_skip_tracking":false,"_exactmetrics_sitenote_active":false,"_exactmetrics_sitenote_note":"","_exactmetrics_sitenote_category":0},"product_brand":[],"product_cat":[63],"product_tag":[],"class_list":{"0":"post-6898","1":"product","2":"type-product","3":"status-publish","4":"has-post-thumbnail","6":"product_cat-meio-ambiente","8":"first","9":"instock","10":"shipping-taxable","11":"product-type-simple"},"_links":{"self":[{"href":"https:\/\/totallubri.com.br\/index.php?rest_route=\/wp\/v2\/product\/6898","targetHints":{"allow":["GET"]}}],"collection":[{"href":"https:\/\/totallubri.com.br\/index.php?rest_route=\/wp\/v2\/product"}],"about":[{"href":"https:\/\/totallubri.com.br\/index.php?rest_route=\/wp\/v2\/types\/product"}],"replies":[{"embeddable":true,"href":"https:\/\/totallubri.com.br\/index.php?rest_route=%2Fwp%2Fv2%2Fcomments&post=6898"}],"wp:featuredmedia":[{"embeddable":true,"href":"https:\/\/totallubri.com.br\/index.php?rest_route=\/wp\/v2\/media\/7025"}],"wp:attachment":[{"href":"https:\/\/totallubri.com.br\/index.php?rest_route=%2Fwp%2Fv2%2Fmedia&parent=6898"}],"wp:term":[{"taxonomy":"product_brand","embeddable":true,"href":"https:\/\/totallubri.com.br\/index.php?rest_route=%2Fwp%2Fv2%2Fproduct_brand&post=6898"},{"taxonomy":"product_cat","embeddable":true,"href":"https:\/\/totallubri.com.br\/index.php?rest_route=%2Fwp%2Fv2%2Fproduct_cat&post=6898"},{"taxonomy":"product_tag","embeddable":true,"href":"https:\/\/totallubri.com.br\/index.php?rest_route=%2Fwp%2Fv2%2Fproduct_tag&post=6898"}],"curies":[{"name":"wp","href":"https:\/\/api.w.org\/{rel}","templated":true}]}}