{"id":6909,"date":"2018-05-10T17:43:55","date_gmt":"2018-05-10T20:43:55","guid":{"rendered":"http:\/\/totallubri.com.br\/?product=suporte-para-icamento-do-tambor-9301-fi"},"modified":"2024-07-30T12:22:50","modified_gmt":"2024-07-30T15:22:50","slug":"suporte-para-icamento-do-tambor-9301-fi","status":"publish","type":"product","link":"https:\/\/totallubri.com.br\/?product=suporte-para-icamento-do-tambor-9301-fi","title":{"rendered":"TAMPA DE PROTE\u00c7\u00c3O PARA TAMBOR FECHADO (\u00d3LEO) &#8211; 9301-TB-LUPUS"},"content":{"rendered":"<p>Em polietileno de alta densidade (PEAD), mant\u00e9m os tambores de 200 litros fechado.<\/p>\n<p>&nbsp;<\/p>\n<p>&nbsp;<\/p>\n","protected":false},"excerpt":{"rendered":"<p>Em polietileno de alta densidade (PEAD), mant\u00e9m os tambores de 200 litros fechado. &nbsp; &nbsp;<\/p>\n","protected":false},"featured_media":7039,"comment_status":"open","ping_status":"closed","template":"","meta":{"_exactmetrics_skip_tracking":false,"_exactmetrics_sitenote_active":false,"_exactmetrics_sitenote_note":"","_exactmetrics_sitenote_category":0},"product_brand":[],"product_cat":[63],"product_tag":[],"class_list":{"0":"post-6909","1":"product","2":"type-product","3":"status-publish","4":"has-post-thumbnail","6":"product_cat-meio-ambiente","8":"first","9":"instock","10":"shipping-taxable","11":"product-type-simple"},"_links":{"self":[{"href":"https:\/\/totallubri.com.br\/index.php?rest_route=\/wp\/v2\/product\/6909","targetHints":{"allow":["GET"]}}],"collection":[{"href":"https:\/\/totallubri.com.br\/index.php?rest_route=\/wp\/v2\/product"}],"about":[{"href":"https:\/\/totallubri.com.br\/index.php?rest_route=\/wp\/v2\/types\/product"}],"replies":[{"embeddable":true,"href":"https:\/\/totallubri.com.br\/index.php?rest_route=%2Fwp%2Fv2%2Fcomments&post=6909"}],"wp:featuredmedia":[{"embeddable":true,"href":"https:\/\/totallubri.com.br\/index.php?rest_route=\/wp\/v2\/media\/7039"}],"wp:attachment":[{"href":"https:\/\/totallubri.com.br\/index.php?rest_route=%2Fwp%2Fv2%2Fmedia&parent=6909"}],"wp:term":[{"taxonomy":"product_brand","embeddable":true,"href":"https:\/\/totallubri.com.br\/index.php?rest_route=%2Fwp%2Fv2%2Fproduct_brand&post=6909"},{"taxonomy":"product_cat","embeddable":true,"href":"https:\/\/totallubri.com.br\/index.php?rest_route=%2Fwp%2Fv2%2Fproduct_cat&post=6909"},{"taxonomy":"product_tag","embeddable":true,"href":"https:\/\/totallubri.com.br\/index.php?rest_route=%2Fwp%2Fv2%2Fproduct_tag&post=6909"}],"curies":[{"name":"wp","href":"https:\/\/api.w.org\/{rel}","templated":true}]}}