{"id":6911,"date":"2018-05-10T17:52:31","date_gmt":"2018-05-10T20:52:31","guid":{"rendered":"http:\/\/totallubri.com.br\/?product=tampa-de-protecao-para-tambor-fechado-graxa-9301-tr"},"modified":"2024-12-04T17:42:53","modified_gmt":"2024-12-04T20:42:53","slug":"tampa-de-protecao-para-tambor-fechado-graxa-9301-tr","status":"publish","type":"product","link":"https:\/\/totallubri.com.br\/?product=tampa-de-protecao-para-tambor-fechado-graxa-9301-tr","title":{"rendered":"TAMPA DE PROTE\u00c7\u00c3O PARA TAMBOR ABERTO (GRAXA) \u2013 9301-TR-LUPUS"},"content":{"rendered":"<p>Em polietileno de alta densidade (PEAD),\u00a0possibilita prote\u00e7\u00e3o a prote\u00e7\u00e3o de tambores de 200 litros, contra poeiras e contamina\u00e7\u00f5es.<\/p>\n<p>&nbsp;<\/p>\n<p>&nbsp;<\/p>\n","protected":false},"excerpt":{"rendered":"<p>Em polietileno de alta densidade (PEAD),\u00a0possibilita prote\u00e7\u00e3o a prote\u00e7\u00e3o de tambores de 200 litros, contra poeiras e contamina\u00e7\u00f5es. &nbsp; &nbsp;<\/p>\n","protected":false},"featured_media":7040,"comment_status":"open","ping_status":"closed","template":"","meta":{"_exactmetrics_skip_tracking":false,"_exactmetrics_sitenote_active":false,"_exactmetrics_sitenote_note":"","_exactmetrics_sitenote_category":0},"product_brand":[],"product_cat":[63],"product_tag":[],"class_list":{"0":"post-6911","1":"product","2":"type-product","3":"status-publish","4":"has-post-thumbnail","6":"product_cat-meio-ambiente","8":"first","9":"instock","10":"shipping-taxable","11":"product-type-simple"},"_links":{"self":[{"href":"https:\/\/totallubri.com.br\/index.php?rest_route=\/wp\/v2\/product\/6911","targetHints":{"allow":["GET"]}}],"collection":[{"href":"https:\/\/totallubri.com.br\/index.php?rest_route=\/wp\/v2\/product"}],"about":[{"href":"https:\/\/totallubri.com.br\/index.php?rest_route=\/wp\/v2\/types\/product"}],"replies":[{"embeddable":true,"href":"https:\/\/totallubri.com.br\/index.php?rest_route=%2Fwp%2Fv2%2Fcomments&post=6911"}],"wp:featuredmedia":[{"embeddable":true,"href":"https:\/\/totallubri.com.br\/index.php?rest_route=\/wp\/v2\/media\/7040"}],"wp:attachment":[{"href":"https:\/\/totallubri.com.br\/index.php?rest_route=%2Fwp%2Fv2%2Fmedia&parent=6911"}],"wp:term":[{"taxonomy":"product_brand","embeddable":true,"href":"https:\/\/totallubri.com.br\/index.php?rest_route=%2Fwp%2Fv2%2Fproduct_brand&post=6911"},{"taxonomy":"product_cat","embeddable":true,"href":"https:\/\/totallubri.com.br\/index.php?rest_route=%2Fwp%2Fv2%2Fproduct_cat&post=6911"},{"taxonomy":"product_tag","embeddable":true,"href":"https:\/\/totallubri.com.br\/index.php?rest_route=%2Fwp%2Fv2%2Fproduct_tag&post=6911"}],"curies":[{"name":"wp","href":"https:\/\/api.w.org\/{rel}","templated":true}]}}