{"id":6921,"date":"2018-05-11T09:52:40","date_gmt":"2018-05-11T12:52:40","guid":{"rendered":"http:\/\/totallubri.com.br\/?product=unidade-para-transportar-tambor-3403-2"},"modified":"2025-02-18T09:35:43","modified_gmt":"2025-02-18T12:35:43","slug":"unidade-para-transportar-tambor-3403-2","status":"publish","type":"product","link":"https:\/\/totallubri.com.br\/?product=unidade-para-transportar-tambor-3403-2","title":{"rendered":"UNIDADE PARA TRANSPORTAR TAMBOR \u2013 3403-LUPUS"},"content":{"rendered":"<p>Em a\u00e7o, com 4 rod\u00edzios com freio. Ideal\u00a0para movimenta\u00e7\u00e3o de tambores de 200 litros na posi\u00e7\u00e3o horizontal.<\/p>\n<p>Material:\u00a0a\u00e7o carbono<br \/>\nCapacidade M\u00e1x. de carga:\u00a01500 kg<\/p>\n","protected":false},"excerpt":{"rendered":"<p>Em a\u00e7o, com 4 rod\u00edzios com freio. Ideal\u00a0para movimenta\u00e7\u00e3o de tambores de 200 litros na posi\u00e7\u00e3o horizontal. Material:\u00a0a\u00e7o carbono Capacidade M\u00e1x. de carga:\u00a01500 kg<\/p>\n","protected":false},"featured_media":7048,"comment_status":"open","ping_status":"closed","template":"","meta":{"_exactmetrics_skip_tracking":false,"_exactmetrics_sitenote_active":false,"_exactmetrics_sitenote_note":"","_exactmetrics_sitenote_category":0},"product_brand":[],"product_cat":[63],"product_tag":[],"class_list":{"0":"post-6921","1":"product","2":"type-product","3":"status-publish","4":"has-post-thumbnail","6":"product_cat-meio-ambiente","8":"first","9":"instock","10":"shipping-taxable","11":"product-type-simple"},"_links":{"self":[{"href":"https:\/\/totallubri.com.br\/index.php?rest_route=\/wp\/v2\/product\/6921","targetHints":{"allow":["GET"]}}],"collection":[{"href":"https:\/\/totallubri.com.br\/index.php?rest_route=\/wp\/v2\/product"}],"about":[{"href":"https:\/\/totallubri.com.br\/index.php?rest_route=\/wp\/v2\/types\/product"}],"replies":[{"embeddable":true,"href":"https:\/\/totallubri.com.br\/index.php?rest_route=%2Fwp%2Fv2%2Fcomments&post=6921"}],"wp:featuredmedia":[{"embeddable":true,"href":"https:\/\/totallubri.com.br\/index.php?rest_route=\/wp\/v2\/media\/7048"}],"wp:attachment":[{"href":"https:\/\/totallubri.com.br\/index.php?rest_route=%2Fwp%2Fv2%2Fmedia&parent=6921"}],"wp:term":[{"taxonomy":"product_brand","embeddable":true,"href":"https:\/\/totallubri.com.br\/index.php?rest_route=%2Fwp%2Fv2%2Fproduct_brand&post=6921"},{"taxonomy":"product_cat","embeddable":true,"href":"https:\/\/totallubri.com.br\/index.php?rest_route=%2Fwp%2Fv2%2Fproduct_cat&post=6921"},{"taxonomy":"product_tag","embeddable":true,"href":"https:\/\/totallubri.com.br\/index.php?rest_route=%2Fwp%2Fv2%2Fproduct_tag&post=6921"}],"curies":[{"name":"wp","href":"https:\/\/api.w.org\/{rel}","templated":true}]}}