{"id":6927,"date":"2018-05-11T10:19:54","date_gmt":"2018-05-11T13:19:54","guid":{"rendered":"http:\/\/totallubri.com.br\/?post_type=product&#038;p=6927"},"modified":"2025-02-18T09:14:10","modified_gmt":"2025-02-18T12:14:10","slug":"unidade-de-armazenamento-e-transporte-de-ferramentas-3520","status":"publish","type":"product","link":"https:\/\/totallubri.com.br\/?product=unidade-de-armazenamento-e-transporte-de-ferramentas-3520","title":{"rendered":"UNIDADE DE ARMAZENAMENTO E TRANSPORTE DE FERRAMENTAS-3520-LUPUS"},"content":{"rendered":"<p>Em polipropileno, com 3 prateleiras e 4 rod\u00edzios (2 fixos e 2 girat\u00f3rios) para movimenta\u00e7\u00e3o. Possui compartimento adicional para ferramentas e pe\u00e7as de pequeno porte. Ideal para oficinas: automotiva, industriais, e mec\u00e2nica em geral.<\/p>\n<p>Material: Polipropileno<br \/>\nPrateleiras: 3<br \/>\nCpacidade M\u00e1x. de carga: 227 kg<\/p>\n","protected":false},"excerpt":{"rendered":"<p>Em polipropileno, com 3 prateleiras e 4 rod\u00edzios (2 fixos e 2 girat\u00f3rios) para movimenta\u00e7\u00e3o. Possui compartimento adicional para ferramentas e pe\u00e7as de pequeno porte. Ideal para oficinas: automotiva, industriais, e mec\u00e2nica em geral. Material: Polipropileno Prateleiras: 3 Cpacidade M\u00e1x. de carga: 227 kg<\/p>\n","protected":false},"featured_media":7058,"comment_status":"open","ping_status":"closed","template":"","meta":{"_exactmetrics_skip_tracking":false,"_exactmetrics_sitenote_active":false,"_exactmetrics_sitenote_note":"","_exactmetrics_sitenote_category":0},"product_brand":[],"product_cat":[63],"product_tag":[],"class_list":{"0":"post-6927","1":"product","2":"type-product","3":"status-publish","4":"has-post-thumbnail","6":"product_cat-meio-ambiente","8":"first","9":"instock","10":"shipping-taxable","11":"product-type-simple"},"_links":{"self":[{"href":"https:\/\/totallubri.com.br\/index.php?rest_route=\/wp\/v2\/product\/6927","targetHints":{"allow":["GET"]}}],"collection":[{"href":"https:\/\/totallubri.com.br\/index.php?rest_route=\/wp\/v2\/product"}],"about":[{"href":"https:\/\/totallubri.com.br\/index.php?rest_route=\/wp\/v2\/types\/product"}],"replies":[{"embeddable":true,"href":"https:\/\/totallubri.com.br\/index.php?rest_route=%2Fwp%2Fv2%2Fcomments&post=6927"}],"wp:featuredmedia":[{"embeddable":true,"href":"https:\/\/totallubri.com.br\/index.php?rest_route=\/wp\/v2\/media\/7058"}],"wp:attachment":[{"href":"https:\/\/totallubri.com.br\/index.php?rest_route=%2Fwp%2Fv2%2Fmedia&parent=6927"}],"wp:term":[{"taxonomy":"product_brand","embeddable":true,"href":"https:\/\/totallubri.com.br\/index.php?rest_route=%2Fwp%2Fv2%2Fproduct_brand&post=6927"},{"taxonomy":"product_cat","embeddable":true,"href":"https:\/\/totallubri.com.br\/index.php?rest_route=%2Fwp%2Fv2%2Fproduct_cat&post=6927"},{"taxonomy":"product_tag","embeddable":true,"href":"https:\/\/totallubri.com.br\/index.php?rest_route=%2Fwp%2Fv2%2Fproduct_tag&post=6927"}],"curies":[{"name":"wp","href":"https:\/\/api.w.org\/{rel}","templated":true}]}}