{"id":6934,"date":"2018-05-11T10:37:18","date_gmt":"2018-05-11T13:37:18","guid":{"rendered":"http:\/\/totallubri.com.br\/?product=bomba-manual-7003-lupus"},"modified":"2025-05-02T11:52:12","modified_gmt":"2025-05-02T14:52:12","slug":"bomba-manual-7003-lupus","status":"publish","type":"product","link":"https:\/\/totallubri.com.br\/?product=bomba-manual-7003-lupus","title":{"rendered":"Bomba Manual \u2013 7003 \u2013 Lupus"},"content":{"rendered":"<p>Utilizada para trabalhos manuais, f\u00e1cil de utilizar, necessita uso das duas m\u00e3os para executar a tarefa e est\u00e1 dispon\u00edvel em sistema Alavanca.<\/p>\n<p>Descri\u00e7\u00e3o:Bomba Manual<br \/>\nEm chapa de a\u00e7o, alta press\u00e3o, com extens\u00e3o r\u00edgida, acoplador e compactador com mola.<\/p>\n<p>Capacidade .\u00a04 kg<br \/>\nMangueira . 1,30 m \/ \u00f8 1\/4\u201d<\/p>\n<p>Peso: 5 kg<br \/>\nMedidas: (A) 400 mm x (L) 230 mm<\/p>\n","protected":false},"excerpt":{"rendered":"<p>Utilizada para trabalhos manuais, f\u00e1cil de utilizar, necessita uso das duas m\u00e3os para executar a tarefa e est\u00e1 dispon\u00edvel em sistema Alavanca. Descri\u00e7\u00e3o:Bomba Manual Em chapa de a\u00e7o, alta press\u00e3o, com extens\u00e3o r\u00edgida, acoplador e compactador com mola. Capacidade .\u00a04 kg Mangueira . 1,30 m \/ \u00f8 1\/4\u201d Peso: 5 kg Medidas: (A) 400 mm [&hellip;]<\/p>\n","protected":false},"featured_media":2651,"comment_status":"open","ping_status":"closed","template":"","meta":{"_exactmetrics_skip_tracking":false,"_exactmetrics_sitenote_active":false,"_exactmetrics_sitenote_note":"","_exactmetrics_sitenote_category":0},"product_brand":[],"product_cat":[99],"product_tag":[],"class_list":{"0":"post-6934","1":"product","2":"type-product","3":"status-publish","4":"has-post-thumbnail","6":"product_cat-bomba-manual-para-liquidos","8":"first","9":"instock","10":"shipping-taxable","11":"product-type-simple"},"_links":{"self":[{"href":"https:\/\/totallubri.com.br\/index.php?rest_route=\/wp\/v2\/product\/6934","targetHints":{"allow":["GET"]}}],"collection":[{"href":"https:\/\/totallubri.com.br\/index.php?rest_route=\/wp\/v2\/product"}],"about":[{"href":"https:\/\/totallubri.com.br\/index.php?rest_route=\/wp\/v2\/types\/product"}],"replies":[{"embeddable":true,"href":"https:\/\/totallubri.com.br\/index.php?rest_route=%2Fwp%2Fv2%2Fcomments&post=6934"}],"wp:featuredmedia":[{"embeddable":true,"href":"https:\/\/totallubri.com.br\/index.php?rest_route=\/wp\/v2\/media\/2651"}],"wp:attachment":[{"href":"https:\/\/totallubri.com.br\/index.php?rest_route=%2Fwp%2Fv2%2Fmedia&parent=6934"}],"wp:term":[{"taxonomy":"product_brand","embeddable":true,"href":"https:\/\/totallubri.com.br\/index.php?rest_route=%2Fwp%2Fv2%2Fproduct_brand&post=6934"},{"taxonomy":"product_cat","embeddable":true,"href":"https:\/\/totallubri.com.br\/index.php?rest_route=%2Fwp%2Fv2%2Fproduct_cat&post=6934"},{"taxonomy":"product_tag","embeddable":true,"href":"https:\/\/totallubri.com.br\/index.php?rest_route=%2Fwp%2Fv2%2Fproduct_tag&post=6934"}],"curies":[{"name":"wp","href":"https:\/\/api.w.org\/{rel}","templated":true}]}}