{"id":6936,"date":"2018-05-11T10:45:40","date_gmt":"2018-05-11T13:45:40","guid":{"rendered":"http:\/\/totallubri.com.br\/?post_type=product&#038;p=6936"},"modified":"2024-11-21T12:29:13","modified_gmt":"2024-11-21T15:29:13","slug":"bomba-eletrica-2015-pe","status":"publish","type":"product","link":"https:\/\/totallubri.com.br\/?product=bomba-eletrica-2015-pe","title":{"rendered":"BOMBA EL\u00c9TRICA \u2013 2015-PE \u2013 LUPUS"},"content":{"rendered":"<p>Em a\u00e7o, com carregador de bateria 220v , bateria reserva, extens\u00e3o flex\u00edvel, acoplador e maleta para armazenamento.<\/p>\n<p>Capacidade: 0,4 kg<br \/>\nExtens\u00e3o: 1 m\/ flexivel<br \/>\nVaz\u00e3o livre: 0,07 kg\/min<br \/>\nPress\u00e3o M\u00e1x. de trabalho: 7.200 psi<\/p>\n","protected":false},"excerpt":{"rendered":"<p>Em a\u00e7o, com carregador de bateria 220v , bateria reserva, extens\u00e3o flex\u00edvel, acoplador e maleta para armazenamento. Capacidade: 0,4 kg Extens\u00e3o: 1 m\/ flexivel Vaz\u00e3o livre: 0,07 kg\/min Press\u00e3o M\u00e1x. de trabalho: 7.200 psi<\/p>\n","protected":false},"featured_media":7070,"comment_status":"open","ping_status":"closed","template":"","meta":{"_exactmetrics_skip_tracking":false,"_exactmetrics_sitenote_active":false,"_exactmetrics_sitenote_note":"","_exactmetrics_sitenote_category":0},"product_brand":[],"product_cat":[96],"product_tag":[],"class_list":{"0":"post-6936","1":"product","2":"type-product","3":"status-publish","4":"has-post-thumbnail","6":"product_cat-bomba-de-transferencia-eletrica-e-bateria","8":"first","9":"instock","10":"shipping-taxable","11":"product-type-simple"},"_links":{"self":[{"href":"https:\/\/totallubri.com.br\/index.php?rest_route=\/wp\/v2\/product\/6936","targetHints":{"allow":["GET"]}}],"collection":[{"href":"https:\/\/totallubri.com.br\/index.php?rest_route=\/wp\/v2\/product"}],"about":[{"href":"https:\/\/totallubri.com.br\/index.php?rest_route=\/wp\/v2\/types\/product"}],"replies":[{"embeddable":true,"href":"https:\/\/totallubri.com.br\/index.php?rest_route=%2Fwp%2Fv2%2Fcomments&post=6936"}],"wp:featuredmedia":[{"embeddable":true,"href":"https:\/\/totallubri.com.br\/index.php?rest_route=\/wp\/v2\/media\/7070"}],"wp:attachment":[{"href":"https:\/\/totallubri.com.br\/index.php?rest_route=%2Fwp%2Fv2%2Fmedia&parent=6936"}],"wp:term":[{"taxonomy":"product_brand","embeddable":true,"href":"https:\/\/totallubri.com.br\/index.php?rest_route=%2Fwp%2Fv2%2Fproduct_brand&post=6936"},{"taxonomy":"product_cat","embeddable":true,"href":"https:\/\/totallubri.com.br\/index.php?rest_route=%2Fwp%2Fv2%2Fproduct_cat&post=6936"},{"taxonomy":"product_tag","embeddable":true,"href":"https:\/\/totallubri.com.br\/index.php?rest_route=%2Fwp%2Fv2%2Fproduct_tag&post=6936"}],"curies":[{"name":"wp","href":"https:\/\/api.w.org\/{rel}","templated":true}]}}