{"id":6939,"date":"2018-05-11T11:36:32","date_gmt":"2018-05-11T14:36:32","guid":{"rendered":"http:\/\/totallubri.com.br\/?product=propulsora-pneumatica-para-graxa-9037"},"modified":"2024-12-02T11:40:05","modified_gmt":"2024-12-02T14:40:05","slug":"propulsora-pneumatica-para-graxa-9037","status":"publish","type":"product","link":"https:\/\/totallubri.com.br\/?product=propulsora-pneumatica-para-graxa-9037","title":{"rendered":"PROPULSORA PNEUM\u00c1TICA PARA GRAXA \u2013 9037 -LUPUS"},"content":{"rendered":"<p>Em a\u00e7o, adapt\u00e1vel a baldes de 200 kg, compat\u00edvel com graxas at\u00e9 grau NLGI 2. Indicada para m\u00e9dias dist\u00e2ncias com v\u00e1rios pontos de abastecimento.<\/p>\n<p>Rateio: 60:1<br \/>\nVaz\u00e3o m\u00e1x:\u00a02 kg\/min<br \/>\nPress\u00e3o de alimenta\u00e7\u00e3o de ar: 20 a 145 psi<br \/>\nPress\u00e3o m\u00e1x de saida: 8700 psi<br \/>\nConex\u00e3o de sa\u00edda de graxa: 3\/8&#8243; BSP (F)<br \/>\nConex\u00e3o de entrada de ar: 3\/8&#8243; BSP (F)<br \/>\nConsumo de ar: 15,9 ft\u00b3\/min<br \/>\nN\u00edvel de ruido: 80 db<\/p>\n","protected":false},"excerpt":{"rendered":"<p>Em a\u00e7o, adapt\u00e1vel a baldes de 200 kg, compat\u00edvel com graxas at\u00e9 grau NLGI 2. Indicada para m\u00e9dias dist\u00e2ncias com v\u00e1rios pontos de abastecimento. Rateio: 60:1 Vaz\u00e3o m\u00e1x:\u00a02 kg\/min Press\u00e3o de alimenta\u00e7\u00e3o de ar: 20 a 145 psi Press\u00e3o m\u00e1x de saida: 8700 psi Conex\u00e3o de sa\u00edda de graxa: 3\/8&#8243; BSP (F) Conex\u00e3o de entrada [&hellip;]<\/p>\n","protected":false},"featured_media":8252,"comment_status":"open","ping_status":"closed","template":"","meta":{"_exactmetrics_skip_tracking":false,"_exactmetrics_sitenote_active":false,"_exactmetrics_sitenote_note":"","_exactmetrics_sitenote_category":0},"product_brand":[],"product_cat":[111],"product_tag":[],"class_list":{"0":"post-6939","1":"product","2":"type-product","3":"status-publish","4":"has-post-thumbnail","6":"product_cat-propulsora-pneumatica-para-graxa","8":"first","9":"instock","10":"shipping-taxable","11":"product-type-simple"},"_links":{"self":[{"href":"https:\/\/totallubri.com.br\/index.php?rest_route=\/wp\/v2\/product\/6939","targetHints":{"allow":["GET"]}}],"collection":[{"href":"https:\/\/totallubri.com.br\/index.php?rest_route=\/wp\/v2\/product"}],"about":[{"href":"https:\/\/totallubri.com.br\/index.php?rest_route=\/wp\/v2\/types\/product"}],"replies":[{"embeddable":true,"href":"https:\/\/totallubri.com.br\/index.php?rest_route=%2Fwp%2Fv2%2Fcomments&post=6939"}],"wp:featuredmedia":[{"embeddable":true,"href":"https:\/\/totallubri.com.br\/index.php?rest_route=\/wp\/v2\/media\/8252"}],"wp:attachment":[{"href":"https:\/\/totallubri.com.br\/index.php?rest_route=%2Fwp%2Fv2%2Fmedia&parent=6939"}],"wp:term":[{"taxonomy":"product_brand","embeddable":true,"href":"https:\/\/totallubri.com.br\/index.php?rest_route=%2Fwp%2Fv2%2Fproduct_brand&post=6939"},{"taxonomy":"product_cat","embeddable":true,"href":"https:\/\/totallubri.com.br\/index.php?rest_route=%2Fwp%2Fv2%2Fproduct_cat&post=6939"},{"taxonomy":"product_tag","embeddable":true,"href":"https:\/\/totallubri.com.br\/index.php?rest_route=%2Fwp%2Fv2%2Fproduct_tag&post=6939"}],"curies":[{"name":"wp","href":"https:\/\/api.w.org\/{rel}","templated":true}]}}