{"id":6941,"date":"2018-05-11T11:47:12","date_gmt":"2018-05-11T14:47:12","guid":{"rendered":"http:\/\/totallubri.com.br\/?post_type=product&#038;p=6941"},"modified":"2024-12-02T11:17:54","modified_gmt":"2024-12-02T14:17:54","slug":"propulsora-pneumatica-para-graxa-9026-samoa","status":"publish","type":"product","link":"https:\/\/totallubri.com.br\/?product=propulsora-pneumatica-para-graxa-9026-samoa","title":{"rendered":"PROPULSORA PNEUM\u00c1TICA PARA GRAXA &#8211; 9026 &#8211; SAMOA"},"content":{"rendered":"<p>Em alum\u00ednio com filtro regulador de ar, conector para engate r\u00e1pido de 1\/4&#8243;, mangueira, conex\u00e3o girat\u00f3ria, comando de graxa, compactador e tampa adapt\u00e1vel a tambores de 200 kg.<\/p>\n<p>Vaz\u00e3o live: 0,6 kg\/min (graxa NLGI 2 com 100 PSI na entrada)<br \/>\nRateio: 55:1<br \/>\nEntrada e ar: conector com engate r\u00e1pido 1\/4&#8243;<br \/>\nPress\u00e3o de entrada de ar: 22 &#8211; 145 PSI<br \/>\nConsumo de ar: 6,9 ft\u00b3\/min<br \/>\nPress\u00e3o de sa\u00edda: 1200 \/ 7975 ( PSI )<br \/>\nMangueira: 3,00 m \/ SAE 100R2AT<br \/>\nNivel de ruido: 92 db<\/p>\n","protected":false},"excerpt":{"rendered":"<p>Em alum\u00ednio com filtro regulador de ar, conector para engate r\u00e1pido de 1\/4&#8243;, mangueira, conex\u00e3o girat\u00f3ria, comando de graxa, compactador e tampa adapt\u00e1vel a tambores de 200 kg. Vaz\u00e3o live: 0,6 kg\/min (graxa NLGI 2 com 100 PSI na entrada) Rateio: 55:1 Entrada e ar: conector com engate r\u00e1pido 1\/4&#8243; Press\u00e3o de entrada de ar: [&hellip;]<\/p>\n","protected":false},"featured_media":7079,"comment_status":"open","ping_status":"closed","template":"","meta":{"_exactmetrics_skip_tracking":false,"_exactmetrics_sitenote_active":false,"_exactmetrics_sitenote_note":"","_exactmetrics_sitenote_category":0},"product_brand":[],"product_cat":[111],"product_tag":[],"class_list":{"0":"post-6941","1":"product","2":"type-product","3":"status-publish","4":"has-post-thumbnail","6":"product_cat-propulsora-pneumatica-para-graxa","8":"first","9":"instock","10":"shipping-taxable","11":"product-type-simple"},"_links":{"self":[{"href":"https:\/\/totallubri.com.br\/index.php?rest_route=\/wp\/v2\/product\/6941","targetHints":{"allow":["GET"]}}],"collection":[{"href":"https:\/\/totallubri.com.br\/index.php?rest_route=\/wp\/v2\/product"}],"about":[{"href":"https:\/\/totallubri.com.br\/index.php?rest_route=\/wp\/v2\/types\/product"}],"replies":[{"embeddable":true,"href":"https:\/\/totallubri.com.br\/index.php?rest_route=%2Fwp%2Fv2%2Fcomments&post=6941"}],"wp:featuredmedia":[{"embeddable":true,"href":"https:\/\/totallubri.com.br\/index.php?rest_route=\/wp\/v2\/media\/7079"}],"wp:attachment":[{"href":"https:\/\/totallubri.com.br\/index.php?rest_route=%2Fwp%2Fv2%2Fmedia&parent=6941"}],"wp:term":[{"taxonomy":"product_brand","embeddable":true,"href":"https:\/\/totallubri.com.br\/index.php?rest_route=%2Fwp%2Fv2%2Fproduct_brand&post=6941"},{"taxonomy":"product_cat","embeddable":true,"href":"https:\/\/totallubri.com.br\/index.php?rest_route=%2Fwp%2Fv2%2Fproduct_cat&post=6941"},{"taxonomy":"product_tag","embeddable":true,"href":"https:\/\/totallubri.com.br\/index.php?rest_route=%2Fwp%2Fv2%2Fproduct_tag&post=6941"}],"curies":[{"name":"wp","href":"https:\/\/api.w.org\/{rel}","templated":true}]}}