{"id":6954,"date":"2018-05-11T14:19:27","date_gmt":"2018-05-11T17:19:27","guid":{"rendered":"http:\/\/totallubri.com.br\/?product=bomba-para-coleta-de-amostras-5713-a"},"modified":"2024-11-25T23:04:28","modified_gmt":"2024-11-26T02:04:28","slug":"bomba-para-coleta-de-amostras-5713-a","status":"publish","type":"product","link":"https:\/\/totallubri.com.br\/?product=bomba-para-coleta-de-amostras-5713-a","title":{"rendered":"Bomba para Coleta de Amostras \u2013 5713 \u2013 A \u2013 LUPUS"},"content":{"rendered":"<div class=\"cont_produto\">\n<p>\u00a0Em alum\u00ednio e acr\u00edlico, para fluidos viscosos \u00e0 v\u00e1cuo.<\/p>\n<p>Frasco para coleta: 5715<br \/>\nEncaixe para mangueira de nylon: 8,00 x 6,00 mm<\/p>\n<p>Peso\u00a0<strong>160 g<\/strong><\/p>\n<\/div>\n","protected":false},"excerpt":{"rendered":"<p>\u00a0Em alum\u00ednio e acr\u00edlico, para fluidos viscosos \u00e0 v\u00e1cuo. Frasco para coleta: 5715 Encaixe para mangueira de nylon: 8,00 x 6,00 mm Peso\u00a0160 g<\/p>\n","protected":false},"featured_media":7082,"comment_status":"open","ping_status":"closed","template":"","meta":{"_exactmetrics_skip_tracking":false,"_exactmetrics_sitenote_active":false,"_exactmetrics_sitenote_note":"","_exactmetrics_sitenote_category":0},"product_brand":[],"product_cat":[102],"product_tag":[],"class_list":{"0":"post-6954","1":"product","2":"type-product","3":"status-publish","4":"has-post-thumbnail","6":"product_cat-equipamentos-para-analise-e-medicoes","8":"first","9":"instock","10":"shipping-taxable","11":"product-type-simple"},"_links":{"self":[{"href":"https:\/\/totallubri.com.br\/index.php?rest_route=\/wp\/v2\/product\/6954","targetHints":{"allow":["GET"]}}],"collection":[{"href":"https:\/\/totallubri.com.br\/index.php?rest_route=\/wp\/v2\/product"}],"about":[{"href":"https:\/\/totallubri.com.br\/index.php?rest_route=\/wp\/v2\/types\/product"}],"replies":[{"embeddable":true,"href":"https:\/\/totallubri.com.br\/index.php?rest_route=%2Fwp%2Fv2%2Fcomments&post=6954"}],"wp:featuredmedia":[{"embeddable":true,"href":"https:\/\/totallubri.com.br\/index.php?rest_route=\/wp\/v2\/media\/7082"}],"wp:attachment":[{"href":"https:\/\/totallubri.com.br\/index.php?rest_route=%2Fwp%2Fv2%2Fmedia&parent=6954"}],"wp:term":[{"taxonomy":"product_brand","embeddable":true,"href":"https:\/\/totallubri.com.br\/index.php?rest_route=%2Fwp%2Fv2%2Fproduct_brand&post=6954"},{"taxonomy":"product_cat","embeddable":true,"href":"https:\/\/totallubri.com.br\/index.php?rest_route=%2Fwp%2Fv2%2Fproduct_cat&post=6954"},{"taxonomy":"product_tag","embeddable":true,"href":"https:\/\/totallubri.com.br\/index.php?rest_route=%2Fwp%2Fv2%2Fproduct_tag&post=6954"}],"curies":[{"name":"wp","href":"https:\/\/api.w.org\/{rel}","templated":true}]}}