{"id":6960,"date":"2018-05-11T15:42:56","date_gmt":"2018-05-11T18:42:56","guid":{"rendered":"http:\/\/totallubri.com.br\/?product=carretel-automatico-blindado-com-mangueira-3004-mo12-samoa-copia"},"modified":"2024-11-25T16:49:41","modified_gmt":"2024-11-25T19:49:41","slug":"carretel-automatico-blindado-com-mangueira-3004-mo12-samoa-copia","status":"publish","type":"product","link":"https:\/\/totallubri.com.br\/?product=carretel-automatico-blindado-com-mangueira-3004-mo12-samoa-copia","title":{"rendered":"Carretel Autom\u00e1tico Blindado com Mangueira &#8211; 3004-CZA12 &#8211; Samoa"},"content":{"rendered":"<p>Em a\u00e7o, com base simples, retra\u00e7\u00e3o autom\u00e1tica por mola, com rolamentos blindados.Para \u00d3leo lubrificante, \u00e1gua e ar.com mangueira.<\/p>\n<p><strong>Mangueira\u00a0.\u00a0 12 m de mang. 0 1\/2&#8243;\u00a0<\/strong><\/p>\n<p><strong>Press\u00e3o m\u00e1xima de trabalho 2.320 PSI<br \/>\n<\/strong><br \/>\nPeso\u00a0<strong>21,55 kg<\/strong><br \/>\nMedidas<strong> (A)\u00a0520 mm x (L)\u00a0510 mm<\/strong><\/p>\n","protected":false},"excerpt":{"rendered":"<p>Em a\u00e7o, com base simples, retra\u00e7\u00e3o autom\u00e1tica por mola, com rolamentos blindados.Para \u00d3leo lubrificante, \u00e1gua e ar.com mangueira. Mangueira\u00a0.\u00a0 12 m de mang. 0 1\/2&#8243;\u00a0 Press\u00e3o m\u00e1xima de trabalho 2.320 PSI Peso\u00a021,55 kg Medidas (A)\u00a0520 mm x (L)\u00a0510 mm<\/p>\n","protected":false},"featured_media":7071,"comment_status":"open","ping_status":"closed","template":"","meta":{"_exactmetrics_skip_tracking":false,"_exactmetrics_sitenote_active":false,"_exactmetrics_sitenote_note":"","_exactmetrics_sitenote_category":0},"product_brand":[],"product_cat":[101],"product_tag":[],"class_list":{"0":"post-6960","1":"product","2":"type-product","3":"status-publish","4":"has-post-thumbnail","6":"product_cat-carreteis-samoa-e-coxreels","8":"first","9":"instock","10":"shipping-taxable","11":"product-type-simple"},"_links":{"self":[{"href":"https:\/\/totallubri.com.br\/index.php?rest_route=\/wp\/v2\/product\/6960","targetHints":{"allow":["GET"]}}],"collection":[{"href":"https:\/\/totallubri.com.br\/index.php?rest_route=\/wp\/v2\/product"}],"about":[{"href":"https:\/\/totallubri.com.br\/index.php?rest_route=\/wp\/v2\/types\/product"}],"replies":[{"embeddable":true,"href":"https:\/\/totallubri.com.br\/index.php?rest_route=%2Fwp%2Fv2%2Fcomments&post=6960"}],"wp:featuredmedia":[{"embeddable":true,"href":"https:\/\/totallubri.com.br\/index.php?rest_route=\/wp\/v2\/media\/7071"}],"wp:attachment":[{"href":"https:\/\/totallubri.com.br\/index.php?rest_route=%2Fwp%2Fv2%2Fmedia&parent=6960"}],"wp:term":[{"taxonomy":"product_brand","embeddable":true,"href":"https:\/\/totallubri.com.br\/index.php?rest_route=%2Fwp%2Fv2%2Fproduct_brand&post=6960"},{"taxonomy":"product_cat","embeddable":true,"href":"https:\/\/totallubri.com.br\/index.php?rest_route=%2Fwp%2Fv2%2Fproduct_cat&post=6960"},{"taxonomy":"product_tag","embeddable":true,"href":"https:\/\/totallubri.com.br\/index.php?rest_route=%2Fwp%2Fv2%2Fproduct_tag&post=6960"}],"curies":[{"name":"wp","href":"https:\/\/api.w.org\/{rel}","templated":true}]}}