{"id":6973,"date":"2018-05-14T14:58:55","date_gmt":"2018-05-14T17:58:55","guid":{"rendered":"http:\/\/totallubri.com.br\/?product=unidade-movel-eletrica-para-filtaragem-9180-dl"},"modified":"2024-12-09T13:04:45","modified_gmt":"2024-12-09T16:04:45","slug":"unidade-movel-eletrica-para-filtaragem-9180-dl","status":"publish","type":"product","link":"https:\/\/totallubri.com.br\/?product=unidade-movel-eletrica-para-filtaragem-9180-dl","title":{"rendered":"Unidade M\u00f3vel El\u00e9trica para Filtragem \u2013 9180-DL -LUPUS"},"content":{"rendered":"<p>Em a\u00e7o carbono, com dois filtros em linha (spin-on). Pode ser utilizado para transfer\u00eancia ou di\u00e1lise do fluido. Para diesel e \u00f3leo lubrificante.<\/p>\n<p>Vaz\u00e3o livre <strong>28\u00a0L\/min<\/strong><br \/>\nMotor\u00a0<strong>220\/380<\/strong> <strong>Vac Trif\u00e1sico<\/strong><br \/>\nBomba\u00a0<strong>engrenagem com by-pass<\/strong><br \/>\nPress\u00e3o m\u00e1xima de opera\u00e7\u00e3o <strong>145\u00a0PSI<\/strong><br \/>\nMangueira para suc\u00e7\u00e3o<strong> 3 m<\/strong><br \/>\nMangueira para descarga<strong>\u00a03 m<\/strong><br \/>\nFiltro 1:<strong>\u00a020 micra<br \/>\n<\/strong>Filtro 2:\u00a0<strong>4 micra<\/strong><\/p>\n","protected":false},"excerpt":{"rendered":"<p>Em a\u00e7o carbono, com dois filtros em linha (spin-on). Pode ser utilizado para transfer\u00eancia ou di\u00e1lise do fluido. Para diesel e \u00f3leo lubrificante. Vaz\u00e3o livre 28\u00a0L\/min Motor\u00a0220\/380 Vac Trif\u00e1sico Bomba\u00a0engrenagem com by-pass Press\u00e3o m\u00e1xima de opera\u00e7\u00e3o 145\u00a0PSI Mangueira para suc\u00e7\u00e3o 3 m Mangueira para descarga\u00a03 m Filtro 1:\u00a020 micra Filtro 2:\u00a04 micra<\/p>\n","protected":false},"featured_media":7056,"comment_status":"open","ping_status":"closed","template":"","meta":{"_exactmetrics_skip_tracking":false,"_exactmetrics_sitenote_active":false,"_exactmetrics_sitenote_note":"","_exactmetrics_sitenote_category":0},"product_brand":[],"product_cat":[116],"product_tag":[],"class_list":{"0":"post-6973","1":"product","2":"type-product","3":"status-publish","4":"has-post-thumbnail","6":"product_cat-unidade-movel","8":"first","9":"instock","10":"shipping-taxable","11":"product-type-simple"},"_links":{"self":[{"href":"https:\/\/totallubri.com.br\/index.php?rest_route=\/wp\/v2\/product\/6973","targetHints":{"allow":["GET"]}}],"collection":[{"href":"https:\/\/totallubri.com.br\/index.php?rest_route=\/wp\/v2\/product"}],"about":[{"href":"https:\/\/totallubri.com.br\/index.php?rest_route=\/wp\/v2\/types\/product"}],"replies":[{"embeddable":true,"href":"https:\/\/totallubri.com.br\/index.php?rest_route=%2Fwp%2Fv2%2Fcomments&post=6973"}],"wp:featuredmedia":[{"embeddable":true,"href":"https:\/\/totallubri.com.br\/index.php?rest_route=\/wp\/v2\/media\/7056"}],"wp:attachment":[{"href":"https:\/\/totallubri.com.br\/index.php?rest_route=%2Fwp%2Fv2%2Fmedia&parent=6973"}],"wp:term":[{"taxonomy":"product_brand","embeddable":true,"href":"https:\/\/totallubri.com.br\/index.php?rest_route=%2Fwp%2Fv2%2Fproduct_brand&post=6973"},{"taxonomy":"product_cat","embeddable":true,"href":"https:\/\/totallubri.com.br\/index.php?rest_route=%2Fwp%2Fv2%2Fproduct_cat&post=6973"},{"taxonomy":"product_tag","embeddable":true,"href":"https:\/\/totallubri.com.br\/index.php?rest_route=%2Fwp%2Fv2%2Fproduct_tag&post=6973"}],"curies":[{"name":"wp","href":"https:\/\/api.w.org\/{rel}","templated":true}]}}