{"id":7094,"date":"2018-05-21T11:48:00","date_gmt":"2018-05-21T14:48:00","guid":{"rendered":"http:\/\/totallubri.com.br\/?product=elemento-filtrante-para-absorcao-de-particulas-9180-eg-lupus"},"modified":"2024-11-19T17:00:55","modified_gmt":"2024-11-19T20:00:55","slug":"elemento-filtrante-para-absorcao-de-particulas-9180-eg-lupus","status":"publish","type":"product","link":"https:\/\/totallubri.com.br\/?product=elemento-filtrante-para-absorcao-de-particulas-9180-eg-lupus","title":{"rendered":"Elemento Filtrante para Absor\u00e7\u00e3o de Part\u00edculas &#8211; 9180-EG &#8211; Lupus"},"content":{"rendered":"<p align=\"LEFT\">Elemento filtrante com base\u00a0em alum\u00ednio,\u00a0e malha em\u00a0a\u00e7o inox.<\/p>\n<p align=\"LEFT\"><span style=\"font-size: small;\"><span style=\"font-family: HelveticaNeue-LightCond;\">Filtragem . <\/span><b><span style=\"font-family: HelveticaNeue-Bold;\">part\u00edculas<\/span><\/b><\/span><\/p>\n<p align=\"LEFT\"><span style=\"font-size: small;\"><span style=\"font-family: HelveticaNeue-LightCond;\">Vaz\u00e3o\u00a0M\u00e1x\u00a0. <strong>80<\/strong><\/span><b><span style=\"font-family: HelveticaNeue-Bold;\">\u00a0L\/min<\/span><\/b><\/span><\/p>\n<p align=\"LEFT\"><span style=\"font-size: small;\"><span style=\"font-family: HelveticaNeue-LightCond;\">Press\u00e3o m\u00e1xima de opera\u00e7\u00e3o . <strong>29<\/strong><\/span><b><span style=\"font-family: HelveticaNeue-Bold;\"><strong>0<\/strong> PSI<\/span><\/b><\/span><\/p>\n<p align=\"LEFT\"><span style=\"font-size: small;\"><span style=\"font-family: HelveticaNeue-LightCond;\">Micragem\u00a0. <\/span><span style=\"font-family: HelveticaNeue-Light;\">\u00a0<strong>100 Micra<\/strong><\/span><\/span><\/p>\n<p>&nbsp;<\/p>\n<p>&nbsp;<\/p>\n","protected":false},"excerpt":{"rendered":"<p>Elemento filtrante com base\u00a0em alum\u00ednio,\u00a0e malha em\u00a0a\u00e7o inox. Filtragem . part\u00edculas Vaz\u00e3o\u00a0M\u00e1x\u00a0. 80\u00a0L\/min Press\u00e3o m\u00e1xima de opera\u00e7\u00e3o . 290 PSI Micragem\u00a0. \u00a0100 Micra &nbsp; &nbsp;<\/p>\n","protected":false},"featured_media":7095,"comment_status":"open","ping_status":"closed","template":"","meta":{"_exactmetrics_skip_tracking":false,"_exactmetrics_sitenote_active":false,"_exactmetrics_sitenote_note":"","_exactmetrics_sitenote_category":0},"product_brand":[],"product_cat":[93],"product_tag":[],"class_list":{"0":"post-7094","1":"product","2":"type-product","3":"status-publish","4":"has-post-thumbnail","6":"product_cat-filtros-e-elementos-filtrantes","8":"first","9":"instock","10":"shipping-taxable","11":"product-type-simple"},"_links":{"self":[{"href":"https:\/\/totallubri.com.br\/index.php?rest_route=\/wp\/v2\/product\/7094","targetHints":{"allow":["GET"]}}],"collection":[{"href":"https:\/\/totallubri.com.br\/index.php?rest_route=\/wp\/v2\/product"}],"about":[{"href":"https:\/\/totallubri.com.br\/index.php?rest_route=\/wp\/v2\/types\/product"}],"replies":[{"embeddable":true,"href":"https:\/\/totallubri.com.br\/index.php?rest_route=%2Fwp%2Fv2%2Fcomments&post=7094"}],"wp:featuredmedia":[{"embeddable":true,"href":"https:\/\/totallubri.com.br\/index.php?rest_route=\/wp\/v2\/media\/7095"}],"wp:attachment":[{"href":"https:\/\/totallubri.com.br\/index.php?rest_route=%2Fwp%2Fv2%2Fmedia&parent=7094"}],"wp:term":[{"taxonomy":"product_brand","embeddable":true,"href":"https:\/\/totallubri.com.br\/index.php?rest_route=%2Fwp%2Fv2%2Fproduct_brand&post=7094"},{"taxonomy":"product_cat","embeddable":true,"href":"https:\/\/totallubri.com.br\/index.php?rest_route=%2Fwp%2Fv2%2Fproduct_cat&post=7094"},{"taxonomy":"product_tag","embeddable":true,"href":"https:\/\/totallubri.com.br\/index.php?rest_route=%2Fwp%2Fv2%2Fproduct_tag&post=7094"}],"curies":[{"name":"wp","href":"https:\/\/api.w.org\/{rel}","templated":true}]}}