{"id":7097,"date":"2018-05-21T11:59:33","date_gmt":"2018-05-21T14:59:33","guid":{"rendered":"http:\/\/totallubri.com.br\/?product=filtro-para-absorcao-de-particulas-9180-fg-lupus"},"modified":"2024-11-19T21:28:43","modified_gmt":"2024-11-20T00:28:43","slug":"filtro-para-absorcao-de-particulas-9180-fg-lupus","status":"publish","type":"product","link":"https:\/\/totallubri.com.br\/?product=filtro-para-absorcao-de-particulas-9180-fg-lupus","title":{"rendered":"Filtro para Absor\u00e7\u00e3o de Part\u00edculas &#8211; 9180-FG &#8211; Lupus"},"content":{"rendered":"<p align=\"LEFT\">Em a\u00e7o carbono, veda\u00e7\u00e3o em Buna-N\u00ae, para m\u00e9dia press\u00e3o at\u00e9 1000 psi.<\/p>\n<p>Compat\u00edvel com adptador: <strong>9180-C<br \/>\n<\/strong>Modelo:<strong> Spin-on<br \/>\n<\/strong>Vaz\u00e3o:<strong> 95 L\/min<br \/>\n<\/strong>Efici\u00eancia:<strong> 06 Micra@Berta 1000<br \/>\n<\/strong>Valores ISO de limpeza:<strong> 20\/16\/10<br \/>\n<\/strong>Viscosidade recomendada:<strong> &lt;2000 cSt<br \/>\n<\/strong>Press\u00e3o de trabalho:<strong> 1000 psi<br \/>\n<\/strong>Press\u00e3o de colapso:<strong> 290 psi<br \/>\n<\/strong>Press\u00e3o de ruptura:<strong> 2000 psi<br \/>\n<\/strong>Temperatura:<strong> -29 \/ 120\u00baC<\/strong><\/p>\n","protected":false},"excerpt":{"rendered":"<p>Em a\u00e7o carbono, veda\u00e7\u00e3o em Buna-N\u00ae, para m\u00e9dia press\u00e3o at\u00e9 1000 psi. Compat\u00edvel com adptador: 9180-C Modelo: Spin-on Vaz\u00e3o: 95 L\/min Efici\u00eancia: 06 Micra@Berta 1000 Valores ISO de limpeza: 20\/16\/10 Viscosidade recomendada: &lt;2000 cSt Press\u00e3o de trabalho: 1000 psi Press\u00e3o de colapso: 290 psi Press\u00e3o de ruptura: 2000 psi Temperatura: -29 \/ 120\u00baC<\/p>\n","protected":false},"featured_media":7099,"comment_status":"open","ping_status":"closed","template":"","meta":{"_exactmetrics_skip_tracking":false,"_exactmetrics_sitenote_active":false,"_exactmetrics_sitenote_note":"","_exactmetrics_sitenote_category":0},"product_brand":[],"product_cat":[93],"product_tag":[],"class_list":{"0":"post-7097","1":"product","2":"type-product","3":"status-publish","4":"has-post-thumbnail","6":"product_cat-filtros-e-elementos-filtrantes","8":"first","9":"instock","10":"shipping-taxable","11":"product-type-simple"},"_links":{"self":[{"href":"https:\/\/totallubri.com.br\/index.php?rest_route=\/wp\/v2\/product\/7097","targetHints":{"allow":["GET"]}}],"collection":[{"href":"https:\/\/totallubri.com.br\/index.php?rest_route=\/wp\/v2\/product"}],"about":[{"href":"https:\/\/totallubri.com.br\/index.php?rest_route=\/wp\/v2\/types\/product"}],"replies":[{"embeddable":true,"href":"https:\/\/totallubri.com.br\/index.php?rest_route=%2Fwp%2Fv2%2Fcomments&post=7097"}],"wp:featuredmedia":[{"embeddable":true,"href":"https:\/\/totallubri.com.br\/index.php?rest_route=\/wp\/v2\/media\/7099"}],"wp:attachment":[{"href":"https:\/\/totallubri.com.br\/index.php?rest_route=%2Fwp%2Fv2%2Fmedia&parent=7097"}],"wp:term":[{"taxonomy":"product_brand","embeddable":true,"href":"https:\/\/totallubri.com.br\/index.php?rest_route=%2Fwp%2Fv2%2Fproduct_brand&post=7097"},{"taxonomy":"product_cat","embeddable":true,"href":"https:\/\/totallubri.com.br\/index.php?rest_route=%2Fwp%2Fv2%2Fproduct_cat&post=7097"},{"taxonomy":"product_tag","embeddable":true,"href":"https:\/\/totallubri.com.br\/index.php?rest_route=%2Fwp%2Fv2%2Fproduct_tag&post=7097"}],"curies":[{"name":"wp","href":"https:\/\/api.w.org\/{rel}","templated":true}]}}