{"id":7098,"date":"2018-05-21T12:12:34","date_gmt":"2018-05-21T15:12:34","guid":{"rendered":"http:\/\/totallubri.com.br\/?post_type=product&#038;p=7098"},"modified":"2024-11-19T17:17:42","modified_gmt":"2024-11-19T20:17:42","slug":"elemento-filtrante-para-absorcao-de-particulas-arla32-9181-em","status":"publish","type":"product","link":"https:\/\/totallubri.com.br\/?product=elemento-filtrante-para-absorcao-de-particulas-arla32-9181-em","title":{"rendered":"ELEMENTO FILTRANTE PARA ABSORCAO DE PARTICULAS ARLA32- 9181-EM -LUPUS"},"content":{"rendered":"<p>Em polipropileno, ideal para aplica\u00e7\u00f5es industriais, o elemento oferece resist\u00eancia qu\u00edmica superior e n\u00e3o est\u00e1 propenso a ataque\u00a0 de bact\u00e9rios.<\/p>\n<p>Adapt\u00e1vel ao filtro. 9181-C \/9181-FAD<br \/>\nFiltragem &#8211; part\u00edculas arla32<br \/>\nMicragem (nominal) 5 micra<br \/>\nMaterial 100% polipropileno<br \/>\nTemperatura 4,4 \/ 62,8 C<br \/>\nPress\u00e3o m\u00e1xima &#8211; 30 Psi<\/p>\n<p>&nbsp;<\/p>\n<p>&nbsp;<\/p>\n<p>&nbsp;<\/p>\n","protected":false},"excerpt":{"rendered":"<p>Em polipropileno, ideal para aplica\u00e7\u00f5es industriais, o elemento oferece resist\u00eancia qu\u00edmica superior e n\u00e3o est\u00e1 propenso a ataque\u00a0 de bact\u00e9rios. Adapt\u00e1vel ao filtro. 9181-C \/9181-FAD Filtragem &#8211; part\u00edculas arla32 Micragem (nominal) 5 micra Material 100% polipropileno Temperatura 4,4 \/ 62,8 C Press\u00e3o m\u00e1xima &#8211; 30 Psi &nbsp; &nbsp; &nbsp;<\/p>\n","protected":false},"featured_media":7100,"comment_status":"open","ping_status":"closed","template":"","meta":{"_exactmetrics_skip_tracking":false,"_exactmetrics_sitenote_active":false,"_exactmetrics_sitenote_note":"","_exactmetrics_sitenote_category":0},"product_brand":[],"product_cat":[93],"product_tag":[],"class_list":{"0":"post-7098","1":"product","2":"type-product","3":"status-publish","4":"has-post-thumbnail","6":"product_cat-filtros-e-elementos-filtrantes","8":"first","9":"instock","10":"shipping-taxable","11":"product-type-simple"},"_links":{"self":[{"href":"https:\/\/totallubri.com.br\/index.php?rest_route=\/wp\/v2\/product\/7098","targetHints":{"allow":["GET"]}}],"collection":[{"href":"https:\/\/totallubri.com.br\/index.php?rest_route=\/wp\/v2\/product"}],"about":[{"href":"https:\/\/totallubri.com.br\/index.php?rest_route=\/wp\/v2\/types\/product"}],"replies":[{"embeddable":true,"href":"https:\/\/totallubri.com.br\/index.php?rest_route=%2Fwp%2Fv2%2Fcomments&post=7098"}],"wp:featuredmedia":[{"embeddable":true,"href":"https:\/\/totallubri.com.br\/index.php?rest_route=\/wp\/v2\/media\/7100"}],"wp:attachment":[{"href":"https:\/\/totallubri.com.br\/index.php?rest_route=%2Fwp%2Fv2%2Fmedia&parent=7098"}],"wp:term":[{"taxonomy":"product_brand","embeddable":true,"href":"https:\/\/totallubri.com.br\/index.php?rest_route=%2Fwp%2Fv2%2Fproduct_brand&post=7098"},{"taxonomy":"product_cat","embeddable":true,"href":"https:\/\/totallubri.com.br\/index.php?rest_route=%2Fwp%2Fv2%2Fproduct_cat&post=7098"},{"taxonomy":"product_tag","embeddable":true,"href":"https:\/\/totallubri.com.br\/index.php?rest_route=%2Fwp%2Fv2%2Fproduct_tag&post=7098"}],"curies":[{"name":"wp","href":"https:\/\/api.w.org\/{rel}","templated":true}]}}