{"id":7101,"date":"2018-05-21T12:13:01","date_gmt":"2018-05-21T15:13:01","guid":{"rendered":"http:\/\/totallubri.com.br\/?product=elemento-filtrante-para-absorcao-de-particulas-arla32-9181-ej"},"modified":"2024-12-19T17:52:08","modified_gmt":"2024-12-19T20:52:08","slug":"elemento-filtrante-para-absorcao-de-particulas-arla32-9181-ej","status":"publish","type":"product","link":"https:\/\/totallubri.com.br\/?product=elemento-filtrante-para-absorcao-de-particulas-arla32-9181-ej","title":{"rendered":"ELEMENTO FILTRANTE PARA ABSORCAO DE PARTICULAS ARLA32- 9181-EJ -LUPUS"},"content":{"rendered":"<p>Em polipropileno, trabalha de forma progressiva com duas malhas de filtragem, de 50 micra e 5 micra. Ideal para aplica\u00e7\u00f5es industriais, o elemento oferece resist\u00eancia qu\u00edmica superior e n\u00e3o est\u00e1 propenso a ataque\u00a0 de bact\u00e9rias.<\/p>\n<p>Adapt\u00e1vel ao filtro. 9181-D<br \/>\nFiltragem &#8211; part\u00edculas arla32 cristalizadas<br \/>\nMicragem (nominal) 50\/05 micra<br \/>\nMaterial 100% polipropileno<br \/>\nTemperatura 4,4 \/ 62,8 C<br \/>\nPress\u00e3o m\u00e1xima &#8211; 30 Psi<\/p>\n<p>&nbsp;<\/p>\n<p>&nbsp;<\/p>\n<p>&nbsp;<\/p>\n","protected":false},"excerpt":{"rendered":"<p>Em polipropileno, trabalha de forma progressiva com duas malhas de filtragem, de 50 micra e 5 micra. Ideal para aplica\u00e7\u00f5es industriais, o elemento oferece resist\u00eancia qu\u00edmica superior e n\u00e3o est\u00e1 propenso a ataque\u00a0 de bact\u00e9rias. Adapt\u00e1vel ao filtro. 9181-D Filtragem &#8211; part\u00edculas arla32 cristalizadas Micragem (nominal) 50\/05 micra Material 100% polipropileno Temperatura 4,4 \/ 62,8 [&hellip;]<\/p>\n","protected":false},"featured_media":7102,"comment_status":"open","ping_status":"closed","template":"","meta":{"_exactmetrics_skip_tracking":false,"_exactmetrics_sitenote_active":false,"_exactmetrics_sitenote_note":"","_exactmetrics_sitenote_category":0},"product_brand":[],"product_cat":[93],"product_tag":[],"class_list":{"0":"post-7101","1":"product","2":"type-product","3":"status-publish","4":"has-post-thumbnail","6":"product_cat-filtros-e-elementos-filtrantes","8":"first","9":"instock","10":"shipping-taxable","11":"product-type-simple"},"_links":{"self":[{"href":"https:\/\/totallubri.com.br\/index.php?rest_route=\/wp\/v2\/product\/7101","targetHints":{"allow":["GET"]}}],"collection":[{"href":"https:\/\/totallubri.com.br\/index.php?rest_route=\/wp\/v2\/product"}],"about":[{"href":"https:\/\/totallubri.com.br\/index.php?rest_route=\/wp\/v2\/types\/product"}],"replies":[{"embeddable":true,"href":"https:\/\/totallubri.com.br\/index.php?rest_route=%2Fwp%2Fv2%2Fcomments&post=7101"}],"wp:featuredmedia":[{"embeddable":true,"href":"https:\/\/totallubri.com.br\/index.php?rest_route=\/wp\/v2\/media\/7102"}],"wp:attachment":[{"href":"https:\/\/totallubri.com.br\/index.php?rest_route=%2Fwp%2Fv2%2Fmedia&parent=7101"}],"wp:term":[{"taxonomy":"product_brand","embeddable":true,"href":"https:\/\/totallubri.com.br\/index.php?rest_route=%2Fwp%2Fv2%2Fproduct_brand&post=7101"},{"taxonomy":"product_cat","embeddable":true,"href":"https:\/\/totallubri.com.br\/index.php?rest_route=%2Fwp%2Fv2%2Fproduct_cat&post=7101"},{"taxonomy":"product_tag","embeddable":true,"href":"https:\/\/totallubri.com.br\/index.php?rest_route=%2Fwp%2Fv2%2Fproduct_tag&post=7101"}],"curies":[{"name":"wp","href":"https:\/\/api.w.org\/{rel}","templated":true}]}}