{"id":7105,"date":"2018-05-21T12:59:58","date_gmt":"2018-05-21T15:59:58","guid":{"rendered":"http:\/\/totallubri.com.br\/?product=elemento-filtrante-para-absorcao-de-particulas-arla32-9181-c"},"modified":"2024-11-19T17:10:13","modified_gmt":"2024-11-19T20:10:13","slug":"elemento-filtrante-para-absorcao-de-particulas-arla32-9181-c","status":"publish","type":"product","link":"https:\/\/totallubri.com.br\/?product=elemento-filtrante-para-absorcao-de-particulas-arla32-9181-c","title":{"rendered":"ELEMENTO FILTRANTE PARA ABSORCAO DE PARTICULAS ARLA32- 9181-C-LUPUS"},"content":{"rendered":"<p>Em polipropileno, oferece a filtragem para grande quantidade de sedimentos. Possui bot\u00e3o de despressuriza\u00e7\u00e3o, para facilitar a troca do elemento filtrante. Elemento em polipropileno, ideal para aplica\u00e7\u00f5es industriais, o elemento oferece resist\u00eancia qu\u00edmica superior, e n\u00e3o esta propenso a ataque de bact\u00e9rias.<\/p>\n<p>Adapt\u00e1vel ao elemento. 9181-EM<br \/>\nFiltragem &#8211; part\u00edculas arla32<br \/>\nVaz\u00e3o 76L\/min<br \/>\nMicragem (nominal) 5 micra<br \/>\nMaterial 100% polipropileno<br \/>\nEntrada\/Sa\u00edda\u00a0 3\/4&#8243; NPT<br \/>\nTemperatura 51,7 C<br \/>\nPress\u00e3o m\u00e1xima &#8211; 125 Psi<\/p>\n<p>&nbsp;<\/p>\n<p>&nbsp;<\/p>\n<p>&nbsp;<\/p>\n","protected":false},"excerpt":{"rendered":"<p>Em polipropileno, oferece a filtragem para grande quantidade de sedimentos. Possui bot\u00e3o de despressuriza\u00e7\u00e3o, para facilitar a troca do elemento filtrante. Elemento em polipropileno, ideal para aplica\u00e7\u00f5es industriais, o elemento oferece resist\u00eancia qu\u00edmica superior, e n\u00e3o esta propenso a ataque de bact\u00e9rias. Adapt\u00e1vel ao elemento. 9181-EM Filtragem &#8211; part\u00edculas arla32 Vaz\u00e3o 76L\/min Micragem (nominal) 5 [&hellip;]<\/p>\n","protected":false},"featured_media":7108,"comment_status":"open","ping_status":"closed","template":"","meta":{"_exactmetrics_skip_tracking":false,"_exactmetrics_sitenote_active":false,"_exactmetrics_sitenote_note":"","_exactmetrics_sitenote_category":0},"product_brand":[],"product_cat":[93],"product_tag":[],"class_list":{"0":"post-7105","1":"product","2":"type-product","3":"status-publish","4":"has-post-thumbnail","6":"product_cat-filtros-e-elementos-filtrantes","8":"first","9":"instock","10":"shipping-taxable","11":"product-type-simple"},"_links":{"self":[{"href":"https:\/\/totallubri.com.br\/index.php?rest_route=\/wp\/v2\/product\/7105","targetHints":{"allow":["GET"]}}],"collection":[{"href":"https:\/\/totallubri.com.br\/index.php?rest_route=\/wp\/v2\/product"}],"about":[{"href":"https:\/\/totallubri.com.br\/index.php?rest_route=\/wp\/v2\/types\/product"}],"replies":[{"embeddable":true,"href":"https:\/\/totallubri.com.br\/index.php?rest_route=%2Fwp%2Fv2%2Fcomments&post=7105"}],"wp:featuredmedia":[{"embeddable":true,"href":"https:\/\/totallubri.com.br\/index.php?rest_route=\/wp\/v2\/media\/7108"}],"wp:attachment":[{"href":"https:\/\/totallubri.com.br\/index.php?rest_route=%2Fwp%2Fv2%2Fmedia&parent=7105"}],"wp:term":[{"taxonomy":"product_brand","embeddable":true,"href":"https:\/\/totallubri.com.br\/index.php?rest_route=%2Fwp%2Fv2%2Fproduct_brand&post=7105"},{"taxonomy":"product_cat","embeddable":true,"href":"https:\/\/totallubri.com.br\/index.php?rest_route=%2Fwp%2Fv2%2Fproduct_cat&post=7105"},{"taxonomy":"product_tag","embeddable":true,"href":"https:\/\/totallubri.com.br\/index.php?rest_route=%2Fwp%2Fv2%2Fproduct_tag&post=7105"}],"curies":[{"name":"wp","href":"https:\/\/api.w.org\/{rel}","templated":true}]}}