{"id":7111,"date":"2018-05-21T14:07:38","date_gmt":"2018-05-21T17:07:38","guid":{"rendered":"http:\/\/totallubri.com.br\/?product=filtro-para-absorcao-de-particulas-9180-fl-lupus"},"modified":"2024-11-19T21:31:58","modified_gmt":"2024-11-20T00:31:58","slug":"filtro-para-absorcao-de-particulas-9180-fl-lupus","status":"publish","type":"product","link":"https:\/\/totallubri.com.br\/?product=filtro-para-absorcao-de-particulas-9180-fl-lupus","title":{"rendered":"Filtro para Absor\u00e7\u00e3o de Part\u00edculas &#8211; 9180-FL &#8211; Lupus"},"content":{"rendered":"<p align=\"LEFT\">Em a\u00e7o carbono, veda\u00e7\u00e3o em Buna-N\u00ae, excelente compatibilidade com flu\u00eddos. Com tecnologia de Redu\u00e7\u00e3o eletrost\u00e1tica, que impede danos na m\u00eddia durante aplica\u00e7\u00f5es com alto fluxo de combust\u00edvel.<\/p>\n<p>Compat\u00edvel com adptadores:<br \/>\n<strong>9180-H,9180-J,9180-M,9180-I,9180-N e 9180-L<br \/>\n<\/strong>Modelo:<strong> Spin-on<br \/>\n<\/strong>Vaz\u00e3o:<strong>\u00a0246 L\/min<br \/>\n<\/strong>Efici\u00eancia:<strong>\u00a025 Micra@Beta 2000<br \/>\n<\/strong>Valores ISO de limpeza:<strong>\u00a018\/16\/13<\/strong><strong><br \/>\n<\/strong>Viscosidade recomendada:<strong> &lt;6000 cSt<br \/>\n<\/strong>Press\u00e3o de trabalho:<strong>\u00a0350 psi<br \/>\n<\/strong>Press\u00e3o de colapso:<strong>\u00a0150 psi<br \/>\n<\/strong>Press\u00e3o de ruptura:<strong>\u00a0800 psi<br \/>\n<\/strong>Temperatura:<strong> -40 \/ 118\u00baC<\/strong><\/p>\n","protected":false},"excerpt":{"rendered":"<p>Em a\u00e7o carbono, veda\u00e7\u00e3o em Buna-N\u00ae, excelente compatibilidade com flu\u00eddos. Com tecnologia de Redu\u00e7\u00e3o eletrost\u00e1tica, que impede danos na m\u00eddia durante aplica\u00e7\u00f5es com alto fluxo de combust\u00edvel. Compat\u00edvel com adptadores: 9180-H,9180-J,9180-M,9180-I,9180-N e 9180-L Modelo: Spin-on Vaz\u00e3o:\u00a0246 L\/min Efici\u00eancia:\u00a025 Micra@Beta 2000 Valores ISO de limpeza:\u00a018\/16\/13 Viscosidade recomendada: &lt;6000 cSt Press\u00e3o de trabalho:\u00a0350 psi Press\u00e3o de colapso:\u00a0150 [&hellip;]<\/p>\n","protected":false},"featured_media":7110,"comment_status":"open","ping_status":"closed","template":"","meta":{"_exactmetrics_skip_tracking":false,"_exactmetrics_sitenote_active":false,"_exactmetrics_sitenote_note":"","_exactmetrics_sitenote_category":0},"product_brand":[],"product_cat":[93],"product_tag":[],"class_list":{"0":"post-7111","1":"product","2":"type-product","3":"status-publish","4":"has-post-thumbnail","6":"product_cat-filtros-e-elementos-filtrantes","8":"first","9":"instock","10":"shipping-taxable","11":"product-type-simple"},"_links":{"self":[{"href":"https:\/\/totallubri.com.br\/index.php?rest_route=\/wp\/v2\/product\/7111","targetHints":{"allow":["GET"]}}],"collection":[{"href":"https:\/\/totallubri.com.br\/index.php?rest_route=\/wp\/v2\/product"}],"about":[{"href":"https:\/\/totallubri.com.br\/index.php?rest_route=\/wp\/v2\/types\/product"}],"replies":[{"embeddable":true,"href":"https:\/\/totallubri.com.br\/index.php?rest_route=%2Fwp%2Fv2%2Fcomments&post=7111"}],"wp:featuredmedia":[{"embeddable":true,"href":"https:\/\/totallubri.com.br\/index.php?rest_route=\/wp\/v2\/media\/7110"}],"wp:attachment":[{"href":"https:\/\/totallubri.com.br\/index.php?rest_route=%2Fwp%2Fv2%2Fmedia&parent=7111"}],"wp:term":[{"taxonomy":"product_brand","embeddable":true,"href":"https:\/\/totallubri.com.br\/index.php?rest_route=%2Fwp%2Fv2%2Fproduct_brand&post=7111"},{"taxonomy":"product_cat","embeddable":true,"href":"https:\/\/totallubri.com.br\/index.php?rest_route=%2Fwp%2Fv2%2Fproduct_cat&post=7111"},{"taxonomy":"product_tag","embeddable":true,"href":"https:\/\/totallubri.com.br\/index.php?rest_route=%2Fwp%2Fv2%2Fproduct_tag&post=7111"}],"curies":[{"name":"wp","href":"https:\/\/api.w.org\/{rel}","templated":true}]}}