{"id":7125,"date":"2018-05-21T15:11:54","date_gmt":"2018-05-21T18:11:54","guid":{"rendered":"http:\/\/totallubri.com.br\/?post_type=product&#038;p=7125"},"modified":"2024-11-19T17:47:06","modified_gmt":"2024-11-19T20:47:06","slug":"filtro-para-absorcao-de-particulas-de-arla32-cristalizada-9181-fad","status":"publish","type":"product","link":"https:\/\/totallubri.com.br\/?product=filtro-para-absorcao-de-particulas-de-arla32-cristalizada-9181-fad","title":{"rendered":"FILTRO P\/ABSOR\u00c7\u00c3O DE PARTICULAS ARLA32 CRISTALIZADA-9181-FAD-LUPUS"},"content":{"rendered":"<p>Em a\u00e7o inox, elemento em polipropileno.<\/p>\n<p>&nbsp;<\/p>\n<p>Carca\u00e7a &#8211; a\u00e7o inox 316<br \/>\nEfici\u00eancia 1 micron @ Beta 5000 (99.98%)<br \/>\nConex\u00e3o 1&#8243; NPT<br \/>\nRosca do dreno .1\/4&#8243;NPT<br \/>\nPress\u00e3o m\u00e1xima de opera\u00e7\u00e3o 300Psi<br \/>\nVaz\u00e3o m\u00e1xima 38 L\/min<br \/>\nFluido Arla<br \/>\nTemperatura de opera\u00e7\u00e3o . -11 at\u00e9 50 C<\/p>\n<p>&nbsp;<\/p>\n<p>&nbsp;<\/p>\n<p>&nbsp;<\/p>\n<p>&nbsp;<\/p>\n<p>&nbsp;<\/p>\n","protected":false},"excerpt":{"rendered":"<p>Em a\u00e7o inox, elemento em polipropileno. &nbsp; Carca\u00e7a &#8211; a\u00e7o inox 316 Efici\u00eancia 1 micron @ Beta 5000 (99.98%) Conex\u00e3o 1&#8243; NPT Rosca do dreno .1\/4&#8243;NPT Press\u00e3o m\u00e1xima de opera\u00e7\u00e3o 300Psi Vaz\u00e3o m\u00e1xima 38 L\/min Fluido Arla Temperatura de opera\u00e7\u00e3o . -11 at\u00e9 50 C &nbsp; &nbsp; &nbsp; &nbsp; &nbsp;<\/p>\n","protected":false},"featured_media":7127,"comment_status":"open","ping_status":"closed","template":"","meta":{"_exactmetrics_skip_tracking":false,"_exactmetrics_sitenote_active":false,"_exactmetrics_sitenote_note":"","_exactmetrics_sitenote_category":0},"product_brand":[],"product_cat":[93],"product_tag":[],"class_list":{"0":"post-7125","1":"product","2":"type-product","3":"status-publish","4":"has-post-thumbnail","6":"product_cat-filtros-e-elementos-filtrantes","8":"first","9":"instock","10":"shipping-taxable","11":"product-type-simple"},"_links":{"self":[{"href":"https:\/\/totallubri.com.br\/index.php?rest_route=\/wp\/v2\/product\/7125","targetHints":{"allow":["GET"]}}],"collection":[{"href":"https:\/\/totallubri.com.br\/index.php?rest_route=\/wp\/v2\/product"}],"about":[{"href":"https:\/\/totallubri.com.br\/index.php?rest_route=\/wp\/v2\/types\/product"}],"replies":[{"embeddable":true,"href":"https:\/\/totallubri.com.br\/index.php?rest_route=%2Fwp%2Fv2%2Fcomments&post=7125"}],"wp:featuredmedia":[{"embeddable":true,"href":"https:\/\/totallubri.com.br\/index.php?rest_route=\/wp\/v2\/media\/7127"}],"wp:attachment":[{"href":"https:\/\/totallubri.com.br\/index.php?rest_route=%2Fwp%2Fv2%2Fmedia&parent=7125"}],"wp:term":[{"taxonomy":"product_brand","embeddable":true,"href":"https:\/\/totallubri.com.br\/index.php?rest_route=%2Fwp%2Fv2%2Fproduct_brand&post=7125"},{"taxonomy":"product_cat","embeddable":true,"href":"https:\/\/totallubri.com.br\/index.php?rest_route=%2Fwp%2Fv2%2Fproduct_cat&post=7125"},{"taxonomy":"product_tag","embeddable":true,"href":"https:\/\/totallubri.com.br\/index.php?rest_route=%2Fwp%2Fv2%2Fproduct_tag&post=7125"}],"curies":[{"name":"wp","href":"https:\/\/api.w.org\/{rel}","templated":true}]}}