{"id":7131,"date":"2018-05-21T15:18:41","date_gmt":"2018-05-21T18:18:41","guid":{"rendered":"http:\/\/totallubri.com.br\/?post_type=product&#038;p=7131"},"modified":"2025-04-23T12:42:02","modified_gmt":"2025-04-23T15:42:02","slug":"aferidor-9004-ar","status":"publish","type":"product","link":"https:\/\/totallubri.com.br\/?product=aferidor-9004-ar","title":{"rendered":"Aferidor 9004-AR- EM INOX-LUPUS"},"content":{"rendered":"<p>Aferidor<\/p>\n<p>Em a\u00e7o inoxid\u00e1vel polido, capacidade de medi\u00e7\u00e3o de 20 Litros, com escala de gradua\u00e7\u00e3o e resolu\u00e7\u00e3o de 20 ml, e range de 200ml.<\/p>\n<p>Volume &#8211; 20 litros<br \/>\nResolu\u00e7\u00e3o 20 Ml<br \/>\nRange -200ml at\u00e9 +200 ml<\/p>\n<p>&nbsp;<\/p>\n<p>&nbsp;<\/p>\n","protected":false},"excerpt":{"rendered":"<p>Aferidor Em a\u00e7o inoxid\u00e1vel polido, capacidade de medi\u00e7\u00e3o de 20 Litros, com escala de gradua\u00e7\u00e3o e resolu\u00e7\u00e3o de 20 ml, e range de 200ml. Volume &#8211; 20 litros Resolu\u00e7\u00e3o 20 Ml Range -200ml at\u00e9 +200 ml &nbsp; &nbsp;<\/p>\n","protected":false},"featured_media":7132,"comment_status":"open","ping_status":"closed","template":"","meta":{"_exactmetrics_skip_tracking":false,"_exactmetrics_sitenote_active":false,"_exactmetrics_sitenote_note":"","_exactmetrics_sitenote_category":0},"product_brand":[],"product_cat":[107],"product_tag":[],"class_list":{"0":"post-7131","1":"product","2":"type-product","3":"status-publish","4":"has-post-thumbnail","6":"product_cat-equipamentos-para-troca-de-oleo","8":"first","9":"instock","10":"shipping-taxable","11":"product-type-simple"},"_links":{"self":[{"href":"https:\/\/totallubri.com.br\/index.php?rest_route=\/wp\/v2\/product\/7131","targetHints":{"allow":["GET"]}}],"collection":[{"href":"https:\/\/totallubri.com.br\/index.php?rest_route=\/wp\/v2\/product"}],"about":[{"href":"https:\/\/totallubri.com.br\/index.php?rest_route=\/wp\/v2\/types\/product"}],"replies":[{"embeddable":true,"href":"https:\/\/totallubri.com.br\/index.php?rest_route=%2Fwp%2Fv2%2Fcomments&post=7131"}],"wp:featuredmedia":[{"embeddable":true,"href":"https:\/\/totallubri.com.br\/index.php?rest_route=\/wp\/v2\/media\/7132"}],"wp:attachment":[{"href":"https:\/\/totallubri.com.br\/index.php?rest_route=%2Fwp%2Fv2%2Fmedia&parent=7131"}],"wp:term":[{"taxonomy":"product_brand","embeddable":true,"href":"https:\/\/totallubri.com.br\/index.php?rest_route=%2Fwp%2Fv2%2Fproduct_brand&post=7131"},{"taxonomy":"product_cat","embeddable":true,"href":"https:\/\/totallubri.com.br\/index.php?rest_route=%2Fwp%2Fv2%2Fproduct_cat&post=7131"},{"taxonomy":"product_tag","embeddable":true,"href":"https:\/\/totallubri.com.br\/index.php?rest_route=%2Fwp%2Fv2%2Fproduct_tag&post=7131"}],"curies":[{"name":"wp","href":"https:\/\/api.w.org\/{rel}","templated":true}]}}