{"id":7137,"date":"2018-05-21T15:45:53","date_gmt":"2018-05-21T18:45:53","guid":{"rendered":"http:\/\/totallubri.com.br\/?post_type=product&#038;p=7137"},"modified":"2024-12-01T13:07:20","modified_gmt":"2024-12-01T16:07:20","slug":"medidor-registrador-2500s-mp","status":"publish","type":"product","link":"https:\/\/totallubri.com.br\/?product=medidor-registrador-2500s-mp","title":{"rendered":"MEDIDOR REGISTRADOR 2500S-MP \u2013 LUPUS"},"content":{"rendered":"<p>Em a\u00e7o inox, com separador de gases<\/p>\n<p>Vaz\u00e3o livre. 55 a 550L\/min<br \/>\nVolume por ciclo 0,681 L<br \/>\nPress\u00e3o m\u00e1xima de opera\u00e7\u00e3o 145 Psi<br \/>\nPrecis\u00e3o +ou- 0,2%<br \/>\nConex\u00e3o\u00a0 2&#8243;<br \/>\nSistema de medi\u00e7\u00e3o rotores<br \/>\nTemperatura de trabalho -30C \/ 70C<br \/>\nDigitos 05<\/p>\n<p>&nbsp;<\/p>\n<p>&nbsp;<\/p>\n<p>&nbsp;<\/p>\n<p>&nbsp;<\/p>\n","protected":false},"excerpt":{"rendered":"<p>Em a\u00e7o inox, com separador de gases Vaz\u00e3o livre. 55 a 550L\/min Volume por ciclo 0,681 L Press\u00e3o m\u00e1xima de opera\u00e7\u00e3o 145 Psi Precis\u00e3o +ou- 0,2% Conex\u00e3o\u00a0 2&#8243; Sistema de medi\u00e7\u00e3o rotores Temperatura de trabalho -30C \/ 70C Digitos 05 &nbsp; &nbsp; &nbsp; &nbsp;<\/p>\n","protected":false},"featured_media":7138,"comment_status":"open","ping_status":"closed","template":"","meta":{"_exactmetrics_skip_tracking":false,"_exactmetrics_sitenote_active":false,"_exactmetrics_sitenote_note":"","_exactmetrics_sitenote_category":0},"product_brand":[],"product_cat":[109],"product_tag":[],"class_list":{"0":"post-7137","1":"product","2":"type-product","3":"status-publish","4":"has-post-thumbnail","6":"product_cat-medidor-mecanico","8":"first","9":"instock","10":"shipping-taxable","11":"product-type-simple"},"_links":{"self":[{"href":"https:\/\/totallubri.com.br\/index.php?rest_route=\/wp\/v2\/product\/7137","targetHints":{"allow":["GET"]}}],"collection":[{"href":"https:\/\/totallubri.com.br\/index.php?rest_route=\/wp\/v2\/product"}],"about":[{"href":"https:\/\/totallubri.com.br\/index.php?rest_route=\/wp\/v2\/types\/product"}],"replies":[{"embeddable":true,"href":"https:\/\/totallubri.com.br\/index.php?rest_route=%2Fwp%2Fv2%2Fcomments&post=7137"}],"wp:featuredmedia":[{"embeddable":true,"href":"https:\/\/totallubri.com.br\/index.php?rest_route=\/wp\/v2\/media\/7138"}],"wp:attachment":[{"href":"https:\/\/totallubri.com.br\/index.php?rest_route=%2Fwp%2Fv2%2Fmedia&parent=7137"}],"wp:term":[{"taxonomy":"product_brand","embeddable":true,"href":"https:\/\/totallubri.com.br\/index.php?rest_route=%2Fwp%2Fv2%2Fproduct_brand&post=7137"},{"taxonomy":"product_cat","embeddable":true,"href":"https:\/\/totallubri.com.br\/index.php?rest_route=%2Fwp%2Fv2%2Fproduct_cat&post=7137"},{"taxonomy":"product_tag","embeddable":true,"href":"https:\/\/totallubri.com.br\/index.php?rest_route=%2Fwp%2Fv2%2Fproduct_tag&post=7137"}],"curies":[{"name":"wp","href":"https:\/\/api.w.org\/{rel}","templated":true}]}}