{"id":7145,"date":"2018-05-21T15:59:36","date_gmt":"2018-05-21T18:59:36","guid":{"rendered":"http:\/\/totallubri.com.br\/?post_type=product&#038;p=7145"},"modified":"2024-12-01T12:34:27","modified_gmt":"2024-12-01T15:34:27","slug":"medidor-de-pulso-2200s-p","status":"publish","type":"product","link":"https:\/\/totallubri.com.br\/?product=medidor-de-pulso-2200s-p","title":{"rendered":"Medidor de pulso \u2013 2200S-P-LUPUS"},"content":{"rendered":"<p>Em a\u00e7o inox, sistema de medi\u00e7\u00e3o por engrenagens ovais.<\/p>\n<p>Vaz\u00e3o 10 a 80 L\/min<br \/>\nPress\u00e3o m\u00e1xima\u00a0 490 PSI<br \/>\nPrecis\u00e3o +ou- 0,5%<br \/>\nConex\u00e3o 3\/4&#8243;<br \/>\nVolume por ciclo 0,055 L<\/p>\n<p>&nbsp;<\/p>\n<p>&nbsp;<\/p>\n<p>&nbsp;<\/p>\n","protected":false},"excerpt":{"rendered":"<p>Em a\u00e7o inox, sistema de medi\u00e7\u00e3o por engrenagens ovais. Vaz\u00e3o 10 a 80 L\/min Press\u00e3o m\u00e1xima\u00a0 490 PSI Precis\u00e3o +ou- 0,5% Conex\u00e3o 3\/4&#8243; Volume por ciclo 0,055 L &nbsp; &nbsp; &nbsp;<\/p>\n","protected":false},"featured_media":7147,"comment_status":"open","ping_status":"closed","template":"","meta":{"_exactmetrics_skip_tracking":false,"_exactmetrics_sitenote_active":false,"_exactmetrics_sitenote_note":"","_exactmetrics_sitenote_category":0},"product_brand":[],"product_cat":[109],"product_tag":[],"class_list":{"0":"post-7145","1":"product","2":"type-product","3":"status-publish","4":"has-post-thumbnail","6":"product_cat-medidor-mecanico","8":"first","9":"instock","10":"shipping-taxable","11":"product-type-simple"},"_links":{"self":[{"href":"https:\/\/totallubri.com.br\/index.php?rest_route=\/wp\/v2\/product\/7145","targetHints":{"allow":["GET"]}}],"collection":[{"href":"https:\/\/totallubri.com.br\/index.php?rest_route=\/wp\/v2\/product"}],"about":[{"href":"https:\/\/totallubri.com.br\/index.php?rest_route=\/wp\/v2\/types\/product"}],"replies":[{"embeddable":true,"href":"https:\/\/totallubri.com.br\/index.php?rest_route=%2Fwp%2Fv2%2Fcomments&post=7145"}],"wp:featuredmedia":[{"embeddable":true,"href":"https:\/\/totallubri.com.br\/index.php?rest_route=\/wp\/v2\/media\/7147"}],"wp:attachment":[{"href":"https:\/\/totallubri.com.br\/index.php?rest_route=%2Fwp%2Fv2%2Fmedia&parent=7145"}],"wp:term":[{"taxonomy":"product_brand","embeddable":true,"href":"https:\/\/totallubri.com.br\/index.php?rest_route=%2Fwp%2Fv2%2Fproduct_brand&post=7145"},{"taxonomy":"product_cat","embeddable":true,"href":"https:\/\/totallubri.com.br\/index.php?rest_route=%2Fwp%2Fv2%2Fproduct_cat&post=7145"},{"taxonomy":"product_tag","embeddable":true,"href":"https:\/\/totallubri.com.br\/index.php?rest_route=%2Fwp%2Fv2%2Fproduct_tag&post=7145"}],"curies":[{"name":"wp","href":"https:\/\/api.w.org\/{rel}","templated":true}]}}