{"id":7155,"date":"2018-05-21T16:10:37","date_gmt":"2018-05-21T19:10:37","guid":{"rendered":"http:\/\/totallubri.com.br\/?post_type=product&#038;p=7155"},"modified":"2025-02-26T15:52:31","modified_gmt":"2025-02-26T18:52:31","slug":"bico-manual-2100-ad","status":"publish","type":"product","link":"https:\/\/totallubri.com.br\/?product=bico-manual-2100-ad","title":{"rendered":"BICO MANUAL \u2013 2100-AD-LUPUS"},"content":{"rendered":"<p>Corpo em acetal, selos em viton, com espig\u00e3o para mangueira de 3\/4&#8243;.<\/p>\n<h2>Descri\u00e7\u00e3o<\/h2>\n<p>Peso: 2 kg<\/p>\n<p>Medidas: (A) 250 mm x (L) 160 mm<\/p>\n<p>Vaz\u00e3o livre. 80 L\/min<br \/>\nPonteira ext. 1\/2&#8243; a\u00e7o inox<br \/>\nEntrada 3\/4&#8243; \/ 3\/4&#8243;(escama)<br \/>\nPress\u00e3o m\u00e1xima 50 Psi<\/p>\n<p>Material em acetal e em selos em viton.<\/p>\n<p>&nbsp;<\/p>\n","protected":false},"excerpt":{"rendered":"<p>Corpo em acetal, selos em viton, com espig\u00e3o para mangueira de 3\/4&#8243;. Descri\u00e7\u00e3o Peso: 2 kg Medidas: (A) 250 mm x (L) 160 mm Vaz\u00e3o livre. 80 L\/min Ponteira ext. 1\/2&#8243; a\u00e7o inox Entrada 3\/4&#8243; \/ 3\/4&#8243;(escama) Press\u00e3o m\u00e1xima 50 Psi Material em acetal e em selos em viton. &nbsp;<\/p>\n","protected":false},"featured_media":7158,"comment_status":"open","ping_status":"closed","template":"","meta":{"_exactmetrics_skip_tracking":false,"_exactmetrics_sitenote_active":false,"_exactmetrics_sitenote_note":"","_exactmetrics_sitenote_category":0},"product_brand":[],"product_cat":[106],"product_tag":[],"class_list":{"0":"post-7155","1":"product","2":"type-product","3":"status-publish","4":"has-post-thumbnail","6":"product_cat-bico-de-abastecimento-para-combustiveis","8":"first","9":"instock","10":"shipping-taxable","11":"product-type-simple"},"_links":{"self":[{"href":"https:\/\/totallubri.com.br\/index.php?rest_route=\/wp\/v2\/product\/7155","targetHints":{"allow":["GET"]}}],"collection":[{"href":"https:\/\/totallubri.com.br\/index.php?rest_route=\/wp\/v2\/product"}],"about":[{"href":"https:\/\/totallubri.com.br\/index.php?rest_route=\/wp\/v2\/types\/product"}],"replies":[{"embeddable":true,"href":"https:\/\/totallubri.com.br\/index.php?rest_route=%2Fwp%2Fv2%2Fcomments&post=7155"}],"wp:featuredmedia":[{"embeddable":true,"href":"https:\/\/totallubri.com.br\/index.php?rest_route=\/wp\/v2\/media\/7158"}],"wp:attachment":[{"href":"https:\/\/totallubri.com.br\/index.php?rest_route=%2Fwp%2Fv2%2Fmedia&parent=7155"}],"wp:term":[{"taxonomy":"product_brand","embeddable":true,"href":"https:\/\/totallubri.com.br\/index.php?rest_route=%2Fwp%2Fv2%2Fproduct_brand&post=7155"},{"taxonomy":"product_cat","embeddable":true,"href":"https:\/\/totallubri.com.br\/index.php?rest_route=%2Fwp%2Fv2%2Fproduct_cat&post=7155"},{"taxonomy":"product_tag","embeddable":true,"href":"https:\/\/totallubri.com.br\/index.php?rest_route=%2Fwp%2Fv2%2Fproduct_tag&post=7155"}],"curies":[{"name":"wp","href":"https:\/\/api.w.org\/{rel}","templated":true}]}}