{"id":7168,"date":"2018-05-21T17:21:43","date_gmt":"2018-05-21T20:21:43","guid":{"rendered":"http:\/\/totallubri.com.br\/?post_type=product&#038;p=7168"},"modified":"2024-11-20T21:32:13","modified_gmt":"2024-11-21T00:32:13","slug":"bomba-de-palheta-em-aco-inox-9165s","status":"publish","type":"product","link":"https:\/\/totallubri.com.br\/?product=bomba-de-palheta-em-aco-inox-9165s","title":{"rendered":"BOMBA DE PALHETA EM A\u00c7O INOX \u2013 9165S-LUPUS"},"content":{"rendered":"<p>Carca\u00e7a em a\u00e7o inox, com v\u00e1lvula by-pass, para Arla32.<\/p>\n<p>Vaz\u00e3o livre 450 L\/min<br \/>\nPress\u00e3o m\u00e1xima de trabalho. 170 Psi<br \/>\nConex\u00e3o 2.1\/2&#8243;<br \/>\nRota\u00e7\u00e3o 400 a 650 R.p.m<br \/>\nPress\u00e3o de trabalho 90 psi<br \/>\nTemperatura m\u00e1xima de trabalho 115 C<br \/>\nSugest\u00e3o de motor 4 kw<\/p>\n<p>&nbsp;<\/p>\n<p>&nbsp;<\/p>\n","protected":false},"excerpt":{"rendered":"<p>Carca\u00e7a em a\u00e7o inox, com v\u00e1lvula by-pass, para Arla32. Vaz\u00e3o livre 450 L\/min Press\u00e3o m\u00e1xima de trabalho. 170 Psi Conex\u00e3o 2.1\/2&#8243; Rota\u00e7\u00e3o 400 a 650 R.p.m Press\u00e3o de trabalho 90 psi Temperatura m\u00e1xima de trabalho 115 C Sugest\u00e3o de motor 4 kw &nbsp; &nbsp;<\/p>\n","protected":false},"featured_media":7169,"comment_status":"open","ping_status":"closed","template":"","meta":{"_exactmetrics_skip_tracking":false,"_exactmetrics_sitenote_active":false,"_exactmetrics_sitenote_note":"","_exactmetrics_sitenote_category":0},"product_brand":[],"product_cat":[95],"product_tag":[],"class_list":{"0":"post-7168","1":"product","2":"type-product","3":"status-publish","4":"has-post-thumbnail","6":"product_cat-bomba-diafragma-palhetas-e-engrenagens","8":"first","9":"instock","10":"shipping-taxable","11":"product-type-simple"},"_links":{"self":[{"href":"https:\/\/totallubri.com.br\/index.php?rest_route=\/wp\/v2\/product\/7168","targetHints":{"allow":["GET"]}}],"collection":[{"href":"https:\/\/totallubri.com.br\/index.php?rest_route=\/wp\/v2\/product"}],"about":[{"href":"https:\/\/totallubri.com.br\/index.php?rest_route=\/wp\/v2\/types\/product"}],"replies":[{"embeddable":true,"href":"https:\/\/totallubri.com.br\/index.php?rest_route=%2Fwp%2Fv2%2Fcomments&post=7168"}],"wp:featuredmedia":[{"embeddable":true,"href":"https:\/\/totallubri.com.br\/index.php?rest_route=\/wp\/v2\/media\/7169"}],"wp:attachment":[{"href":"https:\/\/totallubri.com.br\/index.php?rest_route=%2Fwp%2Fv2%2Fmedia&parent=7168"}],"wp:term":[{"taxonomy":"product_brand","embeddable":true,"href":"https:\/\/totallubri.com.br\/index.php?rest_route=%2Fwp%2Fv2%2Fproduct_brand&post=7168"},{"taxonomy":"product_cat","embeddable":true,"href":"https:\/\/totallubri.com.br\/index.php?rest_route=%2Fwp%2Fv2%2Fproduct_cat&post=7168"},{"taxonomy":"product_tag","embeddable":true,"href":"https:\/\/totallubri.com.br\/index.php?rest_route=%2Fwp%2Fv2%2Fproduct_tag&post=7168"}],"curies":[{"name":"wp","href":"https:\/\/api.w.org\/{rel}","templated":true}]}}