{"id":7173,"date":"2018-05-21T17:45:29","date_gmt":"2018-05-21T20:45:29","guid":{"rendered":"http:\/\/totallubri.com.br\/?post_type=product&#038;p=7173"},"modified":"2024-11-25T12:08:19","modified_gmt":"2024-11-25T15:08:19","slug":"carretel-automatico-com-mangueira-3019","status":"publish","type":"product","link":"https:\/\/totallubri.com.br\/?product=carretel-automatico-com-mangueira-3019","title":{"rendered":"CARRETEL AUTOM\u00c1TICO COM MANGUEIRA \u2013 3019-LUPUS"},"content":{"rendered":"<p>Corpo em Abs, mangueira em poliuretano, com base simples e retra\u00e7\u00e3o autom\u00e1tica.montado com mangueira, indicado para ar comprimido.<\/p>\n<p>Press\u00e3o m\u00e1xima de trabalho 290 psi<br \/>\nConex\u00e3o de entrada conector para engate r\u00e1pido 1\/4&#8243;<br \/>\nConex\u00e3o de sa\u00edda . 1\/4&#8243; NPT<br \/>\nMangueira 15 mts I.D.8 mm O.D 12MM<\/p>\n<p>&nbsp;<\/p>\n<p>&nbsp;<\/p>\n","protected":false},"excerpt":{"rendered":"<p>Corpo em Abs, mangueira em poliuretano, com base simples e retra\u00e7\u00e3o autom\u00e1tica.montado com mangueira, indicado para ar comprimido. Press\u00e3o m\u00e1xima de trabalho 290 psi Conex\u00e3o de entrada conector para engate r\u00e1pido 1\/4&#8243; Conex\u00e3o de sa\u00edda . 1\/4&#8243; NPT Mangueira 15 mts I.D.8 mm O.D 12MM &nbsp; &nbsp;<\/p>\n","protected":false},"featured_media":7174,"comment_status":"open","ping_status":"closed","template":"","meta":{"_exactmetrics_skip_tracking":false,"_exactmetrics_sitenote_active":false,"_exactmetrics_sitenote_note":"","_exactmetrics_sitenote_category":0},"product_brand":[],"product_cat":[100],"product_tag":[],"class_list":{"0":"post-7173","1":"product","2":"type-product","3":"status-publish","4":"has-post-thumbnail","6":"product_cat-carretel-retratil","8":"first","9":"instock","10":"shipping-taxable","11":"product-type-simple"},"_links":{"self":[{"href":"https:\/\/totallubri.com.br\/index.php?rest_route=\/wp\/v2\/product\/7173","targetHints":{"allow":["GET"]}}],"collection":[{"href":"https:\/\/totallubri.com.br\/index.php?rest_route=\/wp\/v2\/product"}],"about":[{"href":"https:\/\/totallubri.com.br\/index.php?rest_route=\/wp\/v2\/types\/product"}],"replies":[{"embeddable":true,"href":"https:\/\/totallubri.com.br\/index.php?rest_route=%2Fwp%2Fv2%2Fcomments&post=7173"}],"wp:featuredmedia":[{"embeddable":true,"href":"https:\/\/totallubri.com.br\/index.php?rest_route=\/wp\/v2\/media\/7174"}],"wp:attachment":[{"href":"https:\/\/totallubri.com.br\/index.php?rest_route=%2Fwp%2Fv2%2Fmedia&parent=7173"}],"wp:term":[{"taxonomy":"product_brand","embeddable":true,"href":"https:\/\/totallubri.com.br\/index.php?rest_route=%2Fwp%2Fv2%2Fproduct_brand&post=7173"},{"taxonomy":"product_cat","embeddable":true,"href":"https:\/\/totallubri.com.br\/index.php?rest_route=%2Fwp%2Fv2%2Fproduct_cat&post=7173"},{"taxonomy":"product_tag","embeddable":true,"href":"https:\/\/totallubri.com.br\/index.php?rest_route=%2Fwp%2Fv2%2Fproduct_tag&post=7173"}],"curies":[{"name":"wp","href":"https:\/\/api.w.org\/{rel}","templated":true}]}}