{"id":7181,"date":"2018-05-21T17:58:57","date_gmt":"2018-05-21T20:58:57","guid":{"rendered":"http:\/\/totallubri.com.br\/?product=esponja-0365"},"modified":"2025-01-28T13:22:51","modified_gmt":"2025-01-28T16:22:51","slug":"esponja-0365","status":"publish","type":"product","link":"https:\/\/totallubri.com.br\/?product=esponja-0365","title":{"rendered":"ESPONJA \u2013 0365 \u2013 LUPUS"},"content":{"rendered":"<p>Em microfibra, com m\u00e9dia capacidade de absor\u00e7\u00e3o de \u00e1gua.Pode ser utilizada para limpeza de todas superf\u00edcies, inclusive as irregulares, ve\u00edculos , vidros\u00a0 e espelhos, sem riscar ou manchar a superf\u00edcie.<\/p>\n<p>Material &#8211; Microfibra<\/p>\n","protected":false},"excerpt":{"rendered":"<p>Em microfibra, com m\u00e9dia capacidade de absor\u00e7\u00e3o de \u00e1gua.Pode ser utilizada para limpeza de todas superf\u00edcies, inclusive as irregulares, ve\u00edculos , vidros\u00a0 e espelhos, sem riscar ou manchar a superf\u00edcie. Material &#8211; Microfibra<\/p>\n","protected":false},"featured_media":7183,"comment_status":"open","ping_status":"closed","template":"","meta":{"_exactmetrics_skip_tracking":false,"_exactmetrics_sitenote_active":false,"_exactmetrics_sitenote_note":"","_exactmetrics_sitenote_category":0},"product_brand":[],"product_cat":[60],"product_tag":[],"class_list":{"0":"post-7181","1":"product","2":"type-product","3":"status-publish","4":"has-post-thumbnail","6":"product_cat-equiptos-ppostos-de-abastecimento","8":"first","9":"instock","10":"shipping-taxable","11":"product-type-simple"},"_links":{"self":[{"href":"https:\/\/totallubri.com.br\/index.php?rest_route=\/wp\/v2\/product\/7181","targetHints":{"allow":["GET"]}}],"collection":[{"href":"https:\/\/totallubri.com.br\/index.php?rest_route=\/wp\/v2\/product"}],"about":[{"href":"https:\/\/totallubri.com.br\/index.php?rest_route=\/wp\/v2\/types\/product"}],"replies":[{"embeddable":true,"href":"https:\/\/totallubri.com.br\/index.php?rest_route=%2Fwp%2Fv2%2Fcomments&post=7181"}],"wp:featuredmedia":[{"embeddable":true,"href":"https:\/\/totallubri.com.br\/index.php?rest_route=\/wp\/v2\/media\/7183"}],"wp:attachment":[{"href":"https:\/\/totallubri.com.br\/index.php?rest_route=%2Fwp%2Fv2%2Fmedia&parent=7181"}],"wp:term":[{"taxonomy":"product_brand","embeddable":true,"href":"https:\/\/totallubri.com.br\/index.php?rest_route=%2Fwp%2Fv2%2Fproduct_brand&post=7181"},{"taxonomy":"product_cat","embeddable":true,"href":"https:\/\/totallubri.com.br\/index.php?rest_route=%2Fwp%2Fv2%2Fproduct_cat&post=7181"},{"taxonomy":"product_tag","embeddable":true,"href":"https:\/\/totallubri.com.br\/index.php?rest_route=%2Fwp%2Fv2%2Fproduct_tag&post=7181"}],"curies":[{"name":"wp","href":"https:\/\/api.w.org\/{rel}","templated":true}]}}