{"id":7186,"date":"2018-05-22T08:39:17","date_gmt":"2018-05-22T11:39:17","guid":{"rendered":"http:\/\/totallubri.com.br\/?post_type=product&#038;p=7186"},"modified":"2025-01-28T13:14:19","modified_gmt":"2025-01-28T16:14:19","slug":"toalha-magica-3d-0360","status":"publish","type":"product","link":"https:\/\/totallubri.com.br\/?product=toalha-magica-3d-0360","title":{"rendered":"TOALHA 3D ABSORVENTE PARA LIMPEZA \u2013 PVA \u2013 TAM. 600X430MM-LUPUS"},"content":{"rendered":"<p>Em PVA, seca at\u00e9 10 vezes mais que toalhas e panos comuns, devido a tecnologia de absor\u00e7\u00e3o 3D. Pode ser utilizada para secar todas superf\u00edcies, inclusive as mais delicadas.<\/p>\n<p>Material 100% PVA<\/p>\n","protected":false},"excerpt":{"rendered":"<p>Em PVA, seca at\u00e9 10 vezes mais que toalhas e panos comuns, devido a tecnologia de absor\u00e7\u00e3o 3D. Pode ser utilizada para secar todas superf\u00edcies, inclusive as mais delicadas. Material 100% PVA<\/p>\n","protected":false},"featured_media":7187,"comment_status":"open","ping_status":"closed","template":"","meta":{"_exactmetrics_skip_tracking":false,"_exactmetrics_sitenote_active":false,"_exactmetrics_sitenote_note":"","_exactmetrics_sitenote_category":0},"product_brand":[],"product_cat":[60],"product_tag":[],"class_list":{"0":"post-7186","1":"product","2":"type-product","3":"status-publish","4":"has-post-thumbnail","6":"product_cat-equiptos-ppostos-de-abastecimento","8":"first","9":"instock","10":"shipping-taxable","11":"product-type-simple"},"_links":{"self":[{"href":"https:\/\/totallubri.com.br\/index.php?rest_route=\/wp\/v2\/product\/7186","targetHints":{"allow":["GET"]}}],"collection":[{"href":"https:\/\/totallubri.com.br\/index.php?rest_route=\/wp\/v2\/product"}],"about":[{"href":"https:\/\/totallubri.com.br\/index.php?rest_route=\/wp\/v2\/types\/product"}],"replies":[{"embeddable":true,"href":"https:\/\/totallubri.com.br\/index.php?rest_route=%2Fwp%2Fv2%2Fcomments&post=7186"}],"wp:featuredmedia":[{"embeddable":true,"href":"https:\/\/totallubri.com.br\/index.php?rest_route=\/wp\/v2\/media\/7187"}],"wp:attachment":[{"href":"https:\/\/totallubri.com.br\/index.php?rest_route=%2Fwp%2Fv2%2Fmedia&parent=7186"}],"wp:term":[{"taxonomy":"product_brand","embeddable":true,"href":"https:\/\/totallubri.com.br\/index.php?rest_route=%2Fwp%2Fv2%2Fproduct_brand&post=7186"},{"taxonomy":"product_cat","embeddable":true,"href":"https:\/\/totallubri.com.br\/index.php?rest_route=%2Fwp%2Fv2%2Fproduct_cat&post=7186"},{"taxonomy":"product_tag","embeddable":true,"href":"https:\/\/totallubri.com.br\/index.php?rest_route=%2Fwp%2Fv2%2Fproduct_tag&post=7186"}],"curies":[{"name":"wp","href":"https:\/\/api.w.org\/{rel}","templated":true}]}}