{"id":7188,"date":"2018-05-22T08:45:05","date_gmt":"2018-05-22T11:45:05","guid":{"rendered":"http:\/\/totallubri.com.br\/?post_type=product&#038;p=7188"},"modified":"2025-01-28T13:13:04","modified_gmt":"2025-01-28T16:13:04","slug":"conjunto-de-toalhas-absorventes-0361","status":"publish","type":"product","link":"https:\/\/totallubri.com.br\/?product=conjunto-de-toalhas-absorventes-0361","title":{"rendered":"CONJUNTO DE TOALHAS ABSORVENTES- 0361-LUPUS"},"content":{"rendered":"<p>Em Poli\u00e9ster e poliamida, \u00f3tima absor\u00e7\u00e3o e limpeza. Pode ser utilizada para secar todas superf\u00edcies, inclusive as mais delicadas.<\/p>\n<p>Material 80% Poli\u00e9ster e 20% poliamida<\/p>\n<p>Cor &#8211; Rosa, azul e amarela<\/p>\n<p>Quantidade 03 unidades<\/p>\n","protected":false},"excerpt":{"rendered":"<p>Em Poli\u00e9ster e poliamida, \u00f3tima absor\u00e7\u00e3o e limpeza. Pode ser utilizada para secar todas superf\u00edcies, inclusive as mais delicadas. Material 80% Poli\u00e9ster e 20% poliamida Cor &#8211; Rosa, azul e amarela Quantidade 03 unidades<\/p>\n","protected":false},"featured_media":7189,"comment_status":"open","ping_status":"closed","template":"","meta":{"_exactmetrics_skip_tracking":false,"_exactmetrics_sitenote_active":false,"_exactmetrics_sitenote_note":"","_exactmetrics_sitenote_category":0},"product_brand":[],"product_cat":[60],"product_tag":[],"class_list":{"0":"post-7188","1":"product","2":"type-product","3":"status-publish","4":"has-post-thumbnail","6":"product_cat-equiptos-ppostos-de-abastecimento","8":"first","9":"instock","10":"shipping-taxable","11":"product-type-simple"},"_links":{"self":[{"href":"https:\/\/totallubri.com.br\/index.php?rest_route=\/wp\/v2\/product\/7188","targetHints":{"allow":["GET"]}}],"collection":[{"href":"https:\/\/totallubri.com.br\/index.php?rest_route=\/wp\/v2\/product"}],"about":[{"href":"https:\/\/totallubri.com.br\/index.php?rest_route=\/wp\/v2\/types\/product"}],"replies":[{"embeddable":true,"href":"https:\/\/totallubri.com.br\/index.php?rest_route=%2Fwp%2Fv2%2Fcomments&post=7188"}],"wp:featuredmedia":[{"embeddable":true,"href":"https:\/\/totallubri.com.br\/index.php?rest_route=\/wp\/v2\/media\/7189"}],"wp:attachment":[{"href":"https:\/\/totallubri.com.br\/index.php?rest_route=%2Fwp%2Fv2%2Fmedia&parent=7188"}],"wp:term":[{"taxonomy":"product_brand","embeddable":true,"href":"https:\/\/totallubri.com.br\/index.php?rest_route=%2Fwp%2Fv2%2Fproduct_brand&post=7188"},{"taxonomy":"product_cat","embeddable":true,"href":"https:\/\/totallubri.com.br\/index.php?rest_route=%2Fwp%2Fv2%2Fproduct_cat&post=7188"},{"taxonomy":"product_tag","embeddable":true,"href":"https:\/\/totallubri.com.br\/index.php?rest_route=%2Fwp%2Fv2%2Fproduct_tag&post=7188"}],"curies":[{"name":"wp","href":"https:\/\/api.w.org\/{rel}","templated":true}]}}