{"id":7196,"date":"2018-05-22T08:56:43","date_gmt":"2018-05-22T11:56:43","guid":{"rendered":"http:\/\/totallubri.com.br\/?product=rodo-cabo-longo-0381"},"modified":"2025-01-28T13:08:20","modified_gmt":"2025-01-28T16:08:20","slug":"rodo-cabo-longo-0381","status":"publish","type":"product","link":"https:\/\/totallubri.com.br\/?product=rodo-cabo-longo-0381","title":{"rendered":"RODO CABO LONGO \u2013 0381-LUPUS"},"content":{"rendered":"<p>Corpo em polipropileno, cabo em alum\u00ednio, com esponja e raspador em borracha, ideal para lavagem e limpeza de vidros, para brisas, com esponja para lavagem e membrana para remo\u00e7\u00e3o de \u00e1gua e espumas.<\/p>\n<p>Material . corpo em PP, membrana em borracha e cabo em alum\u00ednio<\/p>\n<p>Cor. Amarelo<\/p>\n","protected":false},"excerpt":{"rendered":"<p>Corpo em polipropileno, cabo em alum\u00ednio, com esponja e raspador em borracha, ideal para lavagem e limpeza de vidros, para brisas, com esponja para lavagem e membrana para remo\u00e7\u00e3o de \u00e1gua e espumas. Material . corpo em PP, membrana em borracha e cabo em alum\u00ednio Cor. Amarelo<\/p>\n","protected":false},"featured_media":7197,"comment_status":"open","ping_status":"closed","template":"","meta":{"_exactmetrics_skip_tracking":false,"_exactmetrics_sitenote_active":false,"_exactmetrics_sitenote_note":"","_exactmetrics_sitenote_category":0},"product_brand":[],"product_cat":[60],"product_tag":[],"class_list":{"0":"post-7196","1":"product","2":"type-product","3":"status-publish","4":"has-post-thumbnail","6":"product_cat-equiptos-ppostos-de-abastecimento","8":"first","9":"instock","10":"shipping-taxable","11":"product-type-simple"},"_links":{"self":[{"href":"https:\/\/totallubri.com.br\/index.php?rest_route=\/wp\/v2\/product\/7196","targetHints":{"allow":["GET"]}}],"collection":[{"href":"https:\/\/totallubri.com.br\/index.php?rest_route=\/wp\/v2\/product"}],"about":[{"href":"https:\/\/totallubri.com.br\/index.php?rest_route=\/wp\/v2\/types\/product"}],"replies":[{"embeddable":true,"href":"https:\/\/totallubri.com.br\/index.php?rest_route=%2Fwp%2Fv2%2Fcomments&post=7196"}],"wp:featuredmedia":[{"embeddable":true,"href":"https:\/\/totallubri.com.br\/index.php?rest_route=\/wp\/v2\/media\/7197"}],"wp:attachment":[{"href":"https:\/\/totallubri.com.br\/index.php?rest_route=%2Fwp%2Fv2%2Fmedia&parent=7196"}],"wp:term":[{"taxonomy":"product_brand","embeddable":true,"href":"https:\/\/totallubri.com.br\/index.php?rest_route=%2Fwp%2Fv2%2Fproduct_brand&post=7196"},{"taxonomy":"product_cat","embeddable":true,"href":"https:\/\/totallubri.com.br\/index.php?rest_route=%2Fwp%2Fv2%2Fproduct_cat&post=7196"},{"taxonomy":"product_tag","embeddable":true,"href":"https:\/\/totallubri.com.br\/index.php?rest_route=%2Fwp%2Fv2%2Fproduct_tag&post=7196"}],"curies":[{"name":"wp","href":"https:\/\/api.w.org\/{rel}","templated":true}]}}