{"id":7213,"date":"2018-05-22T09:22:18","date_gmt":"2018-05-22T12:22:18","guid":{"rendered":"http:\/\/totallubri.com.br\/?post_type=product&#038;p=7213"},"modified":"2024-11-20T16:34:52","modified_gmt":"2024-11-20T19:34:52","slug":"bomba-de-rotor-flexivel-9350","status":"publish","type":"product","link":"https:\/\/totallubri.com.br\/?product=bomba-de-rotor-flexivel-9350","title":{"rendered":"BOMBA DE ROTOR FLEX\u00cdVEL \u2013 9350-LUPUS"},"content":{"rendered":"<p>Rotor flex\u00edvel, possui alto n\u00edvel de confiabilidade.Equipamento ideal para trabalhos com \u00e1gua doce e salgada. Autoescorvante, pode trabalhar continuamente sob determinadas condi\u00e7\u00f5es, pois, seu rotor flex\u00edvel permite\u00a0 a passagem de algumas\u00a0 part\u00edculas s\u00f3lidas, sem causar danos internos a bomba.Proibido trabalhar a seco.<\/p>\n<p>Alimenta\u00e7\u00e3o el\u00e9trica &#8211;\u00a0 12 Vdc<br \/>\nM\u00e1xima corrente &#8211; 13A<br \/>\nUsar fus\u00edvel 15A<br \/>\nVaz\u00e3o 32 L\/min<br \/>\nPress\u00e3o 14,5 psi<br \/>\nConex\u00e3o 1\/2&#8243; BSP (f)<\/p>\n<p>&nbsp;<\/p>\n<p>&nbsp;<\/p>\n<p>&nbsp;<\/p>\n","protected":false},"excerpt":{"rendered":"<p>Rotor flex\u00edvel, possui alto n\u00edvel de confiabilidade.Equipamento ideal para trabalhos com \u00e1gua doce e salgada. Autoescorvante, pode trabalhar continuamente sob determinadas condi\u00e7\u00f5es, pois, seu rotor flex\u00edvel permite\u00a0 a passagem de algumas\u00a0 part\u00edculas s\u00f3lidas, sem causar danos internos a bomba.Proibido trabalhar a seco. Alimenta\u00e7\u00e3o el\u00e9trica &#8211;\u00a0 12 Vdc M\u00e1xima corrente &#8211; 13A Usar fus\u00edvel 15A Vaz\u00e3o [&hellip;]<\/p>\n","protected":false},"featured_media":7215,"comment_status":"open","ping_status":"closed","template":"","meta":{"_exactmetrics_skip_tracking":false,"_exactmetrics_sitenote_active":false,"_exactmetrics_sitenote_note":"","_exactmetrics_sitenote_category":0},"product_brand":[],"product_cat":[94],"product_tag":[],"class_list":{"0":"post-7213","1":"product","2":"type-product","3":"status-publish","4":"has-post-thumbnail","6":"product_cat-bombas-centrifuga-pneumaticas-e-hidraulicas","8":"first","9":"instock","10":"shipping-taxable","11":"product-type-simple"},"_links":{"self":[{"href":"https:\/\/totallubri.com.br\/index.php?rest_route=\/wp\/v2\/product\/7213","targetHints":{"allow":["GET"]}}],"collection":[{"href":"https:\/\/totallubri.com.br\/index.php?rest_route=\/wp\/v2\/product"}],"about":[{"href":"https:\/\/totallubri.com.br\/index.php?rest_route=\/wp\/v2\/types\/product"}],"replies":[{"embeddable":true,"href":"https:\/\/totallubri.com.br\/index.php?rest_route=%2Fwp%2Fv2%2Fcomments&post=7213"}],"wp:featuredmedia":[{"embeddable":true,"href":"https:\/\/totallubri.com.br\/index.php?rest_route=\/wp\/v2\/media\/7215"}],"wp:attachment":[{"href":"https:\/\/totallubri.com.br\/index.php?rest_route=%2Fwp%2Fv2%2Fmedia&parent=7213"}],"wp:term":[{"taxonomy":"product_brand","embeddable":true,"href":"https:\/\/totallubri.com.br\/index.php?rest_route=%2Fwp%2Fv2%2Fproduct_brand&post=7213"},{"taxonomy":"product_cat","embeddable":true,"href":"https:\/\/totallubri.com.br\/index.php?rest_route=%2Fwp%2Fv2%2Fproduct_cat&post=7213"},{"taxonomy":"product_tag","embeddable":true,"href":"https:\/\/totallubri.com.br\/index.php?rest_route=%2Fwp%2Fv2%2Fproduct_tag&post=7213"}],"curies":[{"name":"wp","href":"https:\/\/api.w.org\/{rel}","templated":true}]}}