{"id":7223,"date":"2018-05-22T09:34:35","date_gmt":"2018-05-22T12:34:35","guid":{"rendered":"http:\/\/totallubri.com.br\/?post_type=product&#038;p=7223"},"modified":"2025-04-29T14:10:16","modified_gmt":"2025-04-29T17:10:16","slug":"visor-de-fluxo-br-sg-0750","status":"publish","type":"product","link":"https:\/\/totallubri.com.br\/?product=visor-de-fluxo-br-sg-0750","title":{"rendered":"VISOR DE FLUXO BR-SG-0750 \u2013 LUPUS"},"content":{"rendered":"<p>Design moderno, leve e robusto ao mesmo tempo, facilita a visualiza\u00e7\u00e3o do fluxo de combust\u00edvel que est\u00e1 abastecendo o ve\u00edculo, harmoniza perfeitamente o conjunto bico, junta girat\u00f3ria e mangueira.<\/p>\n<p>Material. Alum\u00ednio<br \/>\nConex\u00e3o de entrada e sa\u00edda 3\/4&#8243;<\/p>\n","protected":false},"excerpt":{"rendered":"<p>Design moderno, leve e robusto ao mesmo tempo, facilita a visualiza\u00e7\u00e3o do fluxo de combust\u00edvel que est\u00e1 abastecendo o ve\u00edculo, harmoniza perfeitamente o conjunto bico, junta girat\u00f3ria e mangueira. Material. Alum\u00ednio Conex\u00e3o de entrada e sa\u00edda 3\/4&#8243;<\/p>\n","protected":false},"featured_media":7224,"comment_status":"open","ping_status":"closed","template":"","meta":{"_exactmetrics_skip_tracking":false,"_exactmetrics_sitenote_active":false,"_exactmetrics_sitenote_note":"","_exactmetrics_sitenote_category":0},"product_brand":[],"product_cat":[129],"product_tag":[],"class_list":{"0":"post-7223","1":"product","2":"type-product","3":"status-publish","4":"has-post-thumbnail","6":"product_cat-tampa-camlock-para-acoplador-e-adaptador","8":"first","9":"instock","10":"shipping-taxable","11":"product-type-simple"},"_links":{"self":[{"href":"https:\/\/totallubri.com.br\/index.php?rest_route=\/wp\/v2\/product\/7223","targetHints":{"allow":["GET"]}}],"collection":[{"href":"https:\/\/totallubri.com.br\/index.php?rest_route=\/wp\/v2\/product"}],"about":[{"href":"https:\/\/totallubri.com.br\/index.php?rest_route=\/wp\/v2\/types\/product"}],"replies":[{"embeddable":true,"href":"https:\/\/totallubri.com.br\/index.php?rest_route=%2Fwp%2Fv2%2Fcomments&post=7223"}],"wp:featuredmedia":[{"embeddable":true,"href":"https:\/\/totallubri.com.br\/index.php?rest_route=\/wp\/v2\/media\/7224"}],"wp:attachment":[{"href":"https:\/\/totallubri.com.br\/index.php?rest_route=%2Fwp%2Fv2%2Fmedia&parent=7223"}],"wp:term":[{"taxonomy":"product_brand","embeddable":true,"href":"https:\/\/totallubri.com.br\/index.php?rest_route=%2Fwp%2Fv2%2Fproduct_brand&post=7223"},{"taxonomy":"product_cat","embeddable":true,"href":"https:\/\/totallubri.com.br\/index.php?rest_route=%2Fwp%2Fv2%2Fproduct_cat&post=7223"},{"taxonomy":"product_tag","embeddable":true,"href":"https:\/\/totallubri.com.br\/index.php?rest_route=%2Fwp%2Fv2%2Fproduct_tag&post=7223"}],"curies":[{"name":"wp","href":"https:\/\/api.w.org\/{rel}","templated":true}]}}